{"id":149350,"date":"2025-12-18T02:51:47","date_gmt":"2025-12-17T23:51:47","guid":{"rendered":"https:\/\/baldumarket.lt\/?post_type=product&#038;p=149350"},"modified":"2026-02-04T10:01:20","modified_gmt":"2026-02-04T07:01:20","slug":"sofa-canto-160-gr1","status":"publish","type":"product","link":"https:\/\/baldumarket.lt\/lt\/product\/sofa-canto-160-gr1\/","title":{"rendered":"\u201eCanto 160 Gr1\u201c sofa"},"content":{"rendered":"<h5><span style=\"color: #54859b\">Apsilankykite m\u016bs\u0173 virtualioje WERSAL prek\u0117s \u017eenklo parduotuv\u0117je<\/span><\/h5>\n<p> <a href=\"https:\/\/my.matterport.com\/show\/?m=SjRhosZFbQJ\" target=\"_blank\" rel=\"noopener\"><span style=\"color: #e47025\">https:\/\/my.matterport.com\/<\/span><\/a><\/p>\n<p>\u201eCanto 160\u201c sofa \u2013 tai tobulas modernios estetikos, funkcionalumo ir komforto derinys. Minimalistinis dizainas puikiai tinka bet kokiam interjerui \u2013 nuo erdvios svetain\u0117s iki sve\u010di\u0173 ar jaunimo kambario. Mading\u0173 audini\u0173, toki\u0173 kaip bukl\u0117 ar pinti audiniai, pasirinkimas leid\u017eia pritaikyti sof\u0105 prie dabartini\u0173 tendencij\u0173.<\/p>","protected":false},"excerpt":{"rendered":"<p>Plotis: 218 cm<br \/>\nGylis: 106 cm<br \/>\nAuk\u0161tis: 82 cm<br \/>\nS\u0117dyn\u0117s auk\u0161tis: 44 cm<br \/>\nKojos auk\u0161tis: 8 cm<br \/>\nKoj\u0173 spalva: juoda<br \/>\nKojeli\u0173 med\u017eiaga: plastikas<br \/>\nSvoris: 111 kg<\/p>","protected":false},"featured_media":149423,"comment_status":"open","ping_status":"closed","template":"","meta":[],"product_brand":[],"product_cat":[9388,560,4104],"product_tag":[],"class_list":{"0":"post-149350","1":"product","2":"type-product","3":"status-publish","4":"has-post-thumbnail","6":"product_cat-upholstered-furniture-young-wersal","7":"product_cat-sofas-and-couches","8":"product_cat-wersal","10":"first","11":"instock","12":"shipping-taxable","13":"purchasable","14":"product-type-variable","15":"wvs-archive-product-wrapper"},"_links":{"self":[{"href":"https:\/\/baldumarket.lt\/lt\/wp-json\/wp\/v2\/product\/149350","targetHints":{"allow":["GET"]}}],"collection":[{"href":"https:\/\/baldumarket.lt\/lt\/wp-json\/wp\/v2\/product"}],"about":[{"href":"https:\/\/baldumarket.lt\/lt\/wp-json\/wp\/v2\/types\/product"}],"replies":[{"embeddable":true,"href":"https:\/\/baldumarket.lt\/lt\/wp-json\/wp\/v2\/comments?post=149350"}],"wp:featuredmedia":[{"embeddable":true,"href":"https:\/\/baldumarket.lt\/lt\/wp-json\/wp\/v2\/media\/149423"}],"wp:attachment":[{"href":"https:\/\/baldumarket.lt\/lt\/wp-json\/wp\/v2\/media?parent=149350"}],"wp:term":[{"taxonomy":"product_brand","embeddable":true,"href":"https:\/\/baldumarket.lt\/lt\/wp-json\/wp\/v2\/product_brand?post=149350"},{"taxonomy":"product_cat","embeddable":true,"href":"https:\/\/baldumarket.lt\/lt\/wp-json\/wp\/v2\/product_cat?post=149350"},{"taxonomy":"product_tag","embeddable":true,"href":"https:\/\/baldumarket.lt\/lt\/wp-json\/wp\/v2\/product_tag?post=149350"}],"curies":[{"name":"wp","href":"https:\/\/api.w.org\/{rel}","templated":true}]}}