{"id":149338,"date":"2025-12-18T02:50:41","date_gmt":"2025-12-17T23:50:41","guid":{"rendered":"https:\/\/baldumarket.lt\/?post_type=product&#038;p=149338"},"modified":"2026-02-04T10:01:20","modified_gmt":"2026-02-04T07:01:20","slug":"sofa-capri-120-gr1","status":"publish","type":"product","link":"https:\/\/baldumarket.lt\/lt\/product\/sofa-capri-120-gr1\/","title":{"rendered":"Sofa Capri 120 Gr1"},"content":{"rendered":"<h5><span style=\"color: #54859b\">Apsilankykite m\u016bs\u0173 virtualioje WERSAL prek\u0117s \u017eenklo parduotuv\u0117je<\/span><\/h5>\n<p> <a href=\"https:\/\/my.matterport.com\/show\/?m=SjRhosZFbQJ\" target=\"_blank\" rel=\"noopener\"><span style=\"color: #e47025\">https:\/\/my.matterport.com\/<\/span><\/a><\/p>\n<p>\u201eCapri 120\u201c sofa \u2013 tai modernus ir funkcionalus modelis, skirtas vartotojams, vertinantiems komfort\u0105 ir auk\u0161t\u0105 meistri\u0161kumo kokyb\u0119. D\u0117l i\u0161lankstomos sistemos itali\u0161ka \u201eRapid\u201c sofa per kelias sekundes transformuojasi \u012f patogi\u0105 120 x 190 cm lov\u0105 su 12 cm \u010diu\u017einiu, u\u017etikrinant komfort\u0105, prilygstant\u012f miegamojo lovai. Minimalistinis dizainas, stabilus r\u0117mas ir platus audini\u0173 pasirinkimas daro j\u0105 puikiu papildymu svetain\u0117je, sve\u010di\u0173 kambaryje ar jaunimo kambaryje.<\/p>","protected":false},"excerpt":{"rendered":"<p>Plotis: 183 cm<br \/>\nGylis: 99 cm<br \/>\nAuk\u0161tis: 82 cm<br \/>\nS\u0117dyn\u0117s auk\u0161tis: 44 cm<br \/>\nKojos auk\u0161tis: 8 cm<br \/>\nKoj\u0173 spalva: juoda<br \/>\nKojeli\u0173 med\u017eiaga: plastikas<br \/>\nSvoris: 99 kg<\/p>","protected":false},"featured_media":149413,"comment_status":"open","ping_status":"closed","template":"","meta":[],"product_brand":[],"product_cat":[9388,560,4104],"product_tag":[],"class_list":{"0":"post-149338","1":"product","2":"type-product","3":"status-publish","4":"has-post-thumbnail","6":"product_cat-upholstered-furniture-young-wersal","7":"product_cat-sofas-and-couches","8":"product_cat-wersal","10":"first","11":"instock","12":"shipping-taxable","13":"purchasable","14":"product-type-variable","15":"wvs-archive-product-wrapper"},"_links":{"self":[{"href":"https:\/\/baldumarket.lt\/lt\/wp-json\/wp\/v2\/product\/149338","targetHints":{"allow":["GET"]}}],"collection":[{"href":"https:\/\/baldumarket.lt\/lt\/wp-json\/wp\/v2\/product"}],"about":[{"href":"https:\/\/baldumarket.lt\/lt\/wp-json\/wp\/v2\/types\/product"}],"replies":[{"embeddable":true,"href":"https:\/\/baldumarket.lt\/lt\/wp-json\/wp\/v2\/comments?post=149338"}],"wp:featuredmedia":[{"embeddable":true,"href":"https:\/\/baldumarket.lt\/lt\/wp-json\/wp\/v2\/media\/149413"}],"wp:attachment":[{"href":"https:\/\/baldumarket.lt\/lt\/wp-json\/wp\/v2\/media?parent=149338"}],"wp:term":[{"taxonomy":"product_brand","embeddable":true,"href":"https:\/\/baldumarket.lt\/lt\/wp-json\/wp\/v2\/product_brand?post=149338"},{"taxonomy":"product_cat","embeddable":true,"href":"https:\/\/baldumarket.lt\/lt\/wp-json\/wp\/v2\/product_cat?post=149338"},{"taxonomy":"product_tag","embeddable":true,"href":"https:\/\/baldumarket.lt\/lt\/wp-json\/wp\/v2\/product_tag?post=149338"}],"curies":[{"name":"wp","href":"https:\/\/api.w.org\/{rel}","templated":true}]}}