{"id":149305,"date":"2025-12-18T02:48:00","date_gmt":"2025-12-17T23:48:00","guid":{"rendered":"https:\/\/baldumarket.lt\/?post_type=product&#038;p=149305"},"modified":"2026-02-04T10:01:12","modified_gmt":"2026-02-04T07:01:12","slug":"sofa-gandi-140-gr1","status":"publish","type":"product","link":"https:\/\/baldumarket.lt\/lt\/product\/sofa-gandi-140-gr1\/","title":{"rendered":"Sofa \u201eGandi 140 Gr1\u201c"},"content":{"rendered":"<h5><span style=\"color: #54859b\">Apsilankykite m\u016bs\u0173 virtualioje WERSAL prek\u0117s \u017eenklo parduotuv\u0117je<\/span><\/h5>\n<p> <a href=\"https:\/\/my.matterport.com\/show\/?m=SjRhosZFbQJ\" target=\"_blank\" rel=\"noopener\"><span style=\"color: #e47025\">https:\/\/my.matterport.com\/<\/span><\/a><\/p>\n<p>\u201eGandi\u201c sofa \u2013 tai eleganti\u0161kas, modernus modelis, kuriame dera minimalistin\u0117 forma ir auk\u0161tas funkcionalumas. Rafinuotos si\u016bl\u0117s, kokybi\u0161kas meistri\u0161kumas ir itali\u0161ko stiliaus sulankstymo sistema puikiai tinka tiek svetainei, tiek sve\u010di\u0173 kambariui, u\u017etikrindama patog\u0173 mieg\u0105 ir kasdien\u012f poils\u012f.<\/p>","protected":false},"excerpt":{"rendered":"<p>Plotis: 207 cm<br \/>\nGylis: 102 cm<br \/>\nAuk\u0161tis: 78 cm<br \/>\nS\u0117dyn\u0117s auk\u0161tis: 49 cm<br \/>\nKojos auk\u0161tis: 13 cm<br \/>\nKoj\u0173 spalva: juoda<br \/>\nKojeli\u0173 med\u017eiaga: metalas<br \/>\nSvoris: 119 kg<\/p>","protected":false},"featured_media":149370,"comment_status":"open","ping_status":"closed","template":"","meta":[],"product_brand":[],"product_cat":[9388,560,4104],"product_tag":[],"class_list":{"0":"post-149305","1":"product","2":"type-product","3":"status-publish","4":"has-post-thumbnail","6":"product_cat-upholstered-furniture-young-wersal","7":"product_cat-sofas-and-couches","8":"product_cat-wersal","10":"first","11":"instock","12":"shipping-taxable","13":"purchasable","14":"product-type-variable","15":"wvs-archive-product-wrapper"},"_links":{"self":[{"href":"https:\/\/baldumarket.lt\/lt\/wp-json\/wp\/v2\/product\/149305","targetHints":{"allow":["GET"]}}],"collection":[{"href":"https:\/\/baldumarket.lt\/lt\/wp-json\/wp\/v2\/product"}],"about":[{"href":"https:\/\/baldumarket.lt\/lt\/wp-json\/wp\/v2\/types\/product"}],"replies":[{"embeddable":true,"href":"https:\/\/baldumarket.lt\/lt\/wp-json\/wp\/v2\/comments?post=149305"}],"wp:featuredmedia":[{"embeddable":true,"href":"https:\/\/baldumarket.lt\/lt\/wp-json\/wp\/v2\/media\/149370"}],"wp:attachment":[{"href":"https:\/\/baldumarket.lt\/lt\/wp-json\/wp\/v2\/media?parent=149305"}],"wp:term":[{"taxonomy":"product_brand","embeddable":true,"href":"https:\/\/baldumarket.lt\/lt\/wp-json\/wp\/v2\/product_brand?post=149305"},{"taxonomy":"product_cat","embeddable":true,"href":"https:\/\/baldumarket.lt\/lt\/wp-json\/wp\/v2\/product_cat?post=149305"},{"taxonomy":"product_tag","embeddable":true,"href":"https:\/\/baldumarket.lt\/lt\/wp-json\/wp\/v2\/product_tag?post=149305"}],"curies":[{"name":"wp","href":"https:\/\/api.w.org\/{rel}","templated":true}]}}