{"id":149289,"date":"2025-12-18T02:46:39","date_gmt":"2025-12-17T23:46:39","guid":{"rendered":"https:\/\/baldumarket.lt\/?post_type=product&#038;p=149289"},"modified":"2026-02-04T10:01:12","modified_gmt":"2026-02-04T07:01:12","slug":"sofa-glossy-gr1","status":"publish","type":"product","link":"https:\/\/baldumarket.lt\/lt\/product\/sofa-glossy-gr1\/","title":{"rendered":"Blizgi Gr1 sofa"},"content":{"rendered":"<h5><span style=\"color: #54859b\">Apsilankykite m\u016bs\u0173 virtualioje WERSAL prek\u0117s \u017eenklo parduotuv\u0117je<\/span><\/h5>\n<p> <a href=\"https:\/\/my.matterport.com\/show\/?m=SjRhosZFbQJ\" target=\"_blank\" rel=\"noopener\"><span style=\"color: #e47025\">https:\/\/my.matterport.com\/<\/span><\/a><\/p>\n<p>Glossy sofa \u2013 tai modernus, eleganti\u0161kas modelis, kuriame dera minimalistinis dizainas, subtil\u016bs dygsniai ir auk\u0161tas funkcionalumas. D\u0117l automatin\u0117s DL sulankstymo sistemos, didel\u0117s miegojimo vietos ir patalyn\u0117s skyriaus ji puikiai tiks tiek svetain\u0117je, tiek sve\u010di\u0173 kambaryje.<\/p>","protected":false},"excerpt":{"rendered":"<p>Plotis: 223 cm<br \/>\nGylis: 107 cm<br \/>\nAuk\u0161tis: 89 cm<br \/>\nS\u0117dyn\u0117s auk\u0161tis: 47 cm<br \/>\nKojos auk\u0161tis: 17 cm<br \/>\nKoj\u0173 spalva: juoda<br \/>\nKojeli\u0173 med\u017eiaga: metalas<br \/>\nKonteinerio matmenys: 191 x 65 x 13 cm<br \/>\nSvoris: 81 kg<\/p>","protected":false},"featured_media":149352,"comment_status":"open","ping_status":"closed","template":"","meta":[],"product_brand":[],"product_cat":[9388,560,4104],"product_tag":[],"class_list":{"0":"post-149289","1":"product","2":"type-product","3":"status-publish","4":"has-post-thumbnail","6":"product_cat-upholstered-furniture-young-wersal","7":"product_cat-sofas-and-couches","8":"product_cat-wersal","10":"first","11":"instock","12":"shipping-taxable","13":"purchasable","14":"product-type-variable","15":"wvs-archive-product-wrapper"},"_links":{"self":[{"href":"https:\/\/baldumarket.lt\/lt\/wp-json\/wp\/v2\/product\/149289","targetHints":{"allow":["GET"]}}],"collection":[{"href":"https:\/\/baldumarket.lt\/lt\/wp-json\/wp\/v2\/product"}],"about":[{"href":"https:\/\/baldumarket.lt\/lt\/wp-json\/wp\/v2\/types\/product"}],"replies":[{"embeddable":true,"href":"https:\/\/baldumarket.lt\/lt\/wp-json\/wp\/v2\/comments?post=149289"}],"wp:featuredmedia":[{"embeddable":true,"href":"https:\/\/baldumarket.lt\/lt\/wp-json\/wp\/v2\/media\/149352"}],"wp:attachment":[{"href":"https:\/\/baldumarket.lt\/lt\/wp-json\/wp\/v2\/media?parent=149289"}],"wp:term":[{"taxonomy":"product_brand","embeddable":true,"href":"https:\/\/baldumarket.lt\/lt\/wp-json\/wp\/v2\/product_brand?post=149289"},{"taxonomy":"product_cat","embeddable":true,"href":"https:\/\/baldumarket.lt\/lt\/wp-json\/wp\/v2\/product_cat?post=149289"},{"taxonomy":"product_tag","embeddable":true,"href":"https:\/\/baldumarket.lt\/lt\/wp-json\/wp\/v2\/product_tag?post=149289"}],"curies":[{"name":"wp","href":"https:\/\/api.w.org\/{rel}","templated":true}]}}