{"id":149271,"date":"2025-12-18T02:44:53","date_gmt":"2025-12-17T23:44:53","guid":{"rendered":"https:\/\/baldumarket.lt\/?post_type=product&#038;p=149271"},"modified":"2026-02-04T10:01:12","modified_gmt":"2026-02-04T07:01:12","slug":"sofa-solano-gr1","status":"publish","type":"product","link":"https:\/\/baldumarket.lt\/lt\/product\/sofa-solano-gr1\/","title":{"rendered":"Solano Gr1 sofa"},"content":{"rendered":"<h5><span style=\"color: #54859b\">Apsilankykite m\u016bs\u0173 virtualioje WERSAL prek\u0117s \u017eenklo parduotuv\u0117je<\/span><\/h5>\n<p> <a href=\"https:\/\/my.matterport.com\/show\/?m=SjRhosZFbQJ\" target=\"_blank\" rel=\"noopener\"><span style=\"color: #e47025\">https:\/\/my.matterport.com\/<\/span><\/a><\/p>\n<p>\u201eSolano\u201c sofa apjungia elegancij\u0105, modern\u0173 stili\u0173 ir visi\u0161k\u0105 funkcionalum\u0105. Plona, \u200b\u200b230 cm plo\u010dio forma, subtilus dygsniavimas, apmu\u0161tas atlo\u0161as ir auk\u0161tos 16 cm kojel\u0117s sukuria jaukumo ir erdvumo poj\u016bt\u012f. DL automatin\u0117 miegojimo funkcija su 144 x 192 cm pavir\u0161iaus plotu ir patalyn\u0117s skyriumi paver\u010dia \u201eSolano\u201c prakti\u0161ku pasirinkimu kasdieniam naudojimui.<\/p>","protected":false},"excerpt":{"rendered":"<p>Plotis: 230 cm<br \/>\nGylis: 107 cm<br \/>\nAuk\u0161tis: 85 cm<br \/>\nS\u0117dyn\u0117s auk\u0161tis: 46 cm<br \/>\nKojos auk\u0161tis: 16 cm<br \/>\nKoj\u0173 spalva: juoda<br \/>\nKoj\u0173 med\u017eiaga: mediena<br \/>\nKonteinerio matmenys: 187 x 62 x 15 cm<br \/>\nSvoris: 86 kg<\/p>","protected":false},"featured_media":149332,"comment_status":"open","ping_status":"closed","template":"","meta":[],"product_brand":[],"product_cat":[9388,560,4104],"product_tag":[],"class_list":{"0":"post-149271","1":"product","2":"type-product","3":"status-publish","4":"has-post-thumbnail","6":"product_cat-upholstered-furniture-young-wersal","7":"product_cat-sofas-and-couches","8":"product_cat-wersal","10":"first","11":"instock","12":"shipping-taxable","13":"purchasable","14":"product-type-variable","15":"wvs-archive-product-wrapper"},"_links":{"self":[{"href":"https:\/\/baldumarket.lt\/lt\/wp-json\/wp\/v2\/product\/149271","targetHints":{"allow":["GET"]}}],"collection":[{"href":"https:\/\/baldumarket.lt\/lt\/wp-json\/wp\/v2\/product"}],"about":[{"href":"https:\/\/baldumarket.lt\/lt\/wp-json\/wp\/v2\/types\/product"}],"replies":[{"embeddable":true,"href":"https:\/\/baldumarket.lt\/lt\/wp-json\/wp\/v2\/comments?post=149271"}],"wp:featuredmedia":[{"embeddable":true,"href":"https:\/\/baldumarket.lt\/lt\/wp-json\/wp\/v2\/media\/149332"}],"wp:attachment":[{"href":"https:\/\/baldumarket.lt\/lt\/wp-json\/wp\/v2\/media?parent=149271"}],"wp:term":[{"taxonomy":"product_brand","embeddable":true,"href":"https:\/\/baldumarket.lt\/lt\/wp-json\/wp\/v2\/product_brand?post=149271"},{"taxonomy":"product_cat","embeddable":true,"href":"https:\/\/baldumarket.lt\/lt\/wp-json\/wp\/v2\/product_cat?post=149271"},{"taxonomy":"product_tag","embeddable":true,"href":"https:\/\/baldumarket.lt\/lt\/wp-json\/wp\/v2\/product_tag?post=149271"}],"curies":[{"name":"wp","href":"https:\/\/api.w.org\/{rel}","templated":true}]}}