{"id":149261,"date":"2025-12-18T02:44:02","date_gmt":"2025-12-17T23:44:02","guid":{"rendered":"https:\/\/baldumarket.lt\/?post_type=product&#038;p=149261"},"modified":"2026-02-04T10:01:12","modified_gmt":"2026-02-04T07:01:12","slug":"sofa-gappa-2-gr1","status":"publish","type":"product","link":"https:\/\/baldumarket.lt\/lt\/product\/sofa-gappa-2-gr1\/","title":{"rendered":"Sofa-lova \u201eGappa 2 Gr1\u201c"},"content":{"rendered":"<h5><span style=\"color: #54859b\">Apsilankykite m\u016bs\u0173 virtualioje WERSAL prek\u0117s \u017eenklo parduotuv\u0117je<\/span><\/h5>\n<p> <a href=\"https:\/\/my.matterport.com\/show\/?m=SjRhosZFbQJ\" target=\"_blank\" rel=\"noopener\"><span style=\"color: #e47025\">https:\/\/my.matterport.com\/<\/span><\/a><\/p>\n<p>I\u0161skirtin\u0117s \u201eEllegance\u201c kolekcijos \u201eGappa 2\u201c sofa derina moderni\u0105 estetik\u0105, \u0161velnias linijas ir tobulai i\u0161lenktas formas. Eleganti\u0161kos si\u016bl\u0117s ir dekoratyvin\u0117s rai\u0161tel\u0117s suteikia jai prabangos \u012fsp\u016bd\u012f, o auk\u0161tos 15,5 cm kojel\u0117s pabr\u0117\u017eia formos lengvum\u0105 ir palengvina valym\u0105. Patogum\u0105 u\u017etikrina didelio elastingumo putplastis ir vingiuotos spyruokl\u0117s, u\u017etikrinan\u010dios stabili\u0105 ir patogi\u0105 atram\u0105 kasdieniam naudojimui. Platus audini\u0173 \u2013 bukl\u0117, pinto, megzto, p\u016bkinio ir aksominio \u2013 pasirinkimas leid\u017eia \u0161\u012f bald\u0105 priderinti prie bet kokio interjero.<\/p>","protected":false},"excerpt":{"rendered":"<p>Plotis: 200 cm<br \/>\nGylis: 94 cm<br \/>\nAuk\u0161tis: 82 cm<br \/>\nS\u0117dyn\u0117s auk\u0161tis: 43 cm<br \/>\nKojos auk\u0161tis: 15,5 cm<br \/>\nKoj\u0173 spalva: juoda<br \/>\nKojeli\u0173 med\u017eiaga: metalas<br \/>\nSvoris: 52 kg<\/p>","protected":false},"featured_media":149325,"comment_status":"open","ping_status":"closed","template":"","meta":[],"product_brand":[],"product_cat":[9388,560,4104],"product_tag":[],"class_list":{"0":"post-149261","1":"product","2":"type-product","3":"status-publish","4":"has-post-thumbnail","6":"product_cat-upholstered-furniture-young-wersal","7":"product_cat-sofas-and-couches","8":"product_cat-wersal","10":"first","11":"instock","12":"shipping-taxable","13":"purchasable","14":"product-type-variable","15":"wvs-archive-product-wrapper"},"_links":{"self":[{"href":"https:\/\/baldumarket.lt\/lt\/wp-json\/wp\/v2\/product\/149261","targetHints":{"allow":["GET"]}}],"collection":[{"href":"https:\/\/baldumarket.lt\/lt\/wp-json\/wp\/v2\/product"}],"about":[{"href":"https:\/\/baldumarket.lt\/lt\/wp-json\/wp\/v2\/types\/product"}],"replies":[{"embeddable":true,"href":"https:\/\/baldumarket.lt\/lt\/wp-json\/wp\/v2\/comments?post=149261"}],"wp:featuredmedia":[{"embeddable":true,"href":"https:\/\/baldumarket.lt\/lt\/wp-json\/wp\/v2\/media\/149325"}],"wp:attachment":[{"href":"https:\/\/baldumarket.lt\/lt\/wp-json\/wp\/v2\/media?parent=149261"}],"wp:term":[{"taxonomy":"product_brand","embeddable":true,"href":"https:\/\/baldumarket.lt\/lt\/wp-json\/wp\/v2\/product_brand?post=149261"},{"taxonomy":"product_cat","embeddable":true,"href":"https:\/\/baldumarket.lt\/lt\/wp-json\/wp\/v2\/product_cat?post=149261"},{"taxonomy":"product_tag","embeddable":true,"href":"https:\/\/baldumarket.lt\/lt\/wp-json\/wp\/v2\/product_tag?post=149261"}],"curies":[{"name":"wp","href":"https:\/\/api.w.org\/{rel}","templated":true}]}}