{"id":149241,"date":"2025-12-18T02:42:16","date_gmt":"2025-12-17T23:42:16","guid":{"rendered":"https:\/\/baldumarket.lt\/?post_type=product&#038;p=149241"},"modified":"2026-02-04T10:01:03","modified_gmt":"2026-02-04T07:01:03","slug":"sofa-gandi-120-ontario-85-gr1","status":"publish","type":"product","link":"https:\/\/baldumarket.lt\/lt\/product\/sofa-gandi-120-ontario-85-gr1\/","title":{"rendered":"Sofa Gandi 120 Ontario 85 Gr1"},"content":{"rendered":"<h5><span style=\"color: #54859b\">Apsilankykite m\u016bs\u0173 virtualioje WERSAL prek\u0117s \u017eenklo parduotuv\u0117je<\/span><\/h5>\n<p> <a href=\"https:\/\/my.matterport.com\/show\/?m=SjRhosZFbQJ\" target=\"_blank\" rel=\"noopener\"><span style=\"color: #e47025\">https:\/\/my.matterport.com\/<\/span><\/a><\/p>\n<p>\u201eGandi\u201c sofa \u2013 tai eleganti\u0161kas modelis, pasi\u017eymintis modernia forma, kurioje dera stilingos si\u016bl\u0117s, auk\u0161tos kokyb\u0117s meistri\u0161kumas ir i\u0161skirtinis komfortas. Minimalistinis dizainas ir kompakti\u0161kos proporcijos puikiai tinka svetain\u0117ms, sve\u010di\u0173 kambariams ir pal\u0117pi\u0173 interjerams.<\/p>","protected":false},"excerpt":{"rendered":"<p>Plotis: 187 cm<br \/>\nGylis: 102 cm<br \/>\nAuk\u0161tis: 78 cm<br \/>\nS\u0117dyn\u0117s auk\u0161tis: 49 cm<br \/>\nKojos auk\u0161tis: 13 cm<br \/>\nKoj\u0173 spalva: juoda<br \/>\nKojeli\u0173 med\u017eiaga: metalas<br \/>\nSvoris: 114 kg<\/p>","protected":false},"featured_media":149315,"comment_status":"open","ping_status":"closed","template":"","meta":[],"product_brand":[],"product_cat":[9388,560,4104],"product_tag":[],"class_list":{"0":"post-149241","1":"product","2":"type-product","3":"status-publish","4":"has-post-thumbnail","6":"product_cat-upholstered-furniture-young-wersal","7":"product_cat-sofas-and-couches","8":"product_cat-wersal","10":"first","11":"instock","12":"shipping-taxable","13":"purchasable","14":"product-type-variable","15":"wvs-archive-product-wrapper"},"_links":{"self":[{"href":"https:\/\/baldumarket.lt\/lt\/wp-json\/wp\/v2\/product\/149241","targetHints":{"allow":["GET"]}}],"collection":[{"href":"https:\/\/baldumarket.lt\/lt\/wp-json\/wp\/v2\/product"}],"about":[{"href":"https:\/\/baldumarket.lt\/lt\/wp-json\/wp\/v2\/types\/product"}],"replies":[{"embeddable":true,"href":"https:\/\/baldumarket.lt\/lt\/wp-json\/wp\/v2\/comments?post=149241"}],"wp:featuredmedia":[{"embeddable":true,"href":"https:\/\/baldumarket.lt\/lt\/wp-json\/wp\/v2\/media\/149315"}],"wp:attachment":[{"href":"https:\/\/baldumarket.lt\/lt\/wp-json\/wp\/v2\/media?parent=149241"}],"wp:term":[{"taxonomy":"product_brand","embeddable":true,"href":"https:\/\/baldumarket.lt\/lt\/wp-json\/wp\/v2\/product_brand?post=149241"},{"taxonomy":"product_cat","embeddable":true,"href":"https:\/\/baldumarket.lt\/lt\/wp-json\/wp\/v2\/product_cat?post=149241"},{"taxonomy":"product_tag","embeddable":true,"href":"https:\/\/baldumarket.lt\/lt\/wp-json\/wp\/v2\/product_tag?post=149241"}],"curies":[{"name":"wp","href":"https:\/\/api.w.org\/{rel}","templated":true}]}}