{"id":149219,"date":"2025-12-18T02:40:19","date_gmt":"2025-12-17T23:40:19","guid":{"rendered":"https:\/\/baldumarket.lt\/?post_type=product&#038;p=149219"},"modified":"2026-02-04T10:01:03","modified_gmt":"2026-02-04T07:01:03","slug":"sofa-tino-140-gr1","status":"publish","type":"product","link":"https:\/\/baldumarket.lt\/lt\/product\/sofa-tino-140-gr1\/","title":{"rendered":"Tino 140 Gr1 sofa"},"content":{"rendered":"<h5><span style=\"color: #54859b\">Apsilankykite m\u016bs\u0173 virtualioje WERSAL prek\u0117s \u017eenklo parduotuv\u0117je<\/span><\/h5>\n<p> <a href=\"https:\/\/my.matterport.com\/show\/?m=SjRhosZFbQJ\" target=\"_blank\" rel=\"noopener\"><span style=\"color: #e47025\">https:\/\/my.matterport.com\/<\/span><\/a><\/p>\n<p>\u201eTino\u201c sofa \u2013 tai eleganti\u0161kas, modernus modelis, pasi\u017eymintis subtiliu, ta\u010diau originaliu dizainu, puikiai tiksiantis tiek klasikiniame, tiek \u0161iuolaikiniame interjere. Galima rinktis i\u0161 trij\u0173 plo\u010di\u0173, tod\u0117l ji lengvai tilps bet kokioje erdv\u0117je, net ir ma\u017eesniuose kambariuose. Did\u017eiausias jos privalumas \u2013 itali\u0161kai pagaminta atlo\u0161o sistema ir \u012fmontuotas 12 cm \u010diu\u017einys, u\u017etikrinantis miego komfort\u0105, pana\u0161\u0173 \u012f miegamojo lov\u0105. Pagaminta i\u0161 auk\u0161tos kokyb\u0117s med\u017eiag\u0173, vingiuotos spyruokli\u0173 sistemos ir labai elastingo putplas\u010dio, sofa u\u017etikrina patvarum\u0105, komfort\u0105 ir nesenstant\u012f estetin\u012f vaizd\u0105.<\/p>","protected":false},"excerpt":{"rendered":"<p>Plotis: 187 cm<br \/>\nGylis: 97 cm<br \/>\nAuk\u0161tis: 84 cm<br \/>\nS\u0117dyn\u0117s auk\u0161tis: 47 cm<br \/>\nKojos auk\u0161tis: 8 cm<br \/>\nKoj\u0173 spalva: juoda<br \/>\nKojeli\u0173 med\u017eiaga: metalas<\/p>","protected":false},"featured_media":149299,"comment_status":"open","ping_status":"closed","template":"","meta":[],"product_brand":[],"product_cat":[9388,560,4104],"product_tag":[],"class_list":{"0":"post-149219","1":"product","2":"type-product","3":"status-publish","4":"has-post-thumbnail","6":"product_cat-upholstered-furniture-young-wersal","7":"product_cat-sofas-and-couches","8":"product_cat-wersal","10":"first","11":"instock","12":"shipping-taxable","13":"purchasable","14":"product-type-variable","15":"wvs-archive-product-wrapper"},"_links":{"self":[{"href":"https:\/\/baldumarket.lt\/lt\/wp-json\/wp\/v2\/product\/149219","targetHints":{"allow":["GET"]}}],"collection":[{"href":"https:\/\/baldumarket.lt\/lt\/wp-json\/wp\/v2\/product"}],"about":[{"href":"https:\/\/baldumarket.lt\/lt\/wp-json\/wp\/v2\/types\/product"}],"replies":[{"embeddable":true,"href":"https:\/\/baldumarket.lt\/lt\/wp-json\/wp\/v2\/comments?post=149219"}],"wp:featuredmedia":[{"embeddable":true,"href":"https:\/\/baldumarket.lt\/lt\/wp-json\/wp\/v2\/media\/149299"}],"wp:attachment":[{"href":"https:\/\/baldumarket.lt\/lt\/wp-json\/wp\/v2\/media?parent=149219"}],"wp:term":[{"taxonomy":"product_brand","embeddable":true,"href":"https:\/\/baldumarket.lt\/lt\/wp-json\/wp\/v2\/product_brand?post=149219"},{"taxonomy":"product_cat","embeddable":true,"href":"https:\/\/baldumarket.lt\/lt\/wp-json\/wp\/v2\/product_cat?post=149219"},{"taxonomy":"product_tag","embeddable":true,"href":"https:\/\/baldumarket.lt\/lt\/wp-json\/wp\/v2\/product_tag?post=149219"}],"curies":[{"name":"wp","href":"https:\/\/api.w.org\/{rel}","templated":true}]}}