{"id":149197,"date":"2025-12-18T02:38:26","date_gmt":"2025-12-17T23:38:26","guid":{"rendered":"https:\/\/baldumarket.lt\/?post_type=product&#038;p=149197"},"modified":"2026-02-04T10:01:03","modified_gmt":"2026-02-04T07:01:03","slug":"sofa-elektryczna-plaza-2-gr1","status":"publish","type":"product","link":"https:\/\/baldumarket.lt\/lt\/product\/sofa-elektryczna-plaza-2-gr1\/","title":{"rendered":"\u201ePlaza 2 Gr1\u201c elektrin\u0117 sofa"},"content":{"rendered":"<h5><span style=\"color: #54859b\">Apsilankykite m\u016bs\u0173 virtualioje WERSAL prek\u0117s \u017eenklo parduotuv\u0117je<\/span><\/h5>\n<p> <a href=\"https:\/\/my.matterport.com\/show\/?m=SjRhosZFbQJ\" target=\"_blank\" rel=\"noopener\"><span style=\"color: #e47025\">https:\/\/my.matterport.com\/<\/span><\/a><\/p>\n<p>\u201ePlaza 2\u201c sofa \u2013 tai eleganti\u0161ka, moderni dviviet\u0117 sofa su elektra valdoma s\u0117dyne ir dviem reguliuojamais galvos atramomis, leid\u017eian\u010diomis vienu mygtuku reguliuoti poilsio pad\u0117t\u012f. Geometrin\u0117 forma, apmu\u0161tas atlo\u0161as ir auk\u0161tos metalin\u0117s kojel\u0117s leid\u017eia jai puikiai atrodyti bet kurioje svetain\u0117s vietoje, \u012fskaitant ir centrin\u0119 sofos dal\u012f. Tvirta konstrukcija, paremta vingiuotomis spyruokl\u0117mis ir itin elastingu putplas\u010diu, u\u017etikrina ilgalaik\u012f komfort\u0105. Tai puikus pasirinkimas moderniam interjerui, kuriame svarbiausia yra komfortas, stilius ir funkcionalumas.<\/p>","protected":false},"excerpt":{"rendered":"<p>Plotis: 192 cm<br \/>\nGylis: 105 cm<br \/>\nAuk\u0161tis: 99 cm<br \/>\nS\u0117dyn\u0117s auk\u0161tis: 44 cm<br \/>\nKojos auk\u0161tis: 15 cm<br \/>\nKoj\u0173 spalva: juoda<br \/>\nKojeli\u0173 med\u017eiaga: metalas<br \/>\nSvoris: 73 kg<\/p>","protected":false},"featured_media":149282,"comment_status":"open","ping_status":"closed","template":"","meta":[],"product_brand":[],"product_cat":[9388,560,4104],"product_tag":[],"class_list":{"0":"post-149197","1":"product","2":"type-product","3":"status-publish","4":"has-post-thumbnail","6":"product_cat-upholstered-furniture-young-wersal","7":"product_cat-sofas-and-couches","8":"product_cat-wersal","10":"first","11":"instock","12":"shipping-taxable","13":"purchasable","14":"product-type-variable","15":"wvs-archive-product-wrapper"},"_links":{"self":[{"href":"https:\/\/baldumarket.lt\/lt\/wp-json\/wp\/v2\/product\/149197","targetHints":{"allow":["GET"]}}],"collection":[{"href":"https:\/\/baldumarket.lt\/lt\/wp-json\/wp\/v2\/product"}],"about":[{"href":"https:\/\/baldumarket.lt\/lt\/wp-json\/wp\/v2\/types\/product"}],"replies":[{"embeddable":true,"href":"https:\/\/baldumarket.lt\/lt\/wp-json\/wp\/v2\/comments?post=149197"}],"wp:featuredmedia":[{"embeddable":true,"href":"https:\/\/baldumarket.lt\/lt\/wp-json\/wp\/v2\/media\/149282"}],"wp:attachment":[{"href":"https:\/\/baldumarket.lt\/lt\/wp-json\/wp\/v2\/media?parent=149197"}],"wp:term":[{"taxonomy":"product_brand","embeddable":true,"href":"https:\/\/baldumarket.lt\/lt\/wp-json\/wp\/v2\/product_brand?post=149197"},{"taxonomy":"product_cat","embeddable":true,"href":"https:\/\/baldumarket.lt\/lt\/wp-json\/wp\/v2\/product_cat?post=149197"},{"taxonomy":"product_tag","embeddable":true,"href":"https:\/\/baldumarket.lt\/lt\/wp-json\/wp\/v2\/product_tag?post=149197"}],"curies":[{"name":"wp","href":"https:\/\/api.w.org\/{rel}","templated":true}]}}