{"id":149186,"date":"2025-12-18T02:37:32","date_gmt":"2025-12-17T23:37:32","guid":{"rendered":"https:\/\/baldumarket.lt\/?post_type=product&#038;p=149186"},"modified":"2026-02-04T10:01:03","modified_gmt":"2026-02-04T07:01:03","slug":"sofa-elektryczna-plaza-35e-gr1","status":"publish","type":"product","link":"https:\/\/baldumarket.lt\/lt\/product\/sofa-elektryczna-plaza-35e-gr1\/","title":{"rendered":"Elektrin\u0117 sofa Plaza 3.5E Gr1"},"content":{"rendered":"<h5><span style=\"color: #54859b\">Apsilankykite m\u016bs\u0173 virtualioje WERSAL prek\u0117s \u017eenklo parduotuv\u0117je<\/span><\/h5>\n<p> <a href=\"https:\/\/my.matterport.com\/show\/?m=SjRhosZFbQJ\" target=\"_blank\" rel=\"noopener\"><span style=\"color: #e47025\">https:\/\/my.matterport.com\/<\/span><\/a><\/p>\n<p>\u201ePlaza 3.5E\u201c sofa \u2013 tai moderni, eleganti\u0161ka elektrin\u0117 sofa, kurioje dera minimalistinis dizainas ir pa\u017eangios atsipalaidavimo funkcijos. D\u0117l elektra i\u0161traukiamos s\u0117dyn\u0117s (63\u201388 cm) ir dviej\u0173 reguliuojam\u0173 galvos atram\u0173 galite visi\u0161kai reguliuoti s\u0117d\u0117jimo pad\u0117t\u012f pagal savo pageidavimus. Modelis turi apmu\u0161t\u0105 atlo\u0161\u0105, tod\u0117l puikiai tiks svetain\u0117s centre. Tvirta konstrukcija, paremta vingiuotomis spyruokl\u0117mis ir labai elastingu putplas\u010diu, garantuoja ilgalaik\u012f komfort\u0105, o 15 cm auk\u0161\u010dio metalin\u0117s kojel\u0117s palengvina valym\u0105 ir suteikia lengvumo. \u201ePlaza 3.5E\u201c \u2013 puikus pasirinkimas tiems, kurie vertina komfort\u0105 su moderniu akcentu.<\/p>","protected":false},"excerpt":{"rendered":"<p>Plotis: 212 cm<br \/>\nGylis: 105 cm<br \/>\nAuk\u0161tis: 99 cm<br \/>\nS\u0117dyn\u0117s auk\u0161tis: 44 cm<br \/>\nKojos auk\u0161tis: 15 cm<br \/>\nKoj\u0173 spalva: juoda<br \/>\nKojeli\u0173 med\u017eiaga: metalas<br \/>\nSvoris: 89 kg<\/p>","protected":false},"featured_media":149273,"comment_status":"open","ping_status":"closed","template":"","meta":[],"product_brand":[],"product_cat":[9388,560,4104],"product_tag":[],"class_list":{"0":"post-149186","1":"product","2":"type-product","3":"status-publish","4":"has-post-thumbnail","6":"product_cat-upholstered-furniture-young-wersal","7":"product_cat-sofas-and-couches","8":"product_cat-wersal","10":"first","11":"instock","12":"shipping-taxable","13":"purchasable","14":"product-type-variable","15":"wvs-archive-product-wrapper"},"_links":{"self":[{"href":"https:\/\/baldumarket.lt\/lt\/wp-json\/wp\/v2\/product\/149186","targetHints":{"allow":["GET"]}}],"collection":[{"href":"https:\/\/baldumarket.lt\/lt\/wp-json\/wp\/v2\/product"}],"about":[{"href":"https:\/\/baldumarket.lt\/lt\/wp-json\/wp\/v2\/types\/product"}],"replies":[{"embeddable":true,"href":"https:\/\/baldumarket.lt\/lt\/wp-json\/wp\/v2\/comments?post=149186"}],"wp:featuredmedia":[{"embeddable":true,"href":"https:\/\/baldumarket.lt\/lt\/wp-json\/wp\/v2\/media\/149273"}],"wp:attachment":[{"href":"https:\/\/baldumarket.lt\/lt\/wp-json\/wp\/v2\/media?parent=149186"}],"wp:term":[{"taxonomy":"product_brand","embeddable":true,"href":"https:\/\/baldumarket.lt\/lt\/wp-json\/wp\/v2\/product_brand?post=149186"},{"taxonomy":"product_cat","embeddable":true,"href":"https:\/\/baldumarket.lt\/lt\/wp-json\/wp\/v2\/product_cat?post=149186"},{"taxonomy":"product_tag","embeddable":true,"href":"https:\/\/baldumarket.lt\/lt\/wp-json\/wp\/v2\/product_tag?post=149186"}],"curies":[{"name":"wp","href":"https:\/\/api.w.org\/{rel}","templated":true}]}}