{"id":149127,"date":"2025-12-18T02:12:43","date_gmt":"2025-12-17T23:12:43","guid":{"rendered":"https:\/\/baldumarket.lt\/?post_type=product&#038;p=149127"},"modified":"2026-02-04T10:00:55","modified_gmt":"2026-02-04T07:00:55","slug":"sofa-tiga-bigsofa-wersal-gr1","status":"publish","type":"product","link":"https:\/\/baldumarket.lt\/lt\/product\/sofa-tiga-bigsofa-wersal-gr1\/","title":{"rendered":"Tiga Bigsofa WERSAL Gr1 sofa"},"content":{"rendered":"<h5><span style=\"color: #54859b\">Apsilankykite m\u016bs\u0173 virtualioje WERSAL prek\u0117s \u017eenklo parduotuv\u0117je<\/span><\/h5>\n<p> <a href=\"https:\/\/my.matterport.com\/show\/?m=SjRhosZFbQJ\" target=\"_blank\" rel=\"noopener\"><span style=\"color: #e47025\">https:\/\/my.matterport.com\/<\/span><\/a><\/p>\n<p>\u201eTiga BigSofa\u201c \u2013 tai modernus baldas, sukurtas atsi\u017evelgiant \u012f maksimal\u0173 komfort\u0105 ir i\u0161skirtin\u012f funkcionalum\u0105. Eleganti\u0161ka, \u0161velniai kont\u016bruota forma pary\u0161kinta subtiliomis si\u016bl\u0117mis ir dekoratyvin\u0117mis rai\u0161teliais, kurie pabr\u0117\u017eia prabang\u0173 modelio charakter\u012f. Did\u017eiausias sofos privalumas \u2013 elektra valdoma s\u0117dyn\u0117, leid\u017eianti reguliuoti s\u0117dyn\u0117s gyl\u012f pagal individualius pageidavimus. \u0160is sprendimas \u201eTiga BigSofa\u201c idealiai tinka tiek kasdieniam poilsiui, tiek erdviai miegojimo vietai. Pagaminta i\u0161 modernaus \u201eRiviera 16\u201c audinio, ji puikiai atrodo moderniose, minimalistin\u0117se ir eleganti\u0161kose svetain\u0117se.<\/p>","protected":false},"excerpt":{"rendered":"<p>Plotis: 302 cm<br \/>\nGylis: 136 cm<br \/>\nAuk\u0161tis: 88 cm<br \/>\nS\u0117dyn\u0117s auk\u0161tis: 44 cm<br \/>\nKojos auk\u0161tis: 5 cm<br \/>\nKoj\u0173 spalva: juoda<br \/>\nKojeli\u0173 med\u017eiaga: metalas<br \/>\nSvoris: 132 kg<\/p>","protected":false},"featured_media":149171,"comment_status":"open","ping_status":"closed","template":"","meta":[],"product_brand":[],"product_cat":[9388,560,4104],"product_tag":[],"class_list":{"0":"post-149127","1":"product","2":"type-product","3":"status-publish","4":"has-post-thumbnail","6":"product_cat-upholstered-furniture-young-wersal","7":"product_cat-sofas-and-couches","8":"product_cat-wersal","10":"first","11":"instock","12":"shipping-taxable","13":"purchasable","14":"product-type-variable","15":"wvs-archive-product-wrapper"},"_links":{"self":[{"href":"https:\/\/baldumarket.lt\/lt\/wp-json\/wp\/v2\/product\/149127","targetHints":{"allow":["GET"]}}],"collection":[{"href":"https:\/\/baldumarket.lt\/lt\/wp-json\/wp\/v2\/product"}],"about":[{"href":"https:\/\/baldumarket.lt\/lt\/wp-json\/wp\/v2\/types\/product"}],"replies":[{"embeddable":true,"href":"https:\/\/baldumarket.lt\/lt\/wp-json\/wp\/v2\/comments?post=149127"}],"wp:featuredmedia":[{"embeddable":true,"href":"https:\/\/baldumarket.lt\/lt\/wp-json\/wp\/v2\/media\/149171"}],"wp:attachment":[{"href":"https:\/\/baldumarket.lt\/lt\/wp-json\/wp\/v2\/media?parent=149127"}],"wp:term":[{"taxonomy":"product_brand","embeddable":true,"href":"https:\/\/baldumarket.lt\/lt\/wp-json\/wp\/v2\/product_brand?post=149127"},{"taxonomy":"product_cat","embeddable":true,"href":"https:\/\/baldumarket.lt\/lt\/wp-json\/wp\/v2\/product_cat?post=149127"},{"taxonomy":"product_tag","embeddable":true,"href":"https:\/\/baldumarket.lt\/lt\/wp-json\/wp\/v2\/product_tag?post=149127"}],"curies":[{"name":"wp","href":"https:\/\/api.w.org\/{rel}","templated":true}]}}