{"id":149116,"date":"2025-12-18T02:11:45","date_gmt":"2025-12-17T23:11:45","guid":{"rendered":"https:\/\/baldumarket.lt\/?post_type=product&#038;p=149116"},"modified":"2026-02-03T23:34:47","modified_gmt":"2026-02-03T20:34:47","slug":"naroznik-elektryczny-baggio-gr1","status":"publish","type":"product","link":"https:\/\/baldumarket.lt\/lt\/product\/naroznik-elektryczny-baggio-gr1\/","title":{"rendered":"Baggio Gr1 elektrinis kampelis"},"content":{"rendered":"<h5><span style=\"color: #54859b\">Apsilankykite m\u016bs\u0173 virtualioje WERSAL prek\u0117s \u017eenklo parduotuv\u0117je<\/span><\/h5>\n<p> <a href=\"https:\/\/my.matterport.com\/show\/?m=SjRhosZFbQJ\" target=\"_blank\" rel=\"noopener\"><span style=\"color: #e47025\">https:\/\/my.matterport.com\/<\/span><\/a><\/p>\n<p>\u201eBaggio\u201c kampin\u0117 sofa pasi\u017eymi elegancija moderniame variante \u2013 tobulu dizaino ir funkcionalumo deriniu. \u012erengtos reguliuojamos galvos atramos, elektra valdoma s\u0117dyn\u0117 ir patalyn\u0117s skyrius, ji u\u017etikrina komfort\u0105 kasdieniam naudojimui. Papildomai \u012fsigyjamas telefono \u012fkroviklis \u0161onin\u0117je panel\u0117je daro j\u0105 itin prakti\u0161ku pasirinkimu moderniam interjerui. Auk\u0161tos kokyb\u0117s med\u017eiagos ir tikslus meistri\u0161kumas garantuoja patvarum\u0105 ir komfort\u0105 ilgus metus.<\/p>","protected":false},"excerpt":{"rendered":"<p>Forma: L<br \/>\nKampin\u0117 pus\u0117: De\u0161in\u0117<br \/>\nKampin\u0117 pus\u0117: Kair\u0117<br \/>\nPlotis: 280 cm<br \/>\nGylis: 196 cm<br \/>\nAuk\u0161tis: 76 cm<br \/>\nS\u0117dyn\u0117s auk\u0161tis: 45 cm<br \/>\nOsmano s\u0117dyn\u0117s gylis: 55\/70 cm<br \/>\nKojos auk\u0161tis: 10 cm<br \/>\nKoj\u0173 spalva: juoda<br \/>\nKoj\u0173 med\u017eiaga: plastikas<br \/>\nKonteinerio matmenys: 185 x 105 x 13 cm<br \/>\nSvoris: 144 kg<\/p>","protected":false},"featured_media":149151,"comment_status":"open","ping_status":"closed","template":"","meta":[],"product_brand":[],"product_cat":[9386,616,1983,4104],"product_tag":[],"class_list":{"0":"post-149116","1":"product","2":"type-product","3":"status-publish","4":"has-post-thumbnail","6":"product_cat-avangarde-wersal-upholstered-furniture","7":"product_cat-corners","8":"product_cat-corners-l","9":"product_cat-wersal","11":"first","12":"instock","13":"shipping-taxable","14":"purchasable","15":"product-type-variable","16":"wvs-archive-product-wrapper"},"_links":{"self":[{"href":"https:\/\/baldumarket.lt\/lt\/wp-json\/wp\/v2\/product\/149116","targetHints":{"allow":["GET"]}}],"collection":[{"href":"https:\/\/baldumarket.lt\/lt\/wp-json\/wp\/v2\/product"}],"about":[{"href":"https:\/\/baldumarket.lt\/lt\/wp-json\/wp\/v2\/types\/product"}],"replies":[{"embeddable":true,"href":"https:\/\/baldumarket.lt\/lt\/wp-json\/wp\/v2\/comments?post=149116"}],"wp:featuredmedia":[{"embeddable":true,"href":"https:\/\/baldumarket.lt\/lt\/wp-json\/wp\/v2\/media\/149151"}],"wp:attachment":[{"href":"https:\/\/baldumarket.lt\/lt\/wp-json\/wp\/v2\/media?parent=149116"}],"wp:term":[{"taxonomy":"product_brand","embeddable":true,"href":"https:\/\/baldumarket.lt\/lt\/wp-json\/wp\/v2\/product_brand?post=149116"},{"taxonomy":"product_cat","embeddable":true,"href":"https:\/\/baldumarket.lt\/lt\/wp-json\/wp\/v2\/product_cat?post=149116"},{"taxonomy":"product_tag","embeddable":true,"href":"https:\/\/baldumarket.lt\/lt\/wp-json\/wp\/v2\/product_tag?post=149116"}],"curies":[{"name":"wp","href":"https:\/\/api.w.org\/{rel}","templated":true}]}}