{"id":149106,"date":"2025-12-18T02:10:43","date_gmt":"2025-12-17T23:10:43","guid":{"rendered":"https:\/\/baldumarket.lt\/?post_type=product&#038;p=149106"},"modified":"2026-02-03T23:34:47","modified_gmt":"2026-02-03T20:34:47","slug":"naroznik-elektryczny-bull-l-gr1","status":"publish","type":"product","link":"https:\/\/baldumarket.lt\/lt\/product\/naroznik-elektryczny-bull-l-gr1\/","title":{"rendered":"\u201eBull L Gr1\u201c elektrin\u0117 kampin\u0117 sofa"},"content":{"rendered":"<h5><span style=\"color: #54859b\">Apsilankykite m\u016bs\u0173 virtualioje WERSAL prek\u0117s \u017eenklo parduotuv\u0117je<\/span><\/h5>\n<p> <a href=\"https:\/\/my.matterport.com\/show\/?m=SjRhosZFbQJ\" target=\"_blank\" rel=\"noopener\"><span style=\"color: #e47025\">https:\/\/my.matterport.com\/<\/span><\/a><\/p>\n<p>Kampin\u0117 sofa \u201eBull L\u201c \u2013 tai modernus ir funkcionalus svetain\u0117s baldas, i\u0161siskiriantis masyvia, geometrine forma ir \u012fsp\u016bdingu dygsniavimu visoje s\u0117dyn\u0117je. \u012erengtos reguliuojamos galvos atramos ir plat\u016bs porankiai, ji u\u017etikrina maksimal\u0173 komfort\u0105. Tvirta konstrukcija, vingiuotos spyruokl\u0117s ir auk\u0161tos kokyb\u0117s putplastis garantuoja patvarum\u0105 ir komfort\u0105 ilgus metus. Puikiai tinka tiems, kurie vertina dizain\u0105, komfort\u0105 ir erdvum\u0105.<\/p>","protected":false},"excerpt":{"rendered":"<p>Forma: L<br \/>\nKampin\u0117 pus\u0117: Kair\u0117<br \/>\nKampin\u0117 pus\u0117: De\u0161in\u0117<br \/>\nPlotis: 297 cm<br \/>\nGylis: 205 cm<br \/>\nAuk\u0161tis: 77 cm<br \/>\nAtlo\u0161o auk\u0161tis: 32,5 cm \u2013 52,5 cm<br \/>\nS\u0117dyn\u0117s auk\u0161tis: 44,5 cm<br \/>\nOsmano s\u0117dyn\u0117s gylis: 160 cm<br \/>\nKojos auk\u0161tis: 5 cm<br \/>\nKoj\u0173 spalva: juoda<br \/>\nKoj\u0173 med\u017eiaga: plastikas<br \/>\nSvoris: 125 kg<\/p>","protected":false},"featured_media":149140,"comment_status":"open","ping_status":"closed","template":"","meta":[],"product_brand":[],"product_cat":[9386,616,1983,4104],"product_tag":[],"class_list":{"0":"post-149106","1":"product","2":"type-product","3":"status-publish","4":"has-post-thumbnail","6":"product_cat-avangarde-wersal-upholstered-furniture","7":"product_cat-corners","8":"product_cat-corners-l","9":"product_cat-wersal","11":"first","12":"instock","13":"shipping-taxable","14":"purchasable","15":"product-type-variable","16":"wvs-archive-product-wrapper"},"_links":{"self":[{"href":"https:\/\/baldumarket.lt\/lt\/wp-json\/wp\/v2\/product\/149106","targetHints":{"allow":["GET"]}}],"collection":[{"href":"https:\/\/baldumarket.lt\/lt\/wp-json\/wp\/v2\/product"}],"about":[{"href":"https:\/\/baldumarket.lt\/lt\/wp-json\/wp\/v2\/types\/product"}],"replies":[{"embeddable":true,"href":"https:\/\/baldumarket.lt\/lt\/wp-json\/wp\/v2\/comments?post=149106"}],"wp:featuredmedia":[{"embeddable":true,"href":"https:\/\/baldumarket.lt\/lt\/wp-json\/wp\/v2\/media\/149140"}],"wp:attachment":[{"href":"https:\/\/baldumarket.lt\/lt\/wp-json\/wp\/v2\/media?parent=149106"}],"wp:term":[{"taxonomy":"product_brand","embeddable":true,"href":"https:\/\/baldumarket.lt\/lt\/wp-json\/wp\/v2\/product_brand?post=149106"},{"taxonomy":"product_cat","embeddable":true,"href":"https:\/\/baldumarket.lt\/lt\/wp-json\/wp\/v2\/product_cat?post=149106"},{"taxonomy":"product_tag","embeddable":true,"href":"https:\/\/baldumarket.lt\/lt\/wp-json\/wp\/v2\/product_tag?post=149106"}],"curies":[{"name":"wp","href":"https:\/\/api.w.org\/{rel}","templated":true}]}}