{"id":149094,"date":"2025-12-18T02:09:24","date_gmt":"2025-12-17T23:09:24","guid":{"rendered":"https:\/\/baldumarket.lt\/?post_type=product&#038;p=149094"},"modified":"2026-02-03T23:34:47","modified_gmt":"2026-02-03T20:34:47","slug":"naroznik-calcio-l-gr1","status":"publish","type":"product","link":"https:\/\/baldumarket.lt\/lt\/product\/naroznik-calcio-l-gr1\/","title":{"rendered":"Kampinis Calcio L Gr1"},"content":{"rendered":"<h5><span style=\"color: #54859b\">Apsilankykite m\u016bs\u0173 virtualioje WERSAL prek\u0117s \u017eenklo parduotuv\u0117je<\/span><\/h5>\n<p> <a href=\"https:\/\/my.matterport.com\/show\/?m=SjRhosZFbQJ\" target=\"_blank\" rel=\"noopener\"><span style=\"color: #e47025\">https:\/\/my.matterport.com\/<\/span><\/a><\/p>\n<p>\u201eCalcio L\u201c kampin\u0117 sofa \u2013 stilingas ir funkcionalus baldas, kuriame dera modernus dizainas ir maksimalus komfortas. Su miegojimo funkcija (\u201eDelfin\u201c sistema), reguliuojamomis galvos atramomis ir daiktad\u0117\u017ee, ji puikiai tinka tiek dienos, tiek nakties poilsiui. Auk\u0161tos kojel\u0117s suteikia lengvumo ir elegancijos, o apmu\u0161tas atlo\u0161as leid\u017eia sof\u0105 pastatyti bet kurioje svetain\u0117s vietoje. D\u0117l mading\u0173 audini\u0173 ir auk\u0161t\u0173 kojeli\u0173 ji atrodo lengva ir eleganti\u0161ka, puikiai atitinkanti dabartines interjero dizaino tendencijas.<\/p>","protected":false},"excerpt":{"rendered":"<p>Forma: L<br \/>\nKampin\u0117 pus\u0117: Kair\u0117<br \/>\nKampin\u0117 pus\u0117: De\u0161in\u0117<br \/>\nPlotis: 246 cm<br \/>\nGylis: 175 cm<br \/>\nAuk\u0161tis: 73 cm<br \/>\nS\u0117dyn\u0117s auk\u0161tis: 47 cm<br \/>\nOsmano plotis: 84\/55 cm<br \/>\nOsmano gylis: 141 cm<br \/>\nKojos auk\u0161tis: 14 cm<br \/>\nKoj\u0173 spalva: juoda<br \/>\nKoj\u0173 med\u017eiaga: metalas<br \/>\nKonteinerio matmenys: 162 x 76 x 13 cm<\/p>","protected":false},"featured_media":149129,"comment_status":"open","ping_status":"closed","template":"","meta":[],"product_brand":[],"product_cat":[9386,616,1983,4104],"product_tag":[],"class_list":{"0":"post-149094","1":"product","2":"type-product","3":"status-publish","4":"has-post-thumbnail","6":"product_cat-avangarde-wersal-upholstered-furniture","7":"product_cat-corners","8":"product_cat-corners-l","9":"product_cat-wersal","11":"first","12":"instock","13":"shipping-taxable","14":"purchasable","15":"product-type-variable","16":"wvs-archive-product-wrapper"},"_links":{"self":[{"href":"https:\/\/baldumarket.lt\/lt\/wp-json\/wp\/v2\/product\/149094","targetHints":{"allow":["GET"]}}],"collection":[{"href":"https:\/\/baldumarket.lt\/lt\/wp-json\/wp\/v2\/product"}],"about":[{"href":"https:\/\/baldumarket.lt\/lt\/wp-json\/wp\/v2\/types\/product"}],"replies":[{"embeddable":true,"href":"https:\/\/baldumarket.lt\/lt\/wp-json\/wp\/v2\/comments?post=149094"}],"wp:featuredmedia":[{"embeddable":true,"href":"https:\/\/baldumarket.lt\/lt\/wp-json\/wp\/v2\/media\/149129"}],"wp:attachment":[{"href":"https:\/\/baldumarket.lt\/lt\/wp-json\/wp\/v2\/media?parent=149094"}],"wp:term":[{"taxonomy":"product_brand","embeddable":true,"href":"https:\/\/baldumarket.lt\/lt\/wp-json\/wp\/v2\/product_brand?post=149094"},{"taxonomy":"product_cat","embeddable":true,"href":"https:\/\/baldumarket.lt\/lt\/wp-json\/wp\/v2\/product_cat?post=149094"},{"taxonomy":"product_tag","embeddable":true,"href":"https:\/\/baldumarket.lt\/lt\/wp-json\/wp\/v2\/product_tag?post=149094"}],"curies":[{"name":"wp","href":"https:\/\/api.w.org\/{rel}","templated":true}]}}