{"id":149077,"date":"2025-12-18T02:07:52","date_gmt":"2025-12-17T23:07:52","guid":{"rendered":"https:\/\/baldumarket.lt\/?post_type=product&#038;p=149077"},"modified":"2026-02-03T23:34:48","modified_gmt":"2026-02-03T20:34:48","slug":"nowoczesny-naroznik-caldo-mini-gr1","status":"publish","type":"product","link":"https:\/\/baldumarket.lt\/lt\/product\/nowoczesny-naroznik-caldo-mini-gr1\/","title":{"rendered":"\u0160iuolaikin\u0117 kampin\u0117 sofa Caldo mini Gr1"},"content":{"rendered":"<h5><span style=\"color: #54859b\">Apsilankykite m\u016bs\u0173 virtualioje WERSAL prek\u0117s \u017eenklo parduotuv\u0117je<\/span><\/h5>\n<p> <a href=\"https:\/\/my.matterport.com\/show\/?m=SjRhosZFbQJ\" target=\"_blank\" rel=\"noopener\"><span style=\"color: #e47025\">https:\/\/my.matterport.com\/<\/span><\/a><\/p>\n<p>\u201eCaldo Mini\u201c kampin\u0117 sofa \u2013 eleganti\u0161kas ir funkcionalus baldas su \u201ePUMA\u201c i\u0161lankstymo sistema, kuri akimirksniu transformuojasi \u012f patogi\u0105 lov\u0105 su 136 x 215 cm miegamojo plotu. \u012erengtos reguliuojamos galvos atramos, patalyn\u0117s skyrius ir i\u0161skirtin\u0117s vertikalios si\u016bl\u0117s, tod\u0117l ji derina modern\u0173 dizain\u0105 su prakti\u0161kumu. Esteti\u0161kai patrauklus atlo\u0161as leid\u017eia jai puikiai atrodyti i\u0161 bet kokio kampo, o galimyb\u0117 pasirinkti kampin\u0117s sofos pus\u0119 leid\u017eia j\u0105 puikiai derinti prie j\u016bs\u0173 svetain\u0117s i\u0161planavimo.<\/p>","protected":false},"excerpt":{"rendered":"<p>Forma: L<br \/>\nKampin\u0117 pus\u0117: Kair\u0117<br \/>\nKampin\u0117 pus\u0117: De\u0161in\u0117<br \/>\nPlotis: 272 cm<br \/>\nGylis: 178 cm<br \/>\nAuk\u0161tis: 79 cm<br \/>\nS\u0117dyn\u0117s auk\u0161tis: 46 cm<br \/>\nOsmano plotis: 103 cm<br \/>\nOsmano gylis: 139 cm<br \/>\nKojos auk\u0161tis: 12 cm<br \/>\nKoj\u0173 spalva: juoda<br \/>\nKoj\u0173 med\u017eiaga: metalas<br \/>\nKonteinerio matmenys: 165 x 65 x 16 cm<\/p>","protected":false},"featured_media":149108,"comment_status":"open","ping_status":"closed","template":"","meta":[],"product_brand":[],"product_cat":[9386,616,1983,4104],"product_tag":[],"class_list":{"0":"post-149077","1":"product","2":"type-product","3":"status-publish","4":"has-post-thumbnail","6":"product_cat-avangarde-wersal-upholstered-furniture","7":"product_cat-corners","8":"product_cat-corners-l","9":"product_cat-wersal","11":"first","12":"instock","13":"shipping-taxable","14":"purchasable","15":"product-type-variable","16":"wvs-archive-product-wrapper"},"_links":{"self":[{"href":"https:\/\/baldumarket.lt\/lt\/wp-json\/wp\/v2\/product\/149077","targetHints":{"allow":["GET"]}}],"collection":[{"href":"https:\/\/baldumarket.lt\/lt\/wp-json\/wp\/v2\/product"}],"about":[{"href":"https:\/\/baldumarket.lt\/lt\/wp-json\/wp\/v2\/types\/product"}],"replies":[{"embeddable":true,"href":"https:\/\/baldumarket.lt\/lt\/wp-json\/wp\/v2\/comments?post=149077"}],"wp:featuredmedia":[{"embeddable":true,"href":"https:\/\/baldumarket.lt\/lt\/wp-json\/wp\/v2\/media\/149108"}],"wp:attachment":[{"href":"https:\/\/baldumarket.lt\/lt\/wp-json\/wp\/v2\/media?parent=149077"}],"wp:term":[{"taxonomy":"product_brand","embeddable":true,"href":"https:\/\/baldumarket.lt\/lt\/wp-json\/wp\/v2\/product_brand?post=149077"},{"taxonomy":"product_cat","embeddable":true,"href":"https:\/\/baldumarket.lt\/lt\/wp-json\/wp\/v2\/product_cat?post=149077"},{"taxonomy":"product_tag","embeddable":true,"href":"https:\/\/baldumarket.lt\/lt\/wp-json\/wp\/v2\/product_tag?post=149077"}],"curies":[{"name":"wp","href":"https:\/\/api.w.org\/{rel}","templated":true}]}}