{"id":149070,"date":"2025-12-18T02:07:19","date_gmt":"2025-12-17T23:07:19","guid":{"rendered":"https:\/\/baldumarket.lt\/?post_type=product&#038;p=149070"},"modified":"2026-02-03T23:34:48","modified_gmt":"2026-02-03T20:34:48","slug":"naroznik-caldo-xl-gr1","status":"publish","type":"product","link":"https:\/\/baldumarket.lt\/lt\/product\/naroznik-caldo-xl-gr1\/","title":{"rendered":"Caldo XL Gr1 kampin\u0117 sofa"},"content":{"rendered":"<h5><span style=\"color: #54859b\">Apsilankykite m\u016bs\u0173 virtualioje WERSAL prek\u0117s \u017eenklo parduotuv\u0117je<\/span><\/h5>\n<p> <a href=\"https:\/\/my.matterport.com\/show\/?m=SjRhosZFbQJ\" target=\"_blank\" rel=\"noopener\"><span style=\"color: #e47025\">https:\/\/my.matterport.com\/<\/span><\/a><\/p>\n<p>\u201eCaldo XL\u201c kampin\u0117 sofa \u2013 tai modernus baldas su miegojimo funkcija ir patalyn\u0117s d\u0117\u017ee, kuriame dera elegancija ir prakti\u0161kumas. \u012erengta \u201ePuma\u201c atlo\u0161o sistema, reguliuojamos galvos atramos, auk\u0161tos kokyb\u0117s banguotos spyruokl\u0117s ir putplastis u\u017etikrina kasdien\u012f komfort\u0105 ir ilgaam\u017ei\u0161kum\u0105. D\u0117l esteti\u0161kai apdailinto atlo\u0161o j\u0105 galima pastatyti bet kurioje svetain\u0117s vietoje, o \u012fsp\u016bdingas 342 cm plotis paver\u010dia j\u0105 puikiu poilsio centru visai \u0161eimai.<\/p>","protected":false},"excerpt":{"rendered":"<p>Forma: U<br \/>\nKampin\u0117 pus\u0117: Kair\u0117<br \/>\nKampin\u0117 pus\u0117: De\u0161in\u0117<br \/>\nPlotis: 342 cm<br \/>\nGylis: 200 cm<br \/>\nAuk\u0161tis: 99 cm<br \/>\nS\u0117dyn\u0117s auk\u0161tis: 46 cm<br \/>\nOsmano plotis: 100\/104 cm<br \/>\nOsmano gylis: 142\/164 cm<br \/>\nKojos auk\u0161tis: 12 cm<br \/>\nKoj\u0173 spalva: juoda<br \/>\nKoj\u0173 med\u017eiaga: metalas<br \/>\nKonteinerio matmenys: 190 x 82 x 16 cm<\/p>","protected":false},"featured_media":149096,"comment_status":"open","ping_status":"closed","template":"","meta":[],"product_brand":[],"product_cat":[9386,616,1982,4104],"product_tag":[],"class_list":{"0":"post-149070","1":"product","2":"type-product","3":"status-publish","4":"has-post-thumbnail","6":"product_cat-avangarde-wersal-upholstered-furniture","7":"product_cat-corners","8":"product_cat-corners-u","9":"product_cat-wersal","11":"first","12":"instock","13":"shipping-taxable","14":"purchasable","15":"product-type-variable","16":"wvs-archive-product-wrapper"},"_links":{"self":[{"href":"https:\/\/baldumarket.lt\/lt\/wp-json\/wp\/v2\/product\/149070","targetHints":{"allow":["GET"]}}],"collection":[{"href":"https:\/\/baldumarket.lt\/lt\/wp-json\/wp\/v2\/product"}],"about":[{"href":"https:\/\/baldumarket.lt\/lt\/wp-json\/wp\/v2\/types\/product"}],"replies":[{"embeddable":true,"href":"https:\/\/baldumarket.lt\/lt\/wp-json\/wp\/v2\/comments?post=149070"}],"wp:featuredmedia":[{"embeddable":true,"href":"https:\/\/baldumarket.lt\/lt\/wp-json\/wp\/v2\/media\/149096"}],"wp:attachment":[{"href":"https:\/\/baldumarket.lt\/lt\/wp-json\/wp\/v2\/media?parent=149070"}],"wp:term":[{"taxonomy":"product_brand","embeddable":true,"href":"https:\/\/baldumarket.lt\/lt\/wp-json\/wp\/v2\/product_brand?post=149070"},{"taxonomy":"product_cat","embeddable":true,"href":"https:\/\/baldumarket.lt\/lt\/wp-json\/wp\/v2\/product_cat?post=149070"},{"taxonomy":"product_tag","embeddable":true,"href":"https:\/\/baldumarket.lt\/lt\/wp-json\/wp\/v2\/product_tag?post=149070"}],"curies":[{"name":"wp","href":"https:\/\/api.w.org\/{rel}","templated":true}]}}