{"id":149063,"date":"2025-12-18T02:06:43","date_gmt":"2025-12-17T23:06:43","guid":{"rendered":"https:\/\/baldumarket.lt\/?post_type=product&#038;p=149063"},"modified":"2026-02-03T23:34:48","modified_gmt":"2026-02-03T20:34:48","slug":"naroznik-elektryczny-campile-s-gr1","status":"publish","type":"product","link":"https:\/\/baldumarket.lt\/lt\/product\/naroznik-elektryczny-campile-s-gr1\/","title":{"rendered":"Campile S Gr1 elektrin\u0117 kampin\u0117 sofa"},"content":{"rendered":"<h5><span style=\"color: #54859b\">Apsilankykite m\u016bs\u0173 virtualioje WERSAL prek\u0117s \u017eenklo parduotuv\u0117je<\/span><\/h5>\n<p> <a href=\"https:\/\/my.matterport.com\/show\/?m=SjRhosZFbQJ\" target=\"_blank\" rel=\"noopener\"><span style=\"color: #e47025\">https:\/\/my.matterport.com\/<\/span><\/a><\/p>\n<p>Kampin\u0117 sofa \u201eCampile S\u201c sujungia prabang\u0105, modernias technologijas ir maksimal\u0173 komfort\u0105. Mink\u0161ta, segmentuota forma suteikia jaukumo ir stiliaus bet kokiam interjerui, o elektra i\u0161traukiama s\u0117dyn\u0117 leid\u017eia reguliuoti gyl\u012f iki 97 cm. Auk\u0161tos kokyb\u0117s poliuretano put\u0173 pamink\u0161tinimas garantuoja komfort\u0105 ir ilgaam\u017ei\u0161kum\u0105, o apmu\u0161tas atlo\u0161as leid\u017eia lanks\u010diai i\u0161d\u0117styti sof\u0105 bet kurioje svetain\u0117je.<\/p>","protected":false},"excerpt":{"rendered":"<p>Forma: L<br \/>\nKampin\u0117 pus\u0117: Kair\u0117<br \/>\nKampin\u0117 pus\u0117: De\u0161in\u0117<br \/>\nPlotis: 297 cm<br \/>\nGylis: 180 cm<br \/>\nAuk\u0161tis: 85 cm<br \/>\nS\u0117dyn\u0117s auk\u0161tis: 42 cm<br \/>\nOsmano plotis: 96\/135 cm<br \/>\nOsmano gylis: 134 cm<br \/>\nKojos auk\u0161tis: 2,5 cm<br \/>\nKoj\u0173 spalva: juoda<br \/>\nKoj\u0173 med\u017eiaga: plastikas<br \/>\nSvoris: 128 kg<\/p>","protected":false},"featured_media":149086,"comment_status":"open","ping_status":"closed","template":"","meta":[],"product_brand":[],"product_cat":[9386,616,1983,4104],"product_tag":[],"class_list":{"0":"post-149063","1":"product","2":"type-product","3":"status-publish","4":"has-post-thumbnail","6":"product_cat-avangarde-wersal-upholstered-furniture","7":"product_cat-corners","8":"product_cat-corners-l","9":"product_cat-wersal","11":"first","12":"instock","13":"shipping-taxable","14":"purchasable","15":"product-type-variable","16":"wvs-archive-product-wrapper"},"_links":{"self":[{"href":"https:\/\/baldumarket.lt\/lt\/wp-json\/wp\/v2\/product\/149063","targetHints":{"allow":["GET"]}}],"collection":[{"href":"https:\/\/baldumarket.lt\/lt\/wp-json\/wp\/v2\/product"}],"about":[{"href":"https:\/\/baldumarket.lt\/lt\/wp-json\/wp\/v2\/types\/product"}],"replies":[{"embeddable":true,"href":"https:\/\/baldumarket.lt\/lt\/wp-json\/wp\/v2\/comments?post=149063"}],"wp:featuredmedia":[{"embeddable":true,"href":"https:\/\/baldumarket.lt\/lt\/wp-json\/wp\/v2\/media\/149086"}],"wp:attachment":[{"href":"https:\/\/baldumarket.lt\/lt\/wp-json\/wp\/v2\/media?parent=149063"}],"wp:term":[{"taxonomy":"product_brand","embeddable":true,"href":"https:\/\/baldumarket.lt\/lt\/wp-json\/wp\/v2\/product_brand?post=149063"},{"taxonomy":"product_cat","embeddable":true,"href":"https:\/\/baldumarket.lt\/lt\/wp-json\/wp\/v2\/product_cat?post=149063"},{"taxonomy":"product_tag","embeddable":true,"href":"https:\/\/baldumarket.lt\/lt\/wp-json\/wp\/v2\/product_tag?post=149063"}],"curies":[{"name":"wp","href":"https:\/\/api.w.org\/{rel}","templated":true}]}}