{"id":149055,"date":"2025-12-18T02:06:01","date_gmt":"2025-12-17T23:06:01","guid":{"rendered":"https:\/\/baldumarket.lt\/?post_type=product&#038;p=149055"},"modified":"2026-02-03T23:34:48","modified_gmt":"2026-02-03T20:34:48","slug":"naroznik-elektryczny-campo-l-gr1","status":"publish","type":"product","link":"https:\/\/baldumarket.lt\/lt\/product\/naroznik-elektryczny-campo-l-gr1\/","title":{"rendered":"Elektrin\u0117 kampin\u0117 sofa Campo L Gr1"},"content":{"rendered":"<h5><span style=\"color: #54859b\">Apsilankykite m\u016bs\u0173 virtualioje WERSAL prek\u0117s \u017eenklo parduotuv\u0117je<\/span><\/h5>\n<p> <a href=\"https:\/\/my.matterport.com\/show\/?m=SjRhosZFbQJ\" target=\"_blank\" rel=\"noopener\"><span style=\"color: #e47025\">https:\/\/my.matterport.com\/<\/span><\/a><\/p>\n<p>Kampin\u0117 sofa \u201eCampo L\u201c \u2013 tai eleganti\u0161kas ir modernus baldas, kuriame dera prabangus dizainas ir novatori\u0161kos savyb\u0117s. Elektrin\u0117 s\u0117dyn\u0117 ir penki\u0173 pad\u0117\u010di\u0173 galvos atramos reguliavimas u\u017etikrina maksimal\u0173 komfort\u0105 kasdieniam naudojimui. Subtilus dygsniavimas suteikia jai unikal\u0173 charakter\u012f, o galimyb\u0117 pasirinkti koj\u0173 spalv\u0105 ir kairi\u0105j\u0105 arba de\u0161ini\u0105j\u0105 versij\u0105 leid\u017eia j\u0105 derinti prie bet kokio interjero.<\/p>","protected":false},"excerpt":{"rendered":"<p>Forma: L<br \/>\nKampin\u0117 pus\u0117: De\u0161in\u0117<br \/>\nKampin\u0117 pus\u0117: Kair\u0117<br \/>\nPlotis: 292 cm<br \/>\nGylis: 220 cm<br \/>\nAuk\u0161tis: 78 cm<br \/>\nS\u0117dyn\u0117s auk\u0161tis: 45 cm<br \/>\nOsmano s\u0117dyn\u0117s gylis: 176 cm<br \/>\nKojos auk\u0161tis: 5 cm<br \/>\nKoj\u0173 spalva: chromas<br \/>\nKoj\u0173 med\u017eiaga: plastikas<br \/>\nSvoris: 172 kg<\/p>","protected":false},"featured_media":149079,"comment_status":"open","ping_status":"closed","template":"","meta":[],"product_brand":[],"product_cat":[9386,616,1983,4104],"product_tag":[],"class_list":{"0":"post-149055","1":"product","2":"type-product","3":"status-publish","4":"has-post-thumbnail","6":"product_cat-avangarde-wersal-upholstered-furniture","7":"product_cat-corners","8":"product_cat-corners-l","9":"product_cat-wersal","11":"first","12":"instock","13":"shipping-taxable","14":"purchasable","15":"product-type-variable","16":"wvs-archive-product-wrapper"},"_links":{"self":[{"href":"https:\/\/baldumarket.lt\/lt\/wp-json\/wp\/v2\/product\/149055","targetHints":{"allow":["GET"]}}],"collection":[{"href":"https:\/\/baldumarket.lt\/lt\/wp-json\/wp\/v2\/product"}],"about":[{"href":"https:\/\/baldumarket.lt\/lt\/wp-json\/wp\/v2\/types\/product"}],"replies":[{"embeddable":true,"href":"https:\/\/baldumarket.lt\/lt\/wp-json\/wp\/v2\/comments?post=149055"}],"wp:featuredmedia":[{"embeddable":true,"href":"https:\/\/baldumarket.lt\/lt\/wp-json\/wp\/v2\/media\/149079"}],"wp:attachment":[{"href":"https:\/\/baldumarket.lt\/lt\/wp-json\/wp\/v2\/media?parent=149055"}],"wp:term":[{"taxonomy":"product_brand","embeddable":true,"href":"https:\/\/baldumarket.lt\/lt\/wp-json\/wp\/v2\/product_brand?post=149055"},{"taxonomy":"product_cat","embeddable":true,"href":"https:\/\/baldumarket.lt\/lt\/wp-json\/wp\/v2\/product_cat?post=149055"},{"taxonomy":"product_tag","embeddable":true,"href":"https:\/\/baldumarket.lt\/lt\/wp-json\/wp\/v2\/product_tag?post=149055"}],"curies":[{"name":"wp","href":"https:\/\/api.w.org\/{rel}","templated":true}]}}