{"id":149036,"date":"2025-12-18T02:03:43","date_gmt":"2025-12-17T23:03:43","guid":{"rendered":"https:\/\/baldumarket.lt\/?post_type=product&#038;p=149036"},"modified":"2026-02-03T23:34:48","modified_gmt":"2026-02-03T20:34:48","slug":"naroznik-elektryczny-campo-xl-gr1","status":"publish","type":"product","link":"https:\/\/baldumarket.lt\/lt\/product\/naroznik-elektryczny-campo-xl-gr1\/","title":{"rendered":"Campo XL Gr1 elektrin\u0117 kampin\u0117 sofa"},"content":{"rendered":"<h5><span style=\"color: #54859b\">Apsilankykite m\u016bs\u0173 virtualioje WERSAL prek\u0117s \u017eenklo parduotuv\u0117je<\/span><\/h5>\n<p> <a href=\"https:\/\/my.matterport.com\/show\/?m=SjRhosZFbQJ\" target=\"_blank\" rel=\"noopener\"><span style=\"color: #e47025\">https:\/\/my.matterport.com\/<\/span><\/a><\/p>\n<p>\u201eAvangarde\u201c kolekcijos \u201eCampo XL\u201c kampin\u0117 sofa \u2013 tai eleganti\u0161kas ir modernus baldas, kuriame dera stilius ir novatori\u0161kos savyb\u0117s. \u012erengta elektra valdoma slankiojan\u010dia s\u0117dyne ir reguliuojamais galvos atlo\u0161ais su atsipalaidavimo funkcija, ji garantuoja maksimal\u0173 komfort\u0105 kasdieniam poilsiui. Subtil\u016bs si\u016bl\u0117s ir madingi strukt\u016brizuoti audiniai suteikia jai charakterio, o laisvai stovinti konstrukcija leid\u017eia j\u0105 pastatyti bet kurioje svetain\u0117s vietoje.<\/p>","protected":false},"excerpt":{"rendered":"<p>Forma: U<br \/>\nKampin\u0117 pus\u0117: De\u0161in\u0117<br \/>\nKampin\u0117 pus\u0117: Kair\u0117<br \/>\nPlotis: 374 cm<br \/>\nGylis: 220 cm<br \/>\nAuk\u0161tis: 78 cm<br \/>\nS\u0117dyn\u0117s auk\u0161tis: 45 cm<br \/>\nOsmano s\u0117dyn\u0117s gylis: 133\/176 cm<br \/>\nKojos auk\u0161tis: 5 cm<br \/>\nKoj\u0173 spalva: chromas<br \/>\nKoj\u0173 med\u017eiaga: plastikas<br \/>\nSvoris: 213 kg<\/p>","protected":false},"featured_media":149065,"comment_status":"open","ping_status":"closed","template":"","meta":[],"product_brand":[],"product_cat":[9386,616,1982,4104],"product_tag":[],"class_list":{"0":"post-149036","1":"product","2":"type-product","3":"status-publish","4":"has-post-thumbnail","6":"product_cat-avangarde-wersal-upholstered-furniture","7":"product_cat-corners","8":"product_cat-corners-u","9":"product_cat-wersal","11":"first","12":"instock","13":"shipping-taxable","14":"purchasable","15":"product-type-variable","16":"wvs-archive-product-wrapper"},"_links":{"self":[{"href":"https:\/\/baldumarket.lt\/lt\/wp-json\/wp\/v2\/product\/149036","targetHints":{"allow":["GET"]}}],"collection":[{"href":"https:\/\/baldumarket.lt\/lt\/wp-json\/wp\/v2\/product"}],"about":[{"href":"https:\/\/baldumarket.lt\/lt\/wp-json\/wp\/v2\/types\/product"}],"replies":[{"embeddable":true,"href":"https:\/\/baldumarket.lt\/lt\/wp-json\/wp\/v2\/comments?post=149036"}],"wp:featuredmedia":[{"embeddable":true,"href":"https:\/\/baldumarket.lt\/lt\/wp-json\/wp\/v2\/media\/149065"}],"wp:attachment":[{"href":"https:\/\/baldumarket.lt\/lt\/wp-json\/wp\/v2\/media?parent=149036"}],"wp:term":[{"taxonomy":"product_brand","embeddable":true,"href":"https:\/\/baldumarket.lt\/lt\/wp-json\/wp\/v2\/product_brand?post=149036"},{"taxonomy":"product_cat","embeddable":true,"href":"https:\/\/baldumarket.lt\/lt\/wp-json\/wp\/v2\/product_cat?post=149036"},{"taxonomy":"product_tag","embeddable":true,"href":"https:\/\/baldumarket.lt\/lt\/wp-json\/wp\/v2\/product_tag?post=149036"}],"curies":[{"name":"wp","href":"https:\/\/api.w.org\/{rel}","templated":true}]}}