{"id":149017,"date":"2025-12-18T02:02:15","date_gmt":"2025-12-17T23:02:15","guid":{"rendered":"https:\/\/baldumarket.lt\/?post_type=product&#038;p=149017"},"modified":"2026-02-03T23:34:49","modified_gmt":"2026-02-03T20:34:49","slug":"naroznik-elektryczny-chivas-gr1","status":"publish","type":"product","link":"https:\/\/baldumarket.lt\/lt\/product\/naroznik-elektryczny-chivas-gr1\/","title":{"rendered":"Chivas Gr1 elektrin\u0117 kampin\u0117 sofa"},"content":{"rendered":"<h5><span style=\"color: #54859b\">Apsilankykite m\u016bs\u0173 virtualioje WERSAL prek\u0117s \u017eenklo parduotuv\u0117je<\/span><\/h5>\n<p> <a href=\"https:\/\/my.matterport.com\/show\/?m=SjRhosZFbQJ\" target=\"_blank\" rel=\"noopener\"><span style=\"color: #e47025\">https:\/\/my.matterport.com\/<\/span><\/a><\/p>\n<p>\u201eChivas\u201c kampin\u0117 sofa \u2013 tai modernus baldas, sukurtas atsi\u017evelgiant \u012f maksimal\u0173 komfort\u0105 ir funkcionalum\u0105. Ji turi elektra reguliuojamo gylio s\u0117dyn\u0119, penki\u0173 pad\u0117\u010di\u0173 galvos atramas su atsipalaidavimo funkcija ir pasirenkam\u0105 patalyn\u0117s skyri\u0173, tod\u0117l u\u017etikrina kasdien\u012f komfort\u0105. Plonos juodos kojel\u0117s suteikia lengvumo ir elegancijos, o laisvai stovinti konstrukcija leid\u017eia jai atrodyti puikiai i\u0161 bet kokio kampo.<\/p>","protected":false},"excerpt":{"rendered":"<p>Forma: L<br \/>\nKampin\u0117 pus\u0117: De\u0161in\u0117<br \/>\nKampin\u0117 pus\u0117: Kair\u0117<br \/>\nPlotis: 278 cm<br \/>\nGylis: 105 cm<br \/>\nAuk\u0161tis: 76 cm<br \/>\nS\u0117dyn\u0117s auk\u0161tis: 44 cm<br \/>\nOsmano s\u0117dyn\u0117s gylis: 152 cm<br \/>\nOsmano plotis: 107 cm<br \/>\nKojos auk\u0161tis: 12 cm<br \/>\nKoj\u0173 spalva: juoda<br \/>\nKoj\u0173 med\u017eiaga: plastikas<br \/>\nSvoris: 134 kg<\/p>","protected":false},"featured_media":149048,"comment_status":"open","ping_status":"closed","template":"","meta":[],"product_brand":[],"product_cat":[9386,616,1983,4104],"product_tag":[],"class_list":{"0":"post-149017","1":"product","2":"type-product","3":"status-publish","4":"has-post-thumbnail","6":"product_cat-avangarde-wersal-upholstered-furniture","7":"product_cat-corners","8":"product_cat-corners-l","9":"product_cat-wersal","11":"first","12":"instock","13":"shipping-taxable","14":"purchasable","15":"product-type-variable","16":"wvs-archive-product-wrapper"},"_links":{"self":[{"href":"https:\/\/baldumarket.lt\/lt\/wp-json\/wp\/v2\/product\/149017","targetHints":{"allow":["GET"]}}],"collection":[{"href":"https:\/\/baldumarket.lt\/lt\/wp-json\/wp\/v2\/product"}],"about":[{"href":"https:\/\/baldumarket.lt\/lt\/wp-json\/wp\/v2\/types\/product"}],"replies":[{"embeddable":true,"href":"https:\/\/baldumarket.lt\/lt\/wp-json\/wp\/v2\/comments?post=149017"}],"wp:featuredmedia":[{"embeddable":true,"href":"https:\/\/baldumarket.lt\/lt\/wp-json\/wp\/v2\/media\/149048"}],"wp:attachment":[{"href":"https:\/\/baldumarket.lt\/lt\/wp-json\/wp\/v2\/media?parent=149017"}],"wp:term":[{"taxonomy":"product_brand","embeddable":true,"href":"https:\/\/baldumarket.lt\/lt\/wp-json\/wp\/v2\/product_brand?post=149017"},{"taxonomy":"product_cat","embeddable":true,"href":"https:\/\/baldumarket.lt\/lt\/wp-json\/wp\/v2\/product_cat?post=149017"},{"taxonomy":"product_tag","embeddable":true,"href":"https:\/\/baldumarket.lt\/lt\/wp-json\/wp\/v2\/product_tag?post=149017"}],"curies":[{"name":"wp","href":"https:\/\/api.w.org\/{rel}","templated":true}]}}