{"id":149010,"date":"2025-12-18T02:01:44","date_gmt":"2025-12-17T23:01:44","guid":{"rendered":"https:\/\/baldumarket.lt\/?post_type=product&#038;p=149010"},"modified":"2026-02-03T23:34:49","modified_gmt":"2026-02-03T20:34:49","slug":"naroznik-elektryczny-cocoon-l-gr1","status":"publish","type":"product","link":"https:\/\/baldumarket.lt\/lt\/product\/naroznik-elektryczny-cocoon-l-gr1\/","title":{"rendered":"Elektrin\u0117 kampin\u0117 sofa Cocoon L Gr1"},"content":{"rendered":"<h5><span style=\"color: #54859b\">Apsilankykite m\u016bs\u0173 virtualioje WERSAL prek\u0117s \u017eenklo parduotuv\u0117je<\/span><\/h5>\n<p> <a href=\"https:\/\/my.matterport.com\/show\/?m=SjRhosZFbQJ\" target=\"_blank\" rel=\"noopener\"><span style=\"color: #e47025\">https:\/\/my.matterport.com\/<\/span><\/a><\/p>\n<p>\u201eWERSAL\u201c kampin\u0117 sofa \u201eCOCOON L\u201c \u2013 tai modernus baldas, kuriame dera elegancija, funkcionalumas ir i\u0161skirtinis komfortas. D\u0117l elektra reguliuojamo s\u0117dyn\u0117s gylio galite pritaikyti s\u0117dyn\u0117s pad\u0117t\u012f pagal individualius poreikius ir visi\u0161kai atsipalaiduoti. Didelio elastingumo put\u0173 ir vingiuot\u0173 spyruokli\u0173 u\u017epildas garantuoja komfort\u0105 ir ilgaam\u017ei\u0161kum\u0105, o apmu\u0161tas atlo\u0161as leid\u017eia kampin\u0119 sof\u0105 pastatyti bet kurioje vietoje. Tai idealus pasirinkimas modernioms svetain\u0117ms, kuriose svarbiausia yra dizainas, patogumas ir kokyb\u0117.<\/p>","protected":false},"excerpt":{"rendered":"<p>Forma: L<br \/>\nKampin\u0117 pus\u0117: Kair\u0117<br \/>\nKampin\u0117 pus\u0117: De\u0161in\u0117<br \/>\nPlotis: 267 cm<br \/>\nGylis: 207 cm<br \/>\nAuk\u0161tis: 86 cm<br \/>\nS\u0117dyn\u0117s auk\u0161tis: 42 cm<br \/>\nOsmano plotis: 110 cm<br \/>\nOsmano gylis: 167 cm<br \/>\nKojos auk\u0161tis: 2,5 cm<br \/>\nKoj\u0173 spalva: juoda<br \/>\nKoj\u0173 med\u017eiaga: plastikas<br \/>\nSvoris: 125 kg<\/p>","protected":false},"featured_media":149038,"comment_status":"open","ping_status":"closed","template":"","meta":[],"product_brand":[],"product_cat":[9386,616,1983,4104],"product_tag":[],"class_list":{"0":"post-149010","1":"product","2":"type-product","3":"status-publish","4":"has-post-thumbnail","6":"product_cat-avangarde-wersal-upholstered-furniture","7":"product_cat-corners","8":"product_cat-corners-l","9":"product_cat-wersal","11":"first","12":"instock","13":"shipping-taxable","14":"purchasable","15":"product-type-variable","16":"wvs-archive-product-wrapper"},"_links":{"self":[{"href":"https:\/\/baldumarket.lt\/lt\/wp-json\/wp\/v2\/product\/149010","targetHints":{"allow":["GET"]}}],"collection":[{"href":"https:\/\/baldumarket.lt\/lt\/wp-json\/wp\/v2\/product"}],"about":[{"href":"https:\/\/baldumarket.lt\/lt\/wp-json\/wp\/v2\/types\/product"}],"replies":[{"embeddable":true,"href":"https:\/\/baldumarket.lt\/lt\/wp-json\/wp\/v2\/comments?post=149010"}],"wp:featuredmedia":[{"embeddable":true,"href":"https:\/\/baldumarket.lt\/lt\/wp-json\/wp\/v2\/media\/149038"}],"wp:attachment":[{"href":"https:\/\/baldumarket.lt\/lt\/wp-json\/wp\/v2\/media?parent=149010"}],"wp:term":[{"taxonomy":"product_brand","embeddable":true,"href":"https:\/\/baldumarket.lt\/lt\/wp-json\/wp\/v2\/product_brand?post=149010"},{"taxonomy":"product_cat","embeddable":true,"href":"https:\/\/baldumarket.lt\/lt\/wp-json\/wp\/v2\/product_cat?post=149010"},{"taxonomy":"product_tag","embeddable":true,"href":"https:\/\/baldumarket.lt\/lt\/wp-json\/wp\/v2\/product_tag?post=149010"}],"curies":[{"name":"wp","href":"https:\/\/api.w.org\/{rel}","templated":true}]}}