{"id":149001,"date":"2025-12-18T02:00:52","date_gmt":"2025-12-17T23:00:52","guid":{"rendered":"https:\/\/baldumarket.lt\/?post_type=product&#038;p=149001"},"modified":"2026-02-03T23:34:49","modified_gmt":"2026-02-03T20:34:49","slug":"naroznik-elektryczny-colombo-xl-gr1","status":"publish","type":"product","link":"https:\/\/baldumarket.lt\/lt\/product\/naroznik-elektryczny-colombo-xl-gr1\/","title":{"rendered":"Colombo XL Gr1 elektrin\u0117 kampin\u0117 sofa"},"content":{"rendered":"<h5><span style=\"color: #54859b\">Apsilankykite m\u016bs\u0173 virtualioje WERSAL prek\u0117s \u017eenklo parduotuv\u0117je<\/span><\/h5>\n<p> <a href=\"https:\/\/my.matterport.com\/show\/?m=SjRhosZFbQJ\" target=\"_blank\" rel=\"noopener\"><span style=\"color: #e47025\">https:\/\/my.matterport.com\/<\/span><\/a><\/p>\n<p>\u201eColombo XL\u201c kampin\u0117 sofa sujungia prabang\u0105, modernum\u0105 ir piln\u0105 funkcionalum\u0105. \u012erengta elektra reguliuojama s\u0117dyn\u0117, miegojimo funkcija, patalyn\u0117s d\u0117\u017ee ir reguliuojamais galvos atlo\u0161ais, ji u\u017etikrina maksimal\u0173 komfort\u0105 ir prisitaiko prie individuali\u0173 poreiki\u0173. Labai elastingas HR putplastis ir vingiuotos spyruokl\u0117s garantuoja ilgamet\u012f komfort\u0105, o eleganti\u0161kas dizainas ir rafinuotos detal\u0117s paver\u010dia \u201eColombo XL\u201c bet kurio svetain\u0117s akcentu.<\/p>","protected":false},"excerpt":{"rendered":"<p>Forma: U<br \/>\nKampin\u0117 pus\u0117: Kair\u0117<br \/>\nKampin\u0117 pus\u0117: De\u0161in\u0117<br \/>\nPlotis: 376 cm<br \/>\nGylis: 227 cm<br \/>\nAuk\u0161tis: 81 cm<br \/>\nS\u0117dyn\u0117s auk\u0161tis: 45 cm<br \/>\nOsmano s\u0117dyn\u0117s gylis: 176 cm<br \/>\nOsmano plotis: 130 cm<br \/>\nKojos auk\u0161tis: 5 cm<br \/>\nKoj\u0173 spalva: juoda<br \/>\nKoj\u0173 med\u017eiaga: plastikas<br \/>\nKonteinerio matmenys: 112 x 96 x 19 cm<\/p>","protected":false},"featured_media":149026,"comment_status":"open","ping_status":"closed","template":"","meta":[],"product_brand":[],"product_cat":[9386,616,1982,4104],"product_tag":[],"class_list":{"0":"post-149001","1":"product","2":"type-product","3":"status-publish","4":"has-post-thumbnail","6":"product_cat-avangarde-wersal-upholstered-furniture","7":"product_cat-corners","8":"product_cat-corners-u","9":"product_cat-wersal","11":"first","12":"instock","13":"shipping-taxable","14":"purchasable","15":"product-type-variable","16":"wvs-archive-product-wrapper"},"_links":{"self":[{"href":"https:\/\/baldumarket.lt\/lt\/wp-json\/wp\/v2\/product\/149001","targetHints":{"allow":["GET"]}}],"collection":[{"href":"https:\/\/baldumarket.lt\/lt\/wp-json\/wp\/v2\/product"}],"about":[{"href":"https:\/\/baldumarket.lt\/lt\/wp-json\/wp\/v2\/types\/product"}],"replies":[{"embeddable":true,"href":"https:\/\/baldumarket.lt\/lt\/wp-json\/wp\/v2\/comments?post=149001"}],"wp:featuredmedia":[{"embeddable":true,"href":"https:\/\/baldumarket.lt\/lt\/wp-json\/wp\/v2\/media\/149026"}],"wp:attachment":[{"href":"https:\/\/baldumarket.lt\/lt\/wp-json\/wp\/v2\/media?parent=149001"}],"wp:term":[{"taxonomy":"product_brand","embeddable":true,"href":"https:\/\/baldumarket.lt\/lt\/wp-json\/wp\/v2\/product_brand?post=149001"},{"taxonomy":"product_cat","embeddable":true,"href":"https:\/\/baldumarket.lt\/lt\/wp-json\/wp\/v2\/product_cat?post=149001"},{"taxonomy":"product_tag","embeddable":true,"href":"https:\/\/baldumarket.lt\/lt\/wp-json\/wp\/v2\/product_tag?post=149001"}],"curies":[{"name":"wp","href":"https:\/\/api.w.org\/{rel}","templated":true}]}}