{"id":148992,"date":"2025-12-18T01:59:45","date_gmt":"2025-12-17T22:59:45","guid":{"rendered":"https:\/\/baldumarket.lt\/?post_type=product&#038;p=148992"},"modified":"2026-02-03T23:34:49","modified_gmt":"2026-02-03T20:34:49","slug":"naroznik-elektryczny-colombo-mini-gr1","status":"publish","type":"product","link":"https:\/\/baldumarket.lt\/lt\/product\/naroznik-elektryczny-colombo-mini-gr1\/","title":{"rendered":"Colombo Mini Gr1 elektrin\u0117 kampin\u0117 sofa"},"content":{"rendered":"<h5><span style=\"color: #54859b\">Apsilankykite m\u016bs\u0173 virtualioje WERSAL prek\u0117s \u017eenklo parduotuv\u0117je<\/span><\/h5>\n<p> <a href=\"https:\/\/my.matterport.com\/show\/?m=SjRhosZFbQJ\" target=\"_blank\" rel=\"noopener\"><span style=\"color: #e47025\">https:\/\/my.matterport.com\/<\/span><\/a><\/p>\n<p>\u201eColombo Mini\u201c kampin\u0117 sofa \u2013 tai modernus baldas, kuriame dera elegancija ir prakti\u0161kumas. \u012erengta elektra reguliuojama s\u0117dyn\u0117, miegojimo funkcija ir daiktad\u0117\u017e\u0117, ji u\u017etikrina maksimal\u0173 komfort\u0105 ir funkcionalum\u0105 kiekvien\u0105 dien\u0105. Reguliuojamos galvos atramos ir itin elastingas HR putplastis garantuoja auk\u0161\u010diausi\u0105 komforto lyg\u012f, o minimalistinis dizainas ir kruop\u0161ti apdaila paver\u010dia \u201eColombo Mini\u201c puikiai deran\u010diu bet kok\u012f modern\u0173 interjer\u0105.<\/p>","protected":false},"excerpt":{"rendered":"<p>Forma: L<br \/>\nKampin\u0117 pus\u0117: Kair\u0117<br \/>\nKampin\u0117 pus\u0117: De\u0161in\u0117<br \/>\nPlotis: 275 cm<br \/>\nGylis: 182 cm<br \/>\nAuk\u0161tis: 81 cm<br \/>\nS\u0117dyn\u0117s auk\u0161tis: 45 cm<br \/>\nOsmano plotis: 109 cm<br \/>\nOsmano gylis: 130 cm<br \/>\nKojos auk\u0161tis: 5 cm<br \/>\nKoj\u0173 spalva: juoda<br \/>\nKoj\u0173 med\u017eiaga: plastikas<br \/>\nKonteinerio matmenys: 132 x 71 x 17 cm<\/p>","protected":false},"featured_media":149019,"comment_status":"open","ping_status":"closed","template":"","meta":[],"product_brand":[],"product_cat":[9386,616,1983,4104],"product_tag":[],"class_list":{"0":"post-148992","1":"product","2":"type-product","3":"status-publish","4":"has-post-thumbnail","6":"product_cat-avangarde-wersal-upholstered-furniture","7":"product_cat-corners","8":"product_cat-corners-l","9":"product_cat-wersal","11":"first","12":"instock","13":"shipping-taxable","14":"purchasable","15":"product-type-variable","16":"wvs-archive-product-wrapper"},"_links":{"self":[{"href":"https:\/\/baldumarket.lt\/lt\/wp-json\/wp\/v2\/product\/148992","targetHints":{"allow":["GET"]}}],"collection":[{"href":"https:\/\/baldumarket.lt\/lt\/wp-json\/wp\/v2\/product"}],"about":[{"href":"https:\/\/baldumarket.lt\/lt\/wp-json\/wp\/v2\/types\/product"}],"replies":[{"embeddable":true,"href":"https:\/\/baldumarket.lt\/lt\/wp-json\/wp\/v2\/comments?post=148992"}],"wp:featuredmedia":[{"embeddable":true,"href":"https:\/\/baldumarket.lt\/lt\/wp-json\/wp\/v2\/media\/149019"}],"wp:attachment":[{"href":"https:\/\/baldumarket.lt\/lt\/wp-json\/wp\/v2\/media?parent=148992"}],"wp:term":[{"taxonomy":"product_brand","embeddable":true,"href":"https:\/\/baldumarket.lt\/lt\/wp-json\/wp\/v2\/product_brand?post=148992"},{"taxonomy":"product_cat","embeddable":true,"href":"https:\/\/baldumarket.lt\/lt\/wp-json\/wp\/v2\/product_cat?post=148992"},{"taxonomy":"product_tag","embeddable":true,"href":"https:\/\/baldumarket.lt\/lt\/wp-json\/wp\/v2\/product_tag?post=148992"}],"curies":[{"name":"wp","href":"https:\/\/api.w.org\/{rel}","templated":true}]}}