{"id":148972,"date":"2025-12-18T01:57:54","date_gmt":"2025-12-17T22:57:54","guid":{"rendered":"https:\/\/baldumarket.lt\/?post_type=product&#038;p=148972"},"modified":"2026-02-03T23:34:49","modified_gmt":"2026-02-03T20:34:49","slug":"naroznik-denver-gr1","status":"publish","type":"product","link":"https:\/\/baldumarket.lt\/lt\/product\/naroznik-denver-gr1\/","title":{"rendered":"Denverio Gr1 kampinis"},"content":{"rendered":"<h5><span style=\"color: #54859b\">Apsilankykite m\u016bs\u0173 virtualioje WERSAL prek\u0117s \u017eenklo parduotuv\u0117je<\/span><\/h5>\n<p> <a href=\"https:\/\/my.matterport.com\/show\/?m=SjRhosZFbQJ\" target=\"_blank\" rel=\"noopener\"><span style=\"color: #e47025\">https:\/\/my.matterport.com\/<\/span><\/a><\/p>\n<p>\u201eDenver\u201c kampin\u0117 sofa derina modern\u0173 stili\u0173 su prakti\u0161komis savyb\u0117mis. Ji turi delfino miegojimo funkcij\u0105, patalyn\u0117s d\u0117\u017e\u0119, reguliuojamus galvos ir nugaros atlo\u0161us, tod\u0117l kiekvien\u0105 dien\u0105 u\u017etikrina maksimal\u0173 komfort\u0105. Didelio elastingumo put\u0173 ir zigzago spyruokli\u0173 u\u017epildas garantuoja ilgaam\u017ei\u0161kum\u0105 ir puik\u0173 atram\u0105. Apmu\u0161tas atlo\u0161as ir metalin\u0117s kojel\u0117s suteikia jai lengvumo poj\u016bt\u012f, o 288 cm plotis \u201eDenver\u201c puikiai tinka moderniai svetainei.<\/p>","protected":false},"excerpt":{"rendered":"<p>Forma: L<br \/>\nKampin\u0117 pus\u0117: Kair\u0117<br \/>\nKampin\u0117 pus\u0117: De\u0161in\u0117<br \/>\nPlotis: 288 cm<br \/>\nGylis: 218 cm<br \/>\nAuk\u0161tis: 77 cm<br \/>\nS\u0117dyn\u0117s auk\u0161tis: 46 cm<br \/>\nOsmano plotis: 125 cm<br \/>\nOsmano gylis: 146 cm<br \/>\nKojos auk\u0161tis: 14 cm<br \/>\nKoj\u0173 spalva: juoda<br \/>\nKoj\u0173 med\u017eiaga: metalas<br \/>\nKonteinerio matmenys: 15 x 84 x 113 cm<\/p>","protected":false},"featured_media":149003,"comment_status":"open","ping_status":"closed","template":"","meta":[],"product_brand":[],"product_cat":[9386,616,1983,4104],"product_tag":[],"class_list":{"0":"post-148972","1":"product","2":"type-product","3":"status-publish","4":"has-post-thumbnail","6":"product_cat-avangarde-wersal-upholstered-furniture","7":"product_cat-corners","8":"product_cat-corners-l","9":"product_cat-wersal","11":"first","12":"instock","13":"shipping-taxable","14":"purchasable","15":"product-type-variable","16":"wvs-archive-product-wrapper"},"_links":{"self":[{"href":"https:\/\/baldumarket.lt\/lt\/wp-json\/wp\/v2\/product\/148972","targetHints":{"allow":["GET"]}}],"collection":[{"href":"https:\/\/baldumarket.lt\/lt\/wp-json\/wp\/v2\/product"}],"about":[{"href":"https:\/\/baldumarket.lt\/lt\/wp-json\/wp\/v2\/types\/product"}],"replies":[{"embeddable":true,"href":"https:\/\/baldumarket.lt\/lt\/wp-json\/wp\/v2\/comments?post=148972"}],"wp:featuredmedia":[{"embeddable":true,"href":"https:\/\/baldumarket.lt\/lt\/wp-json\/wp\/v2\/media\/149003"}],"wp:attachment":[{"href":"https:\/\/baldumarket.lt\/lt\/wp-json\/wp\/v2\/media?parent=148972"}],"wp:term":[{"taxonomy":"product_brand","embeddable":true,"href":"https:\/\/baldumarket.lt\/lt\/wp-json\/wp\/v2\/product_brand?post=148972"},{"taxonomy":"product_cat","embeddable":true,"href":"https:\/\/baldumarket.lt\/lt\/wp-json\/wp\/v2\/product_cat?post=148972"},{"taxonomy":"product_tag","embeddable":true,"href":"https:\/\/baldumarket.lt\/lt\/wp-json\/wp\/v2\/product_tag?post=148972"}],"curies":[{"name":"wp","href":"https:\/\/api.w.org\/{rel}","templated":true}]}}