{"id":148946,"date":"2025-12-18T01:55:49","date_gmt":"2025-12-17T22:55:49","guid":{"rendered":"https:\/\/baldumarket.lt\/?post_type=product&#038;p=148946"},"modified":"2026-02-03T23:34:50","modified_gmt":"2026-02-03T20:34:50","slug":"naroznik-elektryczny-enzo-s-gr1","status":"publish","type":"product","link":"https:\/\/baldumarket.lt\/lt\/product\/naroznik-elektryczny-enzo-s-gr1\/","title":{"rendered":"Enzo S Gr1 elektrin\u0117 kampin\u0117 sofa"},"content":{"rendered":"<h5><span style=\"color: #54859b\">Apsilankykite m\u016bs\u0173 virtualioje WERSAL prek\u0117s \u017eenklo parduotuv\u0117je<\/span><\/h5>\n<p> <a href=\"https:\/\/my.matterport.com\/show\/?m=SjRhosZFbQJ\" target=\"_blank\" rel=\"noopener\"><span style=\"color: #e47025\">https:\/\/my.matterport.com\/<\/span><\/a><\/p>\n<p>Kampin\u0117 sofa \u201eEnzo S\u201c \u2013 tai elegancijos, modernaus stiliaus ir i\u0161skirtinio komforto derinys. Ji turi elektra valdom\u0105 s\u0117dyn\u0119 (0\u201360 cm) ir reguliuojamas galvos atramas, tod\u0117l j\u0105 galima visi\u0161kai pritaikyti individualiems poreikiams. Labai elastingas putplastis ir vingiuotos spyruokl\u0117s garantuoja ilgaam\u017ei\u0161kum\u0105 ir komfort\u0105, o apmu\u0161tas atlo\u0161as leid\u017eia lanks\u010diai i\u0161d\u0117styti sof\u0105 bet kurioje svetain\u0117je. Tai puikus pasirinkimas tiems, kurie vertina funkcionalius ir dizaineri\u0161kus sprendimus.<\/p>","protected":false},"excerpt":{"rendered":"<p>Forma: L<br \/>\nKampin\u0117 pus\u0117: Kair\u0117<br \/>\nKampin\u0117 pus\u0117: De\u0161in\u0117<br \/>\nPlotis: 282 cm<br \/>\nGylis: 113 cm<br \/>\nAuk\u0161tis: 86 cm<br \/>\nS\u0117dyn\u0117s auk\u0161tis: 46 cm<br \/>\nOsmano plotis: 114 cm<br \/>\nOsmano gylis: 137 cm<br \/>\nKojos auk\u0161tis: 5 cm<br \/>\nKoj\u0173 spalva: juoda<br \/>\nKoj\u0173 med\u017eiaga: plastikas<br \/>\nKonteinerio matmenys: 20 x 74 x 127 cm<\/p>","protected":false},"featured_media":148974,"comment_status":"open","ping_status":"closed","template":"","meta":[],"product_brand":[],"product_cat":[9386,616,1983,4104],"product_tag":[],"class_list":{"0":"post-148946","1":"product","2":"type-product","3":"status-publish","4":"has-post-thumbnail","6":"product_cat-avangarde-wersal-upholstered-furniture","7":"product_cat-corners","8":"product_cat-corners-l","9":"product_cat-wersal","11":"first","12":"instock","13":"shipping-taxable","14":"purchasable","15":"product-type-variable","16":"wvs-archive-product-wrapper"},"_links":{"self":[{"href":"https:\/\/baldumarket.lt\/lt\/wp-json\/wp\/v2\/product\/148946","targetHints":{"allow":["GET"]}}],"collection":[{"href":"https:\/\/baldumarket.lt\/lt\/wp-json\/wp\/v2\/product"}],"about":[{"href":"https:\/\/baldumarket.lt\/lt\/wp-json\/wp\/v2\/types\/product"}],"replies":[{"embeddable":true,"href":"https:\/\/baldumarket.lt\/lt\/wp-json\/wp\/v2\/comments?post=148946"}],"wp:featuredmedia":[{"embeddable":true,"href":"https:\/\/baldumarket.lt\/lt\/wp-json\/wp\/v2\/media\/148974"}],"wp:attachment":[{"href":"https:\/\/baldumarket.lt\/lt\/wp-json\/wp\/v2\/media?parent=148946"}],"wp:term":[{"taxonomy":"product_brand","embeddable":true,"href":"https:\/\/baldumarket.lt\/lt\/wp-json\/wp\/v2\/product_brand?post=148946"},{"taxonomy":"product_cat","embeddable":true,"href":"https:\/\/baldumarket.lt\/lt\/wp-json\/wp\/v2\/product_cat?post=148946"},{"taxonomy":"product_tag","embeddable":true,"href":"https:\/\/baldumarket.lt\/lt\/wp-json\/wp\/v2\/product_tag?post=148946"}],"curies":[{"name":"wp","href":"https:\/\/api.w.org\/{rel}","templated":true}]}}