{"id":148921,"date":"2025-12-18T01:23:27","date_gmt":"2025-12-17T22:23:27","guid":{"rendered":"https:\/\/baldumarket.lt\/?post_type=product&#038;p=148921"},"modified":"2026-02-03T23:34:50","modified_gmt":"2026-02-03T20:34:50","slug":"naroznik-elektryczny-focus-l-gr1","status":"publish","type":"product","link":"https:\/\/baldumarket.lt\/lt\/product\/naroznik-elektryczny-focus-l-gr1\/","title":{"rendered":"Elektrin\u0117 kampin\u0117 sofa Focus L Gr1"},"content":{"rendered":"<h5><span style=\"color: #54859b\">Apsilankykite m\u016bs\u0173 virtualioje WERSAL prek\u0117s \u017eenklo parduotuv\u0117je<\/span><\/h5>\n<p> <a href=\"https:\/\/my.matterport.com\/show\/?m=SjRhosZFbQJ\" target=\"_blank\" rel=\"noopener\"><span style=\"color: #e47025\">https:\/\/my.matterport.com\/<\/span><\/a><\/p>\n<p>\u201eFocus L\u201c kampin\u0117 sofa apjungia modern\u0173 dizain\u0105, komfort\u0105 ir funkcionalum\u0105. Ji turi elektra reguliuojam\u0105 s\u0117dyn\u0117s gyl\u012f ir atsipalaidavimo funkcij\u0105 su reguliuojamomis galvos atramomis, tod\u0117l j\u0105 galima visi\u0161kai pritaikyti prie individuali\u0173 poreiki\u0173. Tvirta konstrukcija, itin elastingas putplastis ir vingiuotos spyruokl\u0117s garantuoja patvarum\u0105 ir komfort\u0105 ilgus metus. Plonos 15 cm metalin\u0117s kojel\u0117s suteikia lengvumo ir modernaus charakterio, o apmu\u0161tas atlo\u0161as leid\u017eia sof\u0105 pastatyti bet kurioje svetain\u0117s vietoje.<\/p>","protected":false},"excerpt":{"rendered":"<p>Forma: L<br \/>\nKampin\u0117 pus\u0117: De\u0161in\u0117<br \/>\nKampin\u0117 pus\u0117: Kair\u0117<br \/>\nPlotis: 278 cm<br \/>\nGylis: 204 cm<br \/>\nAuk\u0161tis: 82 cm<br \/>\nS\u0117dyn\u0117s auk\u0161tis: 45 cm<br \/>\nOsmano s\u0117dyn\u0117s gylis: 156 cm<br \/>\nOsmano plotis: 106 cm<br \/>\nKojos auk\u0161tis: 12 cm<br \/>\nKoj\u0173 spalva: juoda<br \/>\nKoj\u0173 med\u017eiaga: metalas<br \/>\nSvoris: 135 kg<\/p>","protected":false},"featured_media":148967,"comment_status":"open","ping_status":"closed","template":"","meta":[],"product_brand":[],"product_cat":[9386,616,1983,4104],"product_tag":[],"class_list":{"0":"post-148921","1":"product","2":"type-product","3":"status-publish","4":"has-post-thumbnail","6":"product_cat-avangarde-wersal-upholstered-furniture","7":"product_cat-corners","8":"product_cat-corners-l","9":"product_cat-wersal","11":"first","12":"instock","13":"shipping-taxable","14":"purchasable","15":"product-type-variable","16":"wvs-archive-product-wrapper"},"_links":{"self":[{"href":"https:\/\/baldumarket.lt\/lt\/wp-json\/wp\/v2\/product\/148921","targetHints":{"allow":["GET"]}}],"collection":[{"href":"https:\/\/baldumarket.lt\/lt\/wp-json\/wp\/v2\/product"}],"about":[{"href":"https:\/\/baldumarket.lt\/lt\/wp-json\/wp\/v2\/types\/product"}],"replies":[{"embeddable":true,"href":"https:\/\/baldumarket.lt\/lt\/wp-json\/wp\/v2\/comments?post=148921"}],"wp:featuredmedia":[{"embeddable":true,"href":"https:\/\/baldumarket.lt\/lt\/wp-json\/wp\/v2\/media\/148967"}],"wp:attachment":[{"href":"https:\/\/baldumarket.lt\/lt\/wp-json\/wp\/v2\/media?parent=148921"}],"wp:term":[{"taxonomy":"product_brand","embeddable":true,"href":"https:\/\/baldumarket.lt\/lt\/wp-json\/wp\/v2\/product_brand?post=148921"},{"taxonomy":"product_cat","embeddable":true,"href":"https:\/\/baldumarket.lt\/lt\/wp-json\/wp\/v2\/product_cat?post=148921"},{"taxonomy":"product_tag","embeddable":true,"href":"https:\/\/baldumarket.lt\/lt\/wp-json\/wp\/v2\/product_tag?post=148921"}],"curies":[{"name":"wp","href":"https:\/\/api.w.org\/{rel}","templated":true}]}}