{"id":148901,"date":"2025-12-18T01:21:39","date_gmt":"2025-12-17T22:21:39","guid":{"rendered":"https:\/\/baldumarket.lt\/?post_type=product&#038;p=148901"},"modified":"2026-02-03T23:34:50","modified_gmt":"2026-02-03T20:34:50","slug":"naroznik-galiano-l-gr1","status":"publish","type":"product","link":"https:\/\/baldumarket.lt\/lt\/product\/naroznik-galiano-l-gr1\/","title":{"rendered":"Kampin\u0117 sofa Galiano L Gr1"},"content":{"rendered":"<h5><span style=\"color: #54859b\">Apsilankykite m\u016bs\u0173 virtualioje WERSAL prek\u0117s \u017eenklo parduotuv\u0117je<\/span><\/h5>\n<p> <a href=\"https:\/\/my.matterport.com\/show\/?m=SjRhosZFbQJ\" target=\"_blank\" rel=\"noopener\"><span style=\"color: #e47025\">https:\/\/my.matterport.com\/<\/span><\/a><\/p>\n<p>\u201eGalliano L\u201c kampin\u0117 sofa sujungia modern\u0173 elegancij\u0105, komfort\u0105 ir funkcionalum\u0105. Su DELFIN miegojimo funkcija, reguliuojamomis galvos atramomis ir stumdomomis atlo\u0161ais, ji garantuoja komfort\u0105 tiek kasdieniam poilsiui, tiek nakties miegui. Labai elastingas putplastis ir vingiuotos spyruokl\u0117s u\u017etikrina s\u0117dyn\u0117s patvarum\u0105 ir atsparum\u0105, o apmu\u0161tas atlo\u0161as leid\u017eia lanks\u010diai i\u0161d\u0117styti j\u0105 bet kurioje svetain\u0117s vietoje. \u0160i moderni kampin\u0117 sofa puikiai suderina stili\u0173 ir prakti\u0161kum\u0105.<\/p>","protected":false},"excerpt":{"rendered":"<p>Forma: L<br \/>\nKampin\u0117 pus\u0117: Kair\u0117<br \/>\nKampin\u0117 pus\u0117: De\u0161in\u0117<br \/>\nPlotis: 270 cm<br \/>\nGylis: 210 cm<br \/>\nAuk\u0161tis: 88 cm<br \/>\nS\u0117dyn\u0117s auk\u0161tis: 45 cm<br \/>\nOsmano plotis: 98 cm<br \/>\nOsmano gylis: 179 cm<br \/>\nKojos auk\u0161tis: 2,5 cm<br \/>\nKoj\u0173 spalva: juoda<br \/>\nKoj\u0173 med\u017eiaga: plastikas<br \/>\nKonteinerio matmenys: 22 x 84 x 190 cm<\/p>","protected":false},"featured_media":148948,"comment_status":"open","ping_status":"closed","template":"","meta":[],"product_brand":[],"product_cat":[9386,616,1983,4104],"product_tag":[],"class_list":{"0":"post-148901","1":"product","2":"type-product","3":"status-publish","4":"has-post-thumbnail","6":"product_cat-avangarde-wersal-upholstered-furniture","7":"product_cat-corners","8":"product_cat-corners-l","9":"product_cat-wersal","11":"first","12":"instock","13":"shipping-taxable","14":"purchasable","15":"product-type-variable","16":"wvs-archive-product-wrapper"},"_links":{"self":[{"href":"https:\/\/baldumarket.lt\/lt\/wp-json\/wp\/v2\/product\/148901","targetHints":{"allow":["GET"]}}],"collection":[{"href":"https:\/\/baldumarket.lt\/lt\/wp-json\/wp\/v2\/product"}],"about":[{"href":"https:\/\/baldumarket.lt\/lt\/wp-json\/wp\/v2\/types\/product"}],"replies":[{"embeddable":true,"href":"https:\/\/baldumarket.lt\/lt\/wp-json\/wp\/v2\/comments?post=148901"}],"wp:featuredmedia":[{"embeddable":true,"href":"https:\/\/baldumarket.lt\/lt\/wp-json\/wp\/v2\/media\/148948"}],"wp:attachment":[{"href":"https:\/\/baldumarket.lt\/lt\/wp-json\/wp\/v2\/media?parent=148901"}],"wp:term":[{"taxonomy":"product_brand","embeddable":true,"href":"https:\/\/baldumarket.lt\/lt\/wp-json\/wp\/v2\/product_brand?post=148901"},{"taxonomy":"product_cat","embeddable":true,"href":"https:\/\/baldumarket.lt\/lt\/wp-json\/wp\/v2\/product_cat?post=148901"},{"taxonomy":"product_tag","embeddable":true,"href":"https:\/\/baldumarket.lt\/lt\/wp-json\/wp\/v2\/product_tag?post=148901"}],"curies":[{"name":"wp","href":"https:\/\/api.w.org\/{rel}","templated":true}]}}