{"id":148890,"date":"2025-12-18T01:20:25","date_gmt":"2025-12-17T22:20:25","guid":{"rendered":"https:\/\/baldumarket.lt\/?post_type=product&#038;p=148890"},"modified":"2026-02-03T23:34:50","modified_gmt":"2026-02-03T20:34:50","slug":"naroznik-galiano-s-gr1","status":"publish","type":"product","link":"https:\/\/baldumarket.lt\/lt\/product\/naroznik-galiano-s-gr1\/","title":{"rendered":"Kampin\u0117 sofa Galiano S Gr1"},"content":{"rendered":"<h5><span style=\"color: #54859b\">Apsilankykite m\u016bs\u0173 virtualioje WERSAL prek\u0117s \u017eenklo parduotuv\u0117je<\/span><\/h5>\n<p> <a href=\"https:\/\/my.matterport.com\/show\/?m=SjRhosZFbQJ\" target=\"_blank\" rel=\"noopener\"><span style=\"color: #e47025\">https:\/\/my.matterport.com\/<\/span><\/a><\/p>\n<p>\u201eGalliano S\u201c kampin\u0117 sofa \u2013 tai harmoningas modernaus dizaino, komforto ir funkcionalumo derinys, puikiai tinkantis \u0161iuolaiki\u0161koms svetain\u0117ms. \u012erengta DELFIN miegojimo funkcija ir prakti\u0161ka patalyn\u0117s spintele, ji puikiai tinka tiek kasdieniam poilsiui, tiek retkar\u010diais pernakvoti. Komfort\u0105 didina stumdomos atlo\u0161o atlo\u0161ai, reguliuojamas porankis ir tvirtos vingiuotos spyruokl\u0117s, u\u017etikrinan\u010dios lanks\u010di\u0105 ir stabili\u0105 s\u0117d\u0117jimo pad\u0117t\u012f. Kampin\u0117 sofa yra laisvai stovinti, tod\u0117l j\u0105 galite pastatyti bet kurioje svetain\u0117s vietoje.<\/p>","protected":false},"excerpt":{"rendered":"<p>Forma: L<br \/>\nKampin\u0117 pus\u0117: Kair\u0117<br \/>\nKampin\u0117 pus\u0117: De\u0161in\u0117<br \/>\nPlotis: 280 cm<br \/>\nGylis: 173 cm<br \/>\nAuk\u0161tis: 88 cm<br \/>\nS\u0117dyn\u0117s auk\u0161tis: 45 cm<br \/>\nOsmano plotis: 105 cm<br \/>\nOsmano gylis: 142 cm<br \/>\nKojos auk\u0161tis: 2,5 cm<br \/>\nKoj\u0173 spalva: juoda<br \/>\nKoj\u0173 med\u017eiaga: plastikas<br \/>\nKonteinerio matmenys: 22 x 75 x 155 cm<\/p>","protected":false},"featured_media":148938,"comment_status":"open","ping_status":"closed","template":"","meta":[],"product_brand":[],"product_cat":[9386,616,1983,4104],"product_tag":[],"class_list":{"0":"post-148890","1":"product","2":"type-product","3":"status-publish","4":"has-post-thumbnail","6":"product_cat-avangarde-wersal-upholstered-furniture","7":"product_cat-corners","8":"product_cat-corners-l","9":"product_cat-wersal","11":"first","12":"instock","13":"shipping-taxable","14":"purchasable","15":"product-type-variable","16":"wvs-archive-product-wrapper"},"_links":{"self":[{"href":"https:\/\/baldumarket.lt\/lt\/wp-json\/wp\/v2\/product\/148890","targetHints":{"allow":["GET"]}}],"collection":[{"href":"https:\/\/baldumarket.lt\/lt\/wp-json\/wp\/v2\/product"}],"about":[{"href":"https:\/\/baldumarket.lt\/lt\/wp-json\/wp\/v2\/types\/product"}],"replies":[{"embeddable":true,"href":"https:\/\/baldumarket.lt\/lt\/wp-json\/wp\/v2\/comments?post=148890"}],"wp:featuredmedia":[{"embeddable":true,"href":"https:\/\/baldumarket.lt\/lt\/wp-json\/wp\/v2\/media\/148938"}],"wp:attachment":[{"href":"https:\/\/baldumarket.lt\/lt\/wp-json\/wp\/v2\/media?parent=148890"}],"wp:term":[{"taxonomy":"product_brand","embeddable":true,"href":"https:\/\/baldumarket.lt\/lt\/wp-json\/wp\/v2\/product_brand?post=148890"},{"taxonomy":"product_cat","embeddable":true,"href":"https:\/\/baldumarket.lt\/lt\/wp-json\/wp\/v2\/product_cat?post=148890"},{"taxonomy":"product_tag","embeddable":true,"href":"https:\/\/baldumarket.lt\/lt\/wp-json\/wp\/v2\/product_tag?post=148890"}],"curies":[{"name":"wp","href":"https:\/\/api.w.org\/{rel}","templated":true}]}}