{"id":148880,"date":"2025-12-18T01:19:27","date_gmt":"2025-12-17T22:19:27","guid":{"rendered":"https:\/\/baldumarket.lt\/?post_type=product&#038;p=148880"},"modified":"2026-02-03T23:34:51","modified_gmt":"2026-02-03T20:34:51","slug":"naroznik-gandi-l120-gr1","status":"publish","type":"product","link":"https:\/\/baldumarket.lt\/lt\/product\/naroznik-gandi-l120-gr1\/","title":{"rendered":"Gandi L120 Gr1 kampin\u0117 sofa"},"content":{"rendered":"<h5><span style=\"color: #54859b\">Apsilankykite m\u016bs\u0173 virtualioje WERSAL prek\u0117s \u017eenklo parduotuv\u0117je<\/span><\/h5>\n<p> <a href=\"https:\/\/my.matterport.com\/show\/?m=SjRhosZFbQJ\" target=\"_blank\" rel=\"noopener\"><span style=\"color: #e47025\">https:\/\/my.matterport.com\/<\/span><\/a><\/p>\n<p>\u201eGandi L120\u201c kampin\u0117 sofa \u2013 tai modernus modelis, kuriame dera elegancija, funkcionalumas ir didelis komfortas. \u012erengta itali\u0161ka miegojimo sistema, erdvi patalyn\u0117s saugykla ir reguliuojamos galvos atramos, tai puikus sprendimas tiek kasdieniam poilsiui, tiek sve\u010di\u0173 pri\u0117mimui. Tvirtos metalin\u0117s kojel\u0117s, vingiuotos spyruokl\u0117s ir labai elastingas putplastis garantuoja komfort\u0105 ir ilgaam\u017ei\u0161kum\u0105 ilgus metus. D\u0117l visi\u0161kai apmu\u0161to atlo\u0161o, kampin\u0117 sofa taip pat puikiai tinka kaip atskira sofa.<\/p>","protected":false},"excerpt":{"rendered":"<p>Forma: L<br \/>\nKampin\u0117 pus\u0117: Kair\u0117<br \/>\nKampin\u0117 pus\u0117: De\u0161in\u0117<br \/>\nPlotis: 261 cm<br \/>\nGylis: 102 cm<br \/>\nAuk\u0161tis: 81 cm<br \/>\nS\u0117dyn\u0117s auk\u0161tis: 51 cm<br \/>\nOsmano plotis: 102 cm<br \/>\nOsmano gylis: 161 cm<br \/>\nKojos auk\u0161tis: 13 cm<br \/>\nKoj\u0173 spalva: juoda<br \/>\nKoj\u0173 med\u017eiaga: metalas<br \/>\nKonteinerio matmenys: 85 x 189 x 18 cm<\/p>","protected":false},"featured_media":148928,"comment_status":"open","ping_status":"closed","template":"","meta":[],"product_brand":[],"product_cat":[9386,616,1983,4104],"product_tag":[],"class_list":{"0":"post-148880","1":"product","2":"type-product","3":"status-publish","4":"has-post-thumbnail","6":"product_cat-avangarde-wersal-upholstered-furniture","7":"product_cat-corners","8":"product_cat-corners-l","9":"product_cat-wersal","11":"first","12":"instock","13":"shipping-taxable","14":"purchasable","15":"product-type-variable","16":"wvs-archive-product-wrapper"},"_links":{"self":[{"href":"https:\/\/baldumarket.lt\/lt\/wp-json\/wp\/v2\/product\/148880","targetHints":{"allow":["GET"]}}],"collection":[{"href":"https:\/\/baldumarket.lt\/lt\/wp-json\/wp\/v2\/product"}],"about":[{"href":"https:\/\/baldumarket.lt\/lt\/wp-json\/wp\/v2\/types\/product"}],"replies":[{"embeddable":true,"href":"https:\/\/baldumarket.lt\/lt\/wp-json\/wp\/v2\/comments?post=148880"}],"wp:featuredmedia":[{"embeddable":true,"href":"https:\/\/baldumarket.lt\/lt\/wp-json\/wp\/v2\/media\/148928"}],"wp:attachment":[{"href":"https:\/\/baldumarket.lt\/lt\/wp-json\/wp\/v2\/media?parent=148880"}],"wp:term":[{"taxonomy":"product_brand","embeddable":true,"href":"https:\/\/baldumarket.lt\/lt\/wp-json\/wp\/v2\/product_brand?post=148880"},{"taxonomy":"product_cat","embeddable":true,"href":"https:\/\/baldumarket.lt\/lt\/wp-json\/wp\/v2\/product_cat?post=148880"},{"taxonomy":"product_tag","embeddable":true,"href":"https:\/\/baldumarket.lt\/lt\/wp-json\/wp\/v2\/product_tag?post=148880"}],"curies":[{"name":"wp","href":"https:\/\/api.w.org\/{rel}","templated":true}]}}