{"id":148822,"date":"2025-12-18T01:14:38","date_gmt":"2025-12-17T22:14:38","guid":{"rendered":"https:\/\/baldumarket.lt\/?post_type=product&#038;p=148822"},"modified":"2026-02-03T23:34:51","modified_gmt":"2026-02-03T20:34:51","slug":"naroznik-elektryczny-ilusio-xl-gr1","status":"publish","type":"product","link":"https:\/\/baldumarket.lt\/lt\/product\/naroznik-elektryczny-ilusio-xl-gr1\/","title":{"rendered":"Ilusio XL Gr1 elektrin\u0117 kampin\u0117 sofa"},"content":{"rendered":"<h5><span style=\"color: #54859b\">Apsilankykite m\u016bs\u0173 virtualioje WERSAL prek\u0117s \u017eenklo parduotuv\u0117je<\/span><\/h5>\n<p> <a href=\"https:\/\/my.matterport.com\/show\/?m=SjRhosZFbQJ\" target=\"_blank\" rel=\"noopener\"><span style=\"color: #e47025\">https:\/\/my.matterport.com\/<\/span><\/a><\/p>\n<p>\u201eIlusio XL\u201c elektrin\u0117 kampin\u0117 sofa apjungia modern\u0173 dizain\u0105, komfort\u0105 ir i\u0161manius sprendimus. D\u0117l elektrinio s\u0117dyn\u0117s gylio reguliavimo (0\u201317 cm) ir atsipalaidavimo funkcijos su reguliuojamomis galvos atramomis bei atlo\u0161ais, ji si\u016blo visi\u0161kai pritaikom\u0105 atsipalaidavimo patirt\u012f. Banguotos spyruokl\u0117s ir didelio elastingumo HR putplastis garantuoja ilgalaik\u012f elastingum\u0105 ir komfort\u0105, o slankiojan\u010dios atlo\u0161o ir juosmens pagalv\u0117l\u0117s prisitaiko prie nat\u016brali\u0173 k\u016bno linki\u0173. Metalin\u0117s kojel\u0117s (17 cm) ir apmu\u0161tas atlo\u0161as u\u017ebaigia dizain\u0105, suteikdamos \u201eIlusio XL\u201c eleganti\u0161k\u0105 i\u0161vaizd\u0105 i\u0161 bet kurio kampo \u2013 idealiai tinka moderniam, erdviam interjerui.<\/p>","protected":false},"excerpt":{"rendered":"<p>Forma: U<br \/>\nKampin\u0117 pus\u0117: Kair\u0117<br \/>\nKampin\u0117 pus\u0117: De\u0161in\u0117<br \/>\nPlotis: 346 cm<br \/>\nGylis: 205 cm<br \/>\n\u016agis: 104 cm<br \/>\nS\u0117dyn\u0117s auk\u0161tis: 46 cm<br \/>\nOsmano plotis: 105 cm<br \/>\nOsmano plotis: 108 cm<br \/>\nOsmano gylis: 174\/158\/152 cm<br \/>\nOsmano gylis: 112\/128\/144 cm<br \/>\nKojos auk\u0161tis: 17 cm<br \/>\nKoj\u0173 spalva: juoda<\/p>","protected":false},"featured_media":148870,"comment_status":"open","ping_status":"closed","template":"","meta":[],"product_brand":[],"product_cat":[9386,616,1982,4104],"product_tag":[],"class_list":{"0":"post-148822","1":"product","2":"type-product","3":"status-publish","4":"has-post-thumbnail","6":"product_cat-avangarde-wersal-upholstered-furniture","7":"product_cat-corners","8":"product_cat-corners-u","9":"product_cat-wersal","11":"first","12":"instock","13":"shipping-taxable","14":"purchasable","15":"product-type-variable","16":"wvs-archive-product-wrapper"},"_links":{"self":[{"href":"https:\/\/baldumarket.lt\/lt\/wp-json\/wp\/v2\/product\/148822","targetHints":{"allow":["GET"]}}],"collection":[{"href":"https:\/\/baldumarket.lt\/lt\/wp-json\/wp\/v2\/product"}],"about":[{"href":"https:\/\/baldumarket.lt\/lt\/wp-json\/wp\/v2\/types\/product"}],"replies":[{"embeddable":true,"href":"https:\/\/baldumarket.lt\/lt\/wp-json\/wp\/v2\/comments?post=148822"}],"wp:featuredmedia":[{"embeddable":true,"href":"https:\/\/baldumarket.lt\/lt\/wp-json\/wp\/v2\/media\/148870"}],"wp:attachment":[{"href":"https:\/\/baldumarket.lt\/lt\/wp-json\/wp\/v2\/media?parent=148822"}],"wp:term":[{"taxonomy":"product_brand","embeddable":true,"href":"https:\/\/baldumarket.lt\/lt\/wp-json\/wp\/v2\/product_brand?post=148822"},{"taxonomy":"product_cat","embeddable":true,"href":"https:\/\/baldumarket.lt\/lt\/wp-json\/wp\/v2\/product_cat?post=148822"},{"taxonomy":"product_tag","embeddable":true,"href":"https:\/\/baldumarket.lt\/lt\/wp-json\/wp\/v2\/product_tag?post=148822"}],"curies":[{"name":"wp","href":"https:\/\/api.w.org\/{rel}","templated":true}]}}