{"id":148796,"date":"2025-12-18T01:12:45","date_gmt":"2025-12-17T22:12:45","guid":{"rendered":"https:\/\/baldumarket.lt\/?post_type=product&#038;p=148796"},"modified":"2026-02-03T23:34:52","modified_gmt":"2026-02-03T20:34:52","slug":"naroznik-elektryczny-magnetic-xl-gr1","status":"publish","type":"product","link":"https:\/\/baldumarket.lt\/lt\/product\/naroznik-elektryczny-magnetic-xl-gr1\/","title":{"rendered":"Elektrin\u0117 kampin\u0117 sofa Magnetic XL Gr1"},"content":{"rendered":"<h5><span style=\"color: #54859b\">Apsilankykite m\u016bs\u0173 virtualioje WERSAL prek\u0117s \u017eenklo parduotuv\u0117je<\/span><\/h5>\n<p> <a href=\"https:\/\/my.matterport.com\/show\/?m=SjRhosZFbQJ\" target=\"_blank\" rel=\"noopener\"><span style=\"color: #e47025\">https:\/\/my.matterport.com\/<\/span><\/a><\/p>\n<p>Kampin\u0117 sofa \u201eMagnetic XL\u201c \u2013 tai unikalus elegancijos, erdv\u0117s ir funkcionalumo derinys. Ji turi elektra valdom\u0105 s\u0117dyn\u0119 ir 109 x 305 cm miegam\u0105j\u012f plot\u0105, tod\u0117l u\u017etikrina maksimal\u0173 komfort\u0105 visai \u0161eimai. Stilingos metalin\u0117s detal\u0117s, apmu\u0161tas atlo\u0161as ir auk\u0161tos, juodos kojel\u0117s (17 cm) suteikia jai modern\u0173 ir lengv\u0105 charakter\u012f. D\u0117l tvirtos konstrukcijos, HR put\u0173 ir vingiuot\u0173 spyruokli\u0173 naudojimo \u201eMagnetic XL\u201c garantuoja komfort\u0105 ir ilgaam\u017ei\u0161kum\u0105 ilgus metus.<\/p>","protected":false},"excerpt":{"rendered":"<p>Forma: U<br \/>\nKampin\u0117 pus\u0117: De\u0161in\u0117<br \/>\nKampin\u0117 pus\u0117: Kair\u0117<br \/>\nPlotis: 371 cm<br \/>\nGylis: 210 cm<br \/>\nAuk\u0161tis: 86 cm<br \/>\nS\u0117dyn\u0117s auk\u0161tis: 46 cm<br \/>\nOsmano s\u0117dyn\u0117s gylis: 152\/176 cm<br \/>\nOsmano plotis: 120 cm<br \/>\nKojos auk\u0161tis: 17 cm<br \/>\nKoj\u0173 spalva: juoda<br \/>\nKoj\u0173 med\u017eiaga: metalas<br \/>\nSvoris: 212 kg<\/p>","protected":false},"featured_media":148834,"comment_status":"open","ping_status":"closed","template":"","meta":[],"product_brand":[],"product_cat":[9386,616,1982,4104],"product_tag":[],"class_list":{"0":"post-148796","1":"product","2":"type-product","3":"status-publish","4":"has-post-thumbnail","6":"product_cat-avangarde-wersal-upholstered-furniture","7":"product_cat-corners","8":"product_cat-corners-u","9":"product_cat-wersal","11":"first","12":"instock","13":"shipping-taxable","14":"purchasable","15":"product-type-variable","16":"wvs-archive-product-wrapper"},"_links":{"self":[{"href":"https:\/\/baldumarket.lt\/lt\/wp-json\/wp\/v2\/product\/148796","targetHints":{"allow":["GET"]}}],"collection":[{"href":"https:\/\/baldumarket.lt\/lt\/wp-json\/wp\/v2\/product"}],"about":[{"href":"https:\/\/baldumarket.lt\/lt\/wp-json\/wp\/v2\/types\/product"}],"replies":[{"embeddable":true,"href":"https:\/\/baldumarket.lt\/lt\/wp-json\/wp\/v2\/comments?post=148796"}],"wp:featuredmedia":[{"embeddable":true,"href":"https:\/\/baldumarket.lt\/lt\/wp-json\/wp\/v2\/media\/148834"}],"wp:attachment":[{"href":"https:\/\/baldumarket.lt\/lt\/wp-json\/wp\/v2\/media?parent=148796"}],"wp:term":[{"taxonomy":"product_brand","embeddable":true,"href":"https:\/\/baldumarket.lt\/lt\/wp-json\/wp\/v2\/product_brand?post=148796"},{"taxonomy":"product_cat","embeddable":true,"href":"https:\/\/baldumarket.lt\/lt\/wp-json\/wp\/v2\/product_cat?post=148796"},{"taxonomy":"product_tag","embeddable":true,"href":"https:\/\/baldumarket.lt\/lt\/wp-json\/wp\/v2\/product_tag?post=148796"}],"curies":[{"name":"wp","href":"https:\/\/api.w.org\/{rel}","templated":true}]}}