{"id":148758,"date":"2025-12-18T01:09:39","date_gmt":"2025-12-17T22:09:39","guid":{"rendered":"https:\/\/baldumarket.lt\/?post_type=product&#038;p=148758"},"modified":"2026-02-03T23:34:52","modified_gmt":"2026-02-03T20:34:52","slug":"naroznik-monk-l-gr1","status":"publish","type":"product","link":"https:\/\/baldumarket.lt\/lt\/product\/naroznik-monk-l-gr1\/","title":{"rendered":"Monk L Gr1 kampin\u0117 sofa"},"content":{"rendered":"<h5><span style=\"color: #54859b\">Apsilankykite m\u016bs\u0173 virtualioje WERSAL prek\u0117s \u017eenklo parduotuv\u0117je<\/span><\/h5>\n<p> <a href=\"https:\/\/my.matterport.com\/show\/?m=SjRhosZFbQJ\" target=\"_blank\" rel=\"noopener\"><span style=\"color: #e47025\">https:\/\/my.matterport.com\/<\/span><\/a><\/p>\n<p>\u201eMonk L\u201c kampin\u0117 sofa \u2013 tai modernus, funkcionalus ir stilingas baldas, kuriame elegancija dera su maksimaliu komfortu. D\u0117l toki\u0173 savybi\u0173 kaip reguliuojamos galvos atramos, stumdomas atlo\u0161as, leid\u017eiantis reguliuoti s\u0117dyn\u0117s gyl\u012f, ir \u201eDolphin\u201c miegojimo funkcija, \u0161is modelis puikiai tinka tiek kasdieniam poilsiui, tiek retkar\u010diais trunkan\u010diai nakvynei. Tvirta konstrukcija, paremta vingiuotomis spyruokl\u0117mis, garantuoja patvarum\u0105, stabilum\u0105 ir komfort\u0105 ilgus metus, o modernus dizainas paver\u010dia \u0161i\u0105 kampin\u0119 sof\u0105 puikiu \u0161iuolaikini\u0173 svetaini\u0173 papildymu.<\/p>","protected":false},"excerpt":{"rendered":"<p>Forma: L<br \/>\nKampin\u0117 pus\u0117: Kair\u0117<br \/>\nKampin\u0117 pus\u0117: De\u0161in\u0117<br \/>\nPlotis: 260 cm<br \/>\nGylis: 106 cm<br \/>\nAuk\u0161tis: 70 cm<br \/>\nS\u0117dyn\u0117s auk\u0161tis: 46 cm<br \/>\nOsmano s\u0117dyn\u0117s gylis: 178 cm<br \/>\nOsmano plotis: 109 cm<br \/>\nKojos auk\u0161tis: 14 cm<br \/>\nKoj\u0173 spalva: juoda<br \/>\nKoj\u0173 med\u017eiaga: metalas<br \/>\nKonteinerio matmenys: 210 x 96 x 14 cm<\/p>","protected":false},"featured_media":148799,"comment_status":"open","ping_status":"closed","template":"","meta":[],"product_brand":[],"product_cat":[9386,616,1983,4104],"product_tag":[],"class_list":{"0":"post-148758","1":"product","2":"type-product","3":"status-publish","4":"has-post-thumbnail","6":"product_cat-avangarde-wersal-upholstered-furniture","7":"product_cat-corners","8":"product_cat-corners-l","9":"product_cat-wersal","11":"first","12":"instock","13":"shipping-taxable","14":"purchasable","15":"product-type-variable","16":"wvs-archive-product-wrapper"},"_links":{"self":[{"href":"https:\/\/baldumarket.lt\/lt\/wp-json\/wp\/v2\/product\/148758","targetHints":{"allow":["GET"]}}],"collection":[{"href":"https:\/\/baldumarket.lt\/lt\/wp-json\/wp\/v2\/product"}],"about":[{"href":"https:\/\/baldumarket.lt\/lt\/wp-json\/wp\/v2\/types\/product"}],"replies":[{"embeddable":true,"href":"https:\/\/baldumarket.lt\/lt\/wp-json\/wp\/v2\/comments?post=148758"}],"wp:featuredmedia":[{"embeddable":true,"href":"https:\/\/baldumarket.lt\/lt\/wp-json\/wp\/v2\/media\/148799"}],"wp:attachment":[{"href":"https:\/\/baldumarket.lt\/lt\/wp-json\/wp\/v2\/media?parent=148758"}],"wp:term":[{"taxonomy":"product_brand","embeddable":true,"href":"https:\/\/baldumarket.lt\/lt\/wp-json\/wp\/v2\/product_brand?post=148758"},{"taxonomy":"product_cat","embeddable":true,"href":"https:\/\/baldumarket.lt\/lt\/wp-json\/wp\/v2\/product_cat?post=148758"},{"taxonomy":"product_tag","embeddable":true,"href":"https:\/\/baldumarket.lt\/lt\/wp-json\/wp\/v2\/product_tag?post=148758"}],"curies":[{"name":"wp","href":"https:\/\/api.w.org\/{rel}","templated":true}]}}