{"id":148723,"date":"2025-12-18T01:06:39","date_gmt":"2025-12-17T22:06:39","guid":{"rendered":"https:\/\/baldumarket.lt\/?post_type=product&#038;p=148723"},"modified":"2026-02-03T23:34:53","modified_gmt":"2026-02-03T20:34:53","slug":"naroznik-elektryczny-montella-l-gr1","status":"publish","type":"product","link":"https:\/\/baldumarket.lt\/lt\/product\/naroznik-elektryczny-montella-l-gr1\/","title":{"rendered":"Elektrin\u0117 kampin\u0117 sofa Montella L Gr1"},"content":{"rendered":"<h5><span style=\"color: #54859b\">Apsilankykite m\u016bs\u0173 virtualioje WERSAL prek\u0117s \u017eenklo parduotuv\u0117je<\/span><\/h5>\n<p> <a href=\"https:\/\/my.matterport.com\/show\/?m=SjRhosZFbQJ\" target=\"_blank\" rel=\"noopener\"><span style=\"color: #e47025\">https:\/\/my.matterport.com\/<\/span><\/a><\/p>\n<p>Kampin\u0117 sofa \u201eMontella L\u201c apjungia modern\u0173 dizain\u0105, funkcionalum\u0105 ir maksimal\u0173 komfort\u0105. Ji turi elektra valdom\u0105 s\u0117dyn\u0119 (82 x 109 cm), miegojimo funkcij\u0105 (109 x 198 cm) ir u\u017etrauktukais u\u017esegamas atlo\u0161o pagalv\u0117les, kurios u\u017etikrina komfort\u0105 ir prisitaikym\u0105 prie individuali\u0173 naudotojo poreiki\u0173. Auk\u0161tos metalin\u0117s kojel\u0117s (17 cm) suteikia lengvumo ir modernumo poj\u016bt\u012f, o tvirta med\u017eio ir plieno konstrukcija garantuoja ilgaam\u017ei\u0161kum\u0105.<\/p>","protected":false},"excerpt":{"rendered":"<p>Forma: L<br \/>\nKampin\u0117 pus\u0117: Kair\u0117<br \/>\nKampin\u0117 pus\u0117: De\u0161in\u0117<br \/>\nPlotis: 262 cm<br \/>\nGylis: 114 cm<br \/>\nAuk\u0161tis: 88 cm<br \/>\nS\u0117dyn\u0117s auk\u0161tis: 46 cm<br \/>\nOsmano s\u0117dyn\u0117s gylis: 151\/176 cm<br \/>\nOsmano plotis: 110 cm<br \/>\nKojos auk\u0161tis: 17 cm<br \/>\nKoj\u0173 spalva: juoda<br \/>\nKoj\u0173 med\u017eiaga: metalas<br \/>\nSvoris: 125 kg<\/p>","protected":false},"featured_media":148771,"comment_status":"open","ping_status":"closed","template":"","meta":[],"product_brand":[],"product_cat":[9386,616,1983,4104],"product_tag":[],"class_list":{"0":"post-148723","1":"product","2":"type-product","3":"status-publish","4":"has-post-thumbnail","6":"product_cat-avangarde-wersal-upholstered-furniture","7":"product_cat-corners","8":"product_cat-corners-l","9":"product_cat-wersal","11":"first","12":"instock","13":"shipping-taxable","14":"purchasable","15":"product-type-variable","16":"wvs-archive-product-wrapper"},"_links":{"self":[{"href":"https:\/\/baldumarket.lt\/lt\/wp-json\/wp\/v2\/product\/148723","targetHints":{"allow":["GET"]}}],"collection":[{"href":"https:\/\/baldumarket.lt\/lt\/wp-json\/wp\/v2\/product"}],"about":[{"href":"https:\/\/baldumarket.lt\/lt\/wp-json\/wp\/v2\/types\/product"}],"replies":[{"embeddable":true,"href":"https:\/\/baldumarket.lt\/lt\/wp-json\/wp\/v2\/comments?post=148723"}],"wp:featuredmedia":[{"embeddable":true,"href":"https:\/\/baldumarket.lt\/lt\/wp-json\/wp\/v2\/media\/148771"}],"wp:attachment":[{"href":"https:\/\/baldumarket.lt\/lt\/wp-json\/wp\/v2\/media?parent=148723"}],"wp:term":[{"taxonomy":"product_brand","embeddable":true,"href":"https:\/\/baldumarket.lt\/lt\/wp-json\/wp\/v2\/product_brand?post=148723"},{"taxonomy":"product_cat","embeddable":true,"href":"https:\/\/baldumarket.lt\/lt\/wp-json\/wp\/v2\/product_cat?post=148723"},{"taxonomy":"product_tag","embeddable":true,"href":"https:\/\/baldumarket.lt\/lt\/wp-json\/wp\/v2\/product_tag?post=148723"}],"curies":[{"name":"wp","href":"https:\/\/api.w.org\/{rel}","templated":true}]}}