{"id":148714,"date":"2025-12-18T01:05:51","date_gmt":"2025-12-17T22:05:51","guid":{"rendered":"https:\/\/baldumarket.lt\/?post_type=product&#038;p=148714"},"modified":"2026-02-03T23:34:53","modified_gmt":"2026-02-03T20:34:53","slug":"naroznik-elektryczny-montella-mini-gr1","status":"publish","type":"product","link":"https:\/\/baldumarket.lt\/lt\/product\/naroznik-elektryczny-montella-mini-gr1\/","title":{"rendered":"Elektrin\u0117 kampin\u0117 sofa Montella mini Gr1"},"content":{"rendered":"<h5><span style=\"color: #54859b\">Apsilankykite m\u016bs\u0173 virtualioje WERSAL prek\u0117s \u017eenklo parduotuv\u0117je<\/span><\/h5>\n<p> <a href=\"https:\/\/my.matterport.com\/show\/?m=SjRhosZFbQJ\" target=\"_blank\" rel=\"noopener\"><span style=\"color: #e47025\">https:\/\/my.matterport.com\/<\/span><\/a><\/p>\n<p>\u201eMontella Mini\u201c kampin\u0117 sofa apjungia elegancij\u0105, funkcionalum\u0105 ir modern\u0173 stili\u0173. Ji turi elektra valdom\u0105 s\u0117dyn\u0119 (82 x 109 cm), reguliuojamas galvos atramas ir miegojimo funkcij\u0105 (109 x 200 cm), tod\u0117l kiekvienoje situacijoje u\u017etikrinamas maksimalus komfortas. D\u0117l HR 2515 putplas\u010dio, vingiuot\u0173 spyruokli\u0173 ir metalini\u0173 kojeli\u0173 (17 cm), \u201eMontella Mini\u201c i\u0161siskiria savo patvarumu, ergonomika ir lengvu dizainu. Apmu\u0161tas atlo\u0161as leid\u017eia lanks\u010diai i\u0161d\u0117styti sof\u0105 svetain\u0117je.<\/p>","protected":false},"excerpt":{"rendered":"<p>Forma: L<br \/>\nKampin\u0117 pus\u0117: Kair\u0117<br \/>\nKampin\u0117 pus\u0117: De\u0161in\u0117<br \/>\nPlotis: 266 cm<br \/>\nGylis: 114 cm<br \/>\nAuk\u0161tis: 88 cm<br \/>\nS\u0117dyn\u0117s auk\u0161tis: 46 cm<br \/>\nOsmano s\u0117dyn\u0117s gylis: 121\/146 cm<br \/>\nKojos auk\u0161tis: 17 cm<br \/>\nKoj\u0173 spalva: juoda<br \/>\nKoj\u0173 med\u017eiaga: metalas<br \/>\nSvoris: 124 kg<\/p>","protected":false},"featured_media":148759,"comment_status":"open","ping_status":"closed","template":"","meta":[],"product_brand":[],"product_cat":[9386,616,1983,4104],"product_tag":[],"class_list":{"0":"post-148714","1":"product","2":"type-product","3":"status-publish","4":"has-post-thumbnail","6":"product_cat-avangarde-wersal-upholstered-furniture","7":"product_cat-corners","8":"product_cat-corners-l","9":"product_cat-wersal","11":"first","12":"instock","13":"shipping-taxable","14":"purchasable","15":"product-type-variable","16":"wvs-archive-product-wrapper"},"_links":{"self":[{"href":"https:\/\/baldumarket.lt\/lt\/wp-json\/wp\/v2\/product\/148714","targetHints":{"allow":["GET"]}}],"collection":[{"href":"https:\/\/baldumarket.lt\/lt\/wp-json\/wp\/v2\/product"}],"about":[{"href":"https:\/\/baldumarket.lt\/lt\/wp-json\/wp\/v2\/types\/product"}],"replies":[{"embeddable":true,"href":"https:\/\/baldumarket.lt\/lt\/wp-json\/wp\/v2\/comments?post=148714"}],"wp:featuredmedia":[{"embeddable":true,"href":"https:\/\/baldumarket.lt\/lt\/wp-json\/wp\/v2\/media\/148759"}],"wp:attachment":[{"href":"https:\/\/baldumarket.lt\/lt\/wp-json\/wp\/v2\/media?parent=148714"}],"wp:term":[{"taxonomy":"product_brand","embeddable":true,"href":"https:\/\/baldumarket.lt\/lt\/wp-json\/wp\/v2\/product_brand?post=148714"},{"taxonomy":"product_cat","embeddable":true,"href":"https:\/\/baldumarket.lt\/lt\/wp-json\/wp\/v2\/product_cat?post=148714"},{"taxonomy":"product_tag","embeddable":true,"href":"https:\/\/baldumarket.lt\/lt\/wp-json\/wp\/v2\/product_tag?post=148714"}],"curies":[{"name":"wp","href":"https:\/\/api.w.org\/{rel}","templated":true}]}}