{"id":148703,"date":"2025-12-18T01:05:02","date_gmt":"2025-12-17T22:05:02","guid":{"rendered":"https:\/\/baldumarket.lt\/?post_type=product&#038;p=148703"},"modified":"2026-02-03T23:34:53","modified_gmt":"2026-02-03T20:34:53","slug":"naroznik-elektryczny-montella-xl-gr1","status":"publish","type":"product","link":"https:\/\/baldumarket.lt\/lt\/product\/naroznik-elektryczny-montella-xl-gr1\/","title":{"rendered":"Elektrin\u0117 kampin\u0117 sofa Montella XL Gr1"},"content":{"rendered":"<h5><span style=\"color: #54859b\">Apsilankykite m\u016bs\u0173 virtualioje WERSAL prek\u0117s \u017eenklo parduotuv\u0117je<\/span><\/h5>\n<p> <a href=\"https:\/\/my.matterport.com\/show\/?m=SjRhosZFbQJ\" target=\"_blank\" rel=\"noopener\"><span style=\"color: #e47025\">https:\/\/my.matterport.com\/<\/span><\/a><\/p>\n<p>Kampin\u0117 sofa \u201eMontella XL\u201c apjungia elegancij\u0105, modernias technologijas ir maksimal\u0173 komfort\u0105. D\u0117l elektra valdomos s\u0117dyn\u0117s (82\/109 cm), reguliuojam\u0173 galvos atram\u0173 ir apmu\u0161t\u0173, u\u017etrauktukais u\u017esegam\u0173 atlo\u0161o pagalv\u0117li\u0173 \u0161is baldas gali b\u016bti puikiai pritaikytas individualiems naudotojo poreikiams. Auk\u0161tos metalin\u0117s kojel\u0117s (17 cm) suteikia jam lengvumo poj\u016bt\u012f, o N30 ir HR2515 putplas\u010dio bei A tipo vingiuot\u0173 spyruokli\u0173 naudojimas garantuoja patvarum\u0105 ir komfort\u0105 ilgus metus.<\/p>","protected":false},"excerpt":{"rendered":"<p>Forma: U<br \/>\nKampin\u0117 pus\u0117: De\u0161in\u0117<br \/>\nKampin\u0117 pus\u0117: Kair\u0117<br \/>\nPlotis: 372 cm<br \/>\nGylis: 207 cm<br \/>\nAuk\u0161tis: 88 cm<br \/>\nS\u0117dyn\u0117s auk\u0161tis: 46 cm<br \/>\nOsmano s\u0117dyn\u0117s gylis: 151\/176 cm<br \/>\nOsmano s\u0117dyn\u0117s gylis: 121\/146 cm<br \/>\nOsmano plotis: 121 cm<br \/>\nOsmano plotis: 110 cm<br \/>\nKojos auk\u0161tis: 17 cm<br \/>\nKoj\u0173 spalva: juoda<\/p>","protected":false},"featured_media":148750,"comment_status":"open","ping_status":"closed","template":"","meta":[],"product_brand":[],"product_cat":[9386,616,1982,4104],"product_tag":[],"class_list":{"0":"post-148703","1":"product","2":"type-product","3":"status-publish","4":"has-post-thumbnail","6":"product_cat-avangarde-wersal-upholstered-furniture","7":"product_cat-corners","8":"product_cat-corners-u","9":"product_cat-wersal","11":"first","12":"instock","13":"shipping-taxable","14":"purchasable","15":"product-type-variable","16":"wvs-archive-product-wrapper"},"_links":{"self":[{"href":"https:\/\/baldumarket.lt\/lt\/wp-json\/wp\/v2\/product\/148703","targetHints":{"allow":["GET"]}}],"collection":[{"href":"https:\/\/baldumarket.lt\/lt\/wp-json\/wp\/v2\/product"}],"about":[{"href":"https:\/\/baldumarket.lt\/lt\/wp-json\/wp\/v2\/types\/product"}],"replies":[{"embeddable":true,"href":"https:\/\/baldumarket.lt\/lt\/wp-json\/wp\/v2\/comments?post=148703"}],"wp:featuredmedia":[{"embeddable":true,"href":"https:\/\/baldumarket.lt\/lt\/wp-json\/wp\/v2\/media\/148750"}],"wp:attachment":[{"href":"https:\/\/baldumarket.lt\/lt\/wp-json\/wp\/v2\/media?parent=148703"}],"wp:term":[{"taxonomy":"product_brand","embeddable":true,"href":"https:\/\/baldumarket.lt\/lt\/wp-json\/wp\/v2\/product_brand?post=148703"},{"taxonomy":"product_cat","embeddable":true,"href":"https:\/\/baldumarket.lt\/lt\/wp-json\/wp\/v2\/product_cat?post=148703"},{"taxonomy":"product_tag","embeddable":true,"href":"https:\/\/baldumarket.lt\/lt\/wp-json\/wp\/v2\/product_tag?post=148703"}],"curies":[{"name":"wp","href":"https:\/\/api.w.org\/{rel}","templated":true}]}}