{"id":148680,"date":"2025-12-18T01:03:17","date_gmt":"2025-12-17T22:03:17","guid":{"rendered":"https:\/\/baldumarket.lt\/?post_type=product&#038;p=148680"},"modified":"2026-02-03T23:34:53","modified_gmt":"2026-02-03T20:34:53","slug":"naroznik-elektryczny-murillo-mini-gr1","status":"publish","type":"product","link":"https:\/\/baldumarket.lt\/lt\/product\/naroznik-elektryczny-murillo-mini-gr1\/","title":{"rendered":"Murillo mini Gr1 elektrin\u0117 kampin\u0117 sofa"},"content":{"rendered":"<h5><span style=\"color: #54859b\">Apsilankykite m\u016bs\u0173 virtualioje WERSAL prek\u0117s \u017eenklo parduotuv\u0117je<\/span><\/h5>\n<p> <a href=\"https:\/\/my.matterport.com\/show\/?m=SjRhosZFbQJ\" target=\"_blank\" rel=\"noopener\"><span style=\"color: #e47025\">https:\/\/my.matterport.com\/<\/span><\/a><\/p>\n<p>\u201eMurillo Mini\u201c kampin\u0117 sofa \u2013 tai modernus, kompakti\u0161kas baldas, kuriame dera stilius, funkcionalumas ir auk\u0161\u010diausias komfortas. Ji turi elektra valdom\u0105 s\u0117dyn\u0119, tris reguliuojamus atlo\u0161us ir patalyn\u0117s skyri\u0173, tod\u0117l u\u017etikrina visi\u0161k\u0105 komfort\u0105 ir ergonomik\u0105. D\u0117l vingiuot\u0173 spyruokli\u0173, HR putplas\u010dio ir 5 cm metalini\u0173 kojeli\u0173 \u0161is modelis i\u0161siskiria patvarumu, elegancija ir rafinuotomis detal\u0117mis.<\/p>","protected":false},"excerpt":{"rendered":"<p>Forma: L<br \/>\nKampin\u0117 pus\u0117: Kair\u0117<br \/>\nKampin\u0117 pus\u0117: De\u0161in\u0117<br \/>\nPlotis: 260 cm<br \/>\nGylis: 111 cm<br \/>\nAuk\u0161tis: 87 cm<br \/>\nS\u0117dyn\u0117s auk\u0161tis: 44 cm<br \/>\nOsmano plotis: 90 cm<br \/>\nOsmano gylis: 124 cm<br \/>\nKojos auk\u0161tis: 5 cm<br \/>\nKoj\u0173 spalva: juoda<br \/>\nKoj\u0173 med\u017eiaga: plastikas<br \/>\nKonteinerio matmenys: 123 x 74 x 17 cm<\/p>","protected":false},"featured_media":148734,"comment_status":"open","ping_status":"closed","template":"","meta":[],"product_brand":[],"product_cat":[9386,616,1983,4104],"product_tag":[],"class_list":{"0":"post-148680","1":"product","2":"type-product","3":"status-publish","4":"has-post-thumbnail","6":"product_cat-avangarde-wersal-upholstered-furniture","7":"product_cat-corners","8":"product_cat-corners-l","9":"product_cat-wersal","11":"first","12":"instock","13":"shipping-taxable","14":"purchasable","15":"product-type-variable","16":"wvs-archive-product-wrapper"},"_links":{"self":[{"href":"https:\/\/baldumarket.lt\/lt\/wp-json\/wp\/v2\/product\/148680","targetHints":{"allow":["GET"]}}],"collection":[{"href":"https:\/\/baldumarket.lt\/lt\/wp-json\/wp\/v2\/product"}],"about":[{"href":"https:\/\/baldumarket.lt\/lt\/wp-json\/wp\/v2\/types\/product"}],"replies":[{"embeddable":true,"href":"https:\/\/baldumarket.lt\/lt\/wp-json\/wp\/v2\/comments?post=148680"}],"wp:featuredmedia":[{"embeddable":true,"href":"https:\/\/baldumarket.lt\/lt\/wp-json\/wp\/v2\/media\/148734"}],"wp:attachment":[{"href":"https:\/\/baldumarket.lt\/lt\/wp-json\/wp\/v2\/media?parent=148680"}],"wp:term":[{"taxonomy":"product_brand","embeddable":true,"href":"https:\/\/baldumarket.lt\/lt\/wp-json\/wp\/v2\/product_brand?post=148680"},{"taxonomy":"product_cat","embeddable":true,"href":"https:\/\/baldumarket.lt\/lt\/wp-json\/wp\/v2\/product_cat?post=148680"},{"taxonomy":"product_tag","embeddable":true,"href":"https:\/\/baldumarket.lt\/lt\/wp-json\/wp\/v2\/product_tag?post=148680"}],"curies":[{"name":"wp","href":"https:\/\/api.w.org\/{rel}","templated":true}]}}