{"id":148650,"date":"2025-12-18T01:00:22","date_gmt":"2025-12-17T22:00:22","guid":{"rendered":"https:\/\/baldumarket.lt\/?post_type=product&#038;p=148650"},"modified":"2026-02-03T23:34:54","modified_gmt":"2026-02-03T20:34:54","slug":"naroznik-navas-mini-gr1","status":"publish","type":"product","link":"https:\/\/baldumarket.lt\/lt\/product\/naroznik-navas-mini-gr1\/","title":{"rendered":"Navas mini Gr1 kampin\u0117 sofa"},"content":{"rendered":"<h5><span style=\"color: #54859b\">Apsilankykite m\u016bs\u0173 virtualioje WERSAL prek\u0117s \u017eenklo parduotuv\u0117je<\/span><\/h5>\n<p> <a href=\"https:\/\/my.matterport.com\/show\/?m=SjRhosZFbQJ\" target=\"_blank\" rel=\"noopener\"><span style=\"color: #e47025\">https:\/\/my.matterport.com\/<\/span><\/a><\/p>\n<p>\u201cNavas Mini\u201d kampin\u0117 sofa \u2013 eleganti\u0161kas ir funkcionalus baldas, kuriame dera modernus dizainas ir maksimalus komfortas. Su \u201eDelphin\u201c miegojimo funkcija, patalyn\u0117s saugykla ir trimis reguliuojamais galvos atlo\u0161ais, ji puikiai tiks bet kurioje svetain\u0117je. Stabili pu\u0161ies medienos ir MDF konstrukcija kartu su B tipo vingiuotomis spyruokl\u0117mis ir T-1818 putomis garantuoja ilgaam\u017ei\u0161kum\u0105, o 14 cm metalin\u0117s kojel\u0117s suteikia lengvumo ir modernaus stiliaus.<\/p>","protected":false},"excerpt":{"rendered":"<p>Forma: L<br \/>\nKampin\u0117 pus\u0117: Kair\u0117<br \/>\nKampin\u0117 pus\u0117: De\u0161in\u0117<br \/>\nPlotis: 240 cm<br \/>\nGylis: 90 cm<br \/>\nAuk\u0161tis: 73 cm<br \/>\nS\u0117dyn\u0117s auk\u0161tis: 47\/42 cm<br \/>\nOsmano s\u0117dyn\u0117s gylis: 134 cm<br \/>\nOsmano plotis: 101 cm<br \/>\nKojos auk\u0161tis: 14 cm<br \/>\nKoj\u0173 spalva: juoda<br \/>\nKoj\u0173 med\u017eiaga: metalas<br \/>\nKonteinerio matmenys: 11 x 69 x 136 cm<\/p>","protected":false},"featured_media":148693,"comment_status":"open","ping_status":"closed","template":"","meta":[],"product_brand":[],"product_cat":[9386,616,1983,4104],"product_tag":[],"class_list":{"0":"post-148650","1":"product","2":"type-product","3":"status-publish","4":"has-post-thumbnail","6":"product_cat-avangarde-wersal-upholstered-furniture","7":"product_cat-corners","8":"product_cat-corners-l","9":"product_cat-wersal","11":"first","12":"instock","13":"shipping-taxable","14":"purchasable","15":"product-type-variable","16":"wvs-archive-product-wrapper"},"_links":{"self":[{"href":"https:\/\/baldumarket.lt\/lt\/wp-json\/wp\/v2\/product\/148650","targetHints":{"allow":["GET"]}}],"collection":[{"href":"https:\/\/baldumarket.lt\/lt\/wp-json\/wp\/v2\/product"}],"about":[{"href":"https:\/\/baldumarket.lt\/lt\/wp-json\/wp\/v2\/types\/product"}],"replies":[{"embeddable":true,"href":"https:\/\/baldumarket.lt\/lt\/wp-json\/wp\/v2\/comments?post=148650"}],"wp:featuredmedia":[{"embeddable":true,"href":"https:\/\/baldumarket.lt\/lt\/wp-json\/wp\/v2\/media\/148693"}],"wp:attachment":[{"href":"https:\/\/baldumarket.lt\/lt\/wp-json\/wp\/v2\/media?parent=148650"}],"wp:term":[{"taxonomy":"product_brand","embeddable":true,"href":"https:\/\/baldumarket.lt\/lt\/wp-json\/wp\/v2\/product_brand?post=148650"},{"taxonomy":"product_cat","embeddable":true,"href":"https:\/\/baldumarket.lt\/lt\/wp-json\/wp\/v2\/product_cat?post=148650"},{"taxonomy":"product_tag","embeddable":true,"href":"https:\/\/baldumarket.lt\/lt\/wp-json\/wp\/v2\/product_tag?post=148650"}],"curies":[{"name":"wp","href":"https:\/\/api.w.org\/{rel}","templated":true}]}}