{"id":148612,"date":"2025-12-18T00:56:54","date_gmt":"2025-12-17T21:56:54","guid":{"rendered":"https:\/\/baldumarket.lt\/?post_type=product&#038;p=148612"},"modified":"2026-02-03T23:34:55","modified_gmt":"2026-02-03T20:34:55","slug":"naroznik-elektryczny-plaza-xl-gr1","status":"publish","type":"product","link":"https:\/\/baldumarket.lt\/lt\/product\/naroznik-elektryczny-plaza-xl-gr1\/","title":{"rendered":"Elektrin\u0117 kampin\u0117 sofa Plaza XL Gr1"},"content":{"rendered":"<h5><span style=\"color: #54859b\">Apsilankykite m\u016bs\u0173 virtualioje WERSAL prek\u0117s \u017eenklo parduotuv\u0117je<\/span><\/h5>\n<p> <a href=\"https:\/\/my.matterport.com\/show\/?m=SjRhosZFbQJ\" target=\"_blank\" rel=\"noopener\"><span style=\"color: #e47025\">https:\/\/my.matterport.com\/<\/span><\/a><\/p>\n<p>\u201ePlaza XL\u201c kampin\u0117 sofa \u2013 tai i\u0161skirtinai erdvus ir eleganti\u0161kas baldas, kuriame dera modernus dizainas ir i\u0161skirtinis komfortas. \u012erengta elektrin\u0117 s\u0117dyn\u0117, reguliuojamos galvos atramos (6 dalys) ir slankiojantis atlo\u0161as, tod\u0117l ji puikiai atitiks individualius poreikius. Tvirtos medienos ir metalo konstrukcija, vingiuota spyruokli\u0173 sistema ir N30 putplastis u\u017etikrina patvarum\u0105 ir atsparum\u0105, o 15 cm metalin\u0117s kojel\u0117s suteikia lengvumo ir modernumo.<\/p>","protected":false},"excerpt":{"rendered":"<p>Forma: U<br \/>\nKampin\u0117 pus\u0117: De\u0161in\u0117<br \/>\nKampin\u0117 pus\u0117: Kair\u0117<br \/>\nPlotis: 385 cm<br \/>\nGylis: 216 cm<br \/>\nAuk\u0161tis: 76 cm<br \/>\nS\u0117dyn\u0117s auk\u0161tis: 44 cm<br \/>\nOsmano s\u0117dyn\u0117s gylis: 172 cm<br \/>\nOsmano plotis: 140 cm<br \/>\nKojos auk\u0161tis: 15 cm<br \/>\nKoj\u0173 spalva: juoda<br \/>\nKoj\u0173 med\u017eiaga: metalas<br \/>\nSvoris: 184 kg<\/p>","protected":false},"featured_media":148660,"comment_status":"open","ping_status":"closed","template":"","meta":[],"product_brand":[],"product_cat":[9386,616,1982,4104],"product_tag":[],"class_list":{"0":"post-148612","1":"product","2":"type-product","3":"status-publish","4":"has-post-thumbnail","6":"product_cat-avangarde-wersal-upholstered-furniture","7":"product_cat-corners","8":"product_cat-corners-u","9":"product_cat-wersal","11":"first","12":"instock","13":"shipping-taxable","14":"purchasable","15":"product-type-variable","16":"wvs-archive-product-wrapper"},"_links":{"self":[{"href":"https:\/\/baldumarket.lt\/lt\/wp-json\/wp\/v2\/product\/148612","targetHints":{"allow":["GET"]}}],"collection":[{"href":"https:\/\/baldumarket.lt\/lt\/wp-json\/wp\/v2\/product"}],"about":[{"href":"https:\/\/baldumarket.lt\/lt\/wp-json\/wp\/v2\/types\/product"}],"replies":[{"embeddable":true,"href":"https:\/\/baldumarket.lt\/lt\/wp-json\/wp\/v2\/comments?post=148612"}],"wp:featuredmedia":[{"embeddable":true,"href":"https:\/\/baldumarket.lt\/lt\/wp-json\/wp\/v2\/media\/148660"}],"wp:attachment":[{"href":"https:\/\/baldumarket.lt\/lt\/wp-json\/wp\/v2\/media?parent=148612"}],"wp:term":[{"taxonomy":"product_brand","embeddable":true,"href":"https:\/\/baldumarket.lt\/lt\/wp-json\/wp\/v2\/product_brand?post=148612"},{"taxonomy":"product_cat","embeddable":true,"href":"https:\/\/baldumarket.lt\/lt\/wp-json\/wp\/v2\/product_cat?post=148612"},{"taxonomy":"product_tag","embeddable":true,"href":"https:\/\/baldumarket.lt\/lt\/wp-json\/wp\/v2\/product_tag?post=148612"}],"curies":[{"name":"wp","href":"https:\/\/api.w.org\/{rel}","templated":true}]}}