{"id":148606,"date":"2025-12-18T00:56:30","date_gmt":"2025-12-17T21:56:30","guid":{"rendered":"https:\/\/baldumarket.lt\/?post_type=product&#038;p=148606"},"modified":"2026-02-03T23:34:55","modified_gmt":"2026-02-03T20:34:55","slug":"naroznik-raven-l-gr1","status":"publish","type":"product","link":"https:\/\/baldumarket.lt\/lt\/product\/naroznik-raven-l-gr1\/","title":{"rendered":"Raven L Gr1 kampin\u0117 sofa"},"content":{"rendered":"<h5><span style=\"color: #54859b\">Apsilankykite m\u016bs\u0173 virtualioje WERSAL prek\u0117s \u017eenklo parduotuv\u0117je<\/span><\/h5>\n<p> <a href=\"https:\/\/my.matterport.com\/show\/?m=SjRhosZFbQJ\" target=\"_blank\" rel=\"noopener\"><span style=\"color: #e47025\">https:\/\/my.matterport.com\/<\/span><\/a><\/p>\n<p>\u201eRaven L\u201c kampin\u0117 sofa \u2013 tai modernus ir eleganti\u0161kas baldas, kuriame dera ry\u0161kus dizainas ir auk\u0161tas funkcionalumas. Geometrin\u0117 forma, i\u0161rai\u0161kingos linijos ir dekoratyvin\u0117s si\u016bl\u0117s puikiai tinka moderniam, lofto ir minimalistiniam interjerui. D\u0117l vingiuot\u0173 spyruokli\u0173, auk\u0161tos kokyb\u0117s putplas\u010dio, reguliuojam\u0173 galvos atram\u0173, delfino stiliaus miegojimo funkcijos ir patalyn\u0117s laikymo skyriaus \u0161is modelis pasi\u017eymi auk\u0161\u010diausiu komforto ir prakti\u0161kumo lygiu. Tai laisvai stovinti kampin\u0117 sofa su apmu\u0161tu atlo\u0161u, kuri\u0105 galima pastatyti bet kurioje svetain\u0117s vietoje.<\/p>","protected":false},"excerpt":{"rendered":"<p>Forma: L<br \/>\nKampin\u0117 pus\u0117: Kair\u0117<br \/>\nKampin\u0117 pus\u0117: De\u0161in\u0117<br \/>\nPlotis: 257 cm<br \/>\nGylis: 198 cm<br \/>\nAuk\u0161tis: 76 cm<br \/>\nS\u0117dyn\u0117s auk\u0161tis: 44 cm<br \/>\nOsmano s\u0117dyn\u0117s gylis: 160 cm<br \/>\nOsmano plotis: 96 cm<br \/>\nKojos auk\u0161tis: 12 cm<br \/>\nKoj\u0173 spalva: juoda<br \/>\nKoj\u0173 med\u017eiaga: metalas<br \/>\nKonteinerio matmenys: 17 x 84 x 156 cm<\/p>","protected":false},"featured_media":148651,"comment_status":"open","ping_status":"closed","template":"","meta":[],"product_brand":[],"product_cat":[9386,616,1983,4104],"product_tag":[],"class_list":{"0":"post-148606","1":"product","2":"type-product","3":"status-publish","4":"has-post-thumbnail","6":"product_cat-avangarde-wersal-upholstered-furniture","7":"product_cat-corners","8":"product_cat-corners-l","9":"product_cat-wersal","11":"first","12":"instock","13":"shipping-taxable","14":"purchasable","15":"product-type-variable","16":"wvs-archive-product-wrapper"},"_links":{"self":[{"href":"https:\/\/baldumarket.lt\/lt\/wp-json\/wp\/v2\/product\/148606","targetHints":{"allow":["GET"]}}],"collection":[{"href":"https:\/\/baldumarket.lt\/lt\/wp-json\/wp\/v2\/product"}],"about":[{"href":"https:\/\/baldumarket.lt\/lt\/wp-json\/wp\/v2\/types\/product"}],"replies":[{"embeddable":true,"href":"https:\/\/baldumarket.lt\/lt\/wp-json\/wp\/v2\/comments?post=148606"}],"wp:featuredmedia":[{"embeddable":true,"href":"https:\/\/baldumarket.lt\/lt\/wp-json\/wp\/v2\/media\/148651"}],"wp:attachment":[{"href":"https:\/\/baldumarket.lt\/lt\/wp-json\/wp\/v2\/media?parent=148606"}],"wp:term":[{"taxonomy":"product_brand","embeddable":true,"href":"https:\/\/baldumarket.lt\/lt\/wp-json\/wp\/v2\/product_brand?post=148606"},{"taxonomy":"product_cat","embeddable":true,"href":"https:\/\/baldumarket.lt\/lt\/wp-json\/wp\/v2\/product_cat?post=148606"},{"taxonomy":"product_tag","embeddable":true,"href":"https:\/\/baldumarket.lt\/lt\/wp-json\/wp\/v2\/product_tag?post=148606"}],"curies":[{"name":"wp","href":"https:\/\/api.w.org\/{rel}","templated":true}]}}