{"id":148596,"date":"2025-12-18T00:55:44","date_gmt":"2025-12-17T21:55:44","guid":{"rendered":"https:\/\/baldumarket.lt\/?post_type=product&#038;p=148596"},"modified":"2026-02-03T23:34:55","modified_gmt":"2026-02-03T20:34:55","slug":"naroznik-raven-xl-gr1","status":"publish","type":"product","link":"https:\/\/baldumarket.lt\/lt\/product\/naroznik-raven-xl-gr1\/","title":{"rendered":"Raven XL Gr1 kampin\u0117 sofa"},"content":{"rendered":"<h5><span style=\"color: #54859b\">Apsilankykite m\u016bs\u0173 virtualioje WERSAL prek\u0117s \u017eenklo parduotuv\u0117je<\/span><\/h5>\n<p> <a href=\"https:\/\/my.matterport.com\/show\/?m=SjRhosZFbQJ\" target=\"_blank\" rel=\"noopener\"><span style=\"color: #e47025\">https:\/\/my.matterport.com\/<\/span><\/a><\/p>\n<p>Kampin\u0117 sofa \u201eRaven XL\u201c \u2013 eleganti\u0161kas, modernus baldas, sukurtas atsi\u017evelgiant \u012f maksimal\u0173 komfort\u0105 ir funkcionalum\u0105. Su reguliuojamais galvos atlo\u0161ais, delfino miegojimo funkcija, patalyn\u0117s d\u0117\u017ee ir stilingomis metalin\u0117mis kojel\u0117mis, ji puikiai tinka erdvioms svetain\u0117ms, sukurdama patogi\u0105 poilsio zon\u0105. D\u0117l vingiuot\u0173 spyruokli\u0173, N30 putplas\u010dio ir elasting\u0173 dir\u017eeli\u0173 naudojimo ji u\u017etikrina auk\u0161t\u0105 komforto lyg\u012f ir ilgaam\u017ei\u0161kum\u0105 ilgus metus. Audiniu aptrauktas atlo\u0161as suteikia baldui puiki\u0105 i\u0161vaizd\u0105 bet kuriame kambaryje.<\/p>","protected":false},"excerpt":{"rendered":"<p>Forma: U<br \/>\nKampin\u0117 pus\u0117: Kair\u0117<br \/>\nKampin\u0117 pus\u0117: De\u0161in\u0117<br \/>\nPlotis: 334 cm<br \/>\nGylis: 198 cm<br \/>\nAuk\u0161tis: 76 cm<br \/>\nS\u0117dyn\u0117s auk\u0161tis: 46 cm<br \/>\nS\u0117dyn\u0117s auk\u0161tis: 46 cm<br \/>\nOsmano s\u0117dyn\u0117s gylis: 160 cm<br \/>\nOsmano plotis: 100 cm<br \/>\nKoj\u0173 spalva: juoda<br \/>\nKoj\u0173 med\u017eiaga: metalas<br \/>\nKonteinerio matmenys: 17 x 84 x 156 cm<\/p>","protected":false},"featured_media":148642,"comment_status":"open","ping_status":"closed","template":"","meta":[],"product_brand":[],"product_cat":[9386,616,1982,4104],"product_tag":[],"class_list":{"0":"post-148596","1":"product","2":"type-product","3":"status-publish","4":"has-post-thumbnail","6":"product_cat-avangarde-wersal-upholstered-furniture","7":"product_cat-corners","8":"product_cat-corners-u","9":"product_cat-wersal","11":"first","12":"instock","13":"shipping-taxable","14":"purchasable","15":"product-type-variable","16":"wvs-archive-product-wrapper"},"_links":{"self":[{"href":"https:\/\/baldumarket.lt\/lt\/wp-json\/wp\/v2\/product\/148596","targetHints":{"allow":["GET"]}}],"collection":[{"href":"https:\/\/baldumarket.lt\/lt\/wp-json\/wp\/v2\/product"}],"about":[{"href":"https:\/\/baldumarket.lt\/lt\/wp-json\/wp\/v2\/types\/product"}],"replies":[{"embeddable":true,"href":"https:\/\/baldumarket.lt\/lt\/wp-json\/wp\/v2\/comments?post=148596"}],"wp:featuredmedia":[{"embeddable":true,"href":"https:\/\/baldumarket.lt\/lt\/wp-json\/wp\/v2\/media\/148642"}],"wp:attachment":[{"href":"https:\/\/baldumarket.lt\/lt\/wp-json\/wp\/v2\/media?parent=148596"}],"wp:term":[{"taxonomy":"product_brand","embeddable":true,"href":"https:\/\/baldumarket.lt\/lt\/wp-json\/wp\/v2\/product_brand?post=148596"},{"taxonomy":"product_cat","embeddable":true,"href":"https:\/\/baldumarket.lt\/lt\/wp-json\/wp\/v2\/product_cat?post=148596"},{"taxonomy":"product_tag","embeddable":true,"href":"https:\/\/baldumarket.lt\/lt\/wp-json\/wp\/v2\/product_tag?post=148596"}],"curies":[{"name":"wp","href":"https:\/\/api.w.org\/{rel}","templated":true}]}}