{"id":148584,"date":"2025-12-18T00:54:39","date_gmt":"2025-12-17T21:54:39","guid":{"rendered":"https:\/\/baldumarket.lt\/?post_type=product&#038;p=148584"},"modified":"2026-02-03T23:34:55","modified_gmt":"2026-02-03T20:34:55","slug":"naroznik-elektryczny-seledo-mini-gr1","status":"publish","type":"product","link":"https:\/\/baldumarket.lt\/lt\/product\/naroznik-elektryczny-seledo-mini-gr1\/","title":{"rendered":"\u201eSeledo mini Gr1\u201c elektrin\u0117 kampin\u0117 sofa"},"content":{"rendered":"<h5><span style=\"color: #54859b\">Apsilankykite m\u016bs\u0173 virtualioje WERSAL prek\u0117s \u017eenklo parduotuv\u0117je<\/span><\/h5>\n<p> <a href=\"https:\/\/my.matterport.com\/show\/?m=SjRhosZFbQJ\" target=\"_blank\" rel=\"noopener\"><span style=\"color: #e47025\">https:\/\/my.matterport.com\/<\/span><\/a><\/p>\n<p>\u201eSeledo Mini\u201c elektrin\u0117 kampin\u0117 sofa \u2013 tai modernus sprendimas, kuriame derinamas minimalistinis dizainas ir i\u0161skirtinis funkcionalumas. Ji turi elektrin\u012f atlo\u0161o reguliavim\u0105, miegojimo funkcij\u0105 (212 x 118 cm) ir reguliuojam\u0105 s\u0117dyn\u0117s gyl\u012f, tod\u0117l u\u017etikrina individualiems poreikiams pritaikyt\u0105 komfort\u0105. Laisvos u\u017etrauktukais u\u017esegamos pagalv\u0117l\u0117s, subtilios si\u016bl\u0117s ir 17 cm metalin\u0117s kojel\u0117s suteikia jai eleganti\u0161k\u0105 charakter\u012f. Jos konstrukcija, paremta vingiuotomis spyruokl\u0117mis ir didelio elastingumo putomis, garantuoja patvarum\u0105 ir komfort\u0105 ilgus metus, o apmu\u0161tas atlo\u0161as leid\u017eia lanks\u010diai i\u0161d\u0117styti sof\u0105 bet kurioje svetain\u0117je.<\/p>","protected":false},"excerpt":{"rendered":"<p>Forma: L<br \/>\nKampin\u0117 pus\u0117: Kair\u0117<br \/>\nKampin\u0117 pus\u0117: De\u0161in\u0117<br \/>\nPlotis: 284 cm<br \/>\nGylis: 125 cm<br \/>\nAuk\u0161tis: 88 cm<br \/>\nS\u0117dyn\u0117s auk\u0161tis: 45 cm<br \/>\nOsmano s\u0117dyn\u0117s gylis: 118\/131\/156 cm<br \/>\nOsmano plotis: 123 cm<br \/>\nKojos auk\u0161tis: 17 cm<br \/>\nKoj\u0173 spalva: juoda<br \/>\nKoj\u0173 med\u017eiaga: metalas<br \/>\nSvoris: 159 kg<\/p>","protected":false},"featured_media":148632,"comment_status":"open","ping_status":"closed","template":"","meta":[],"product_brand":[],"product_cat":[9386,616,1983,4104],"product_tag":[],"class_list":{"0":"post-148584","1":"product","2":"type-product","3":"status-publish","4":"has-post-thumbnail","6":"product_cat-avangarde-wersal-upholstered-furniture","7":"product_cat-corners","8":"product_cat-corners-l","9":"product_cat-wersal","11":"first","12":"instock","13":"shipping-taxable","14":"purchasable","15":"product-type-variable","16":"wvs-archive-product-wrapper"},"_links":{"self":[{"href":"https:\/\/baldumarket.lt\/lt\/wp-json\/wp\/v2\/product\/148584","targetHints":{"allow":["GET"]}}],"collection":[{"href":"https:\/\/baldumarket.lt\/lt\/wp-json\/wp\/v2\/product"}],"about":[{"href":"https:\/\/baldumarket.lt\/lt\/wp-json\/wp\/v2\/types\/product"}],"replies":[{"embeddable":true,"href":"https:\/\/baldumarket.lt\/lt\/wp-json\/wp\/v2\/comments?post=148584"}],"wp:featuredmedia":[{"embeddable":true,"href":"https:\/\/baldumarket.lt\/lt\/wp-json\/wp\/v2\/media\/148632"}],"wp:attachment":[{"href":"https:\/\/baldumarket.lt\/lt\/wp-json\/wp\/v2\/media?parent=148584"}],"wp:term":[{"taxonomy":"product_brand","embeddable":true,"href":"https:\/\/baldumarket.lt\/lt\/wp-json\/wp\/v2\/product_brand?post=148584"},{"taxonomy":"product_cat","embeddable":true,"href":"https:\/\/baldumarket.lt\/lt\/wp-json\/wp\/v2\/product_cat?post=148584"},{"taxonomy":"product_tag","embeddable":true,"href":"https:\/\/baldumarket.lt\/lt\/wp-json\/wp\/v2\/product_tag?post=148584"}],"curies":[{"name":"wp","href":"https:\/\/api.w.org\/{rel}","templated":true}]}}