{"id":148562,"date":"2025-12-18T00:52:21","date_gmt":"2025-12-17T21:52:21","guid":{"rendered":"https:\/\/baldumarket.lt\/?post_type=product&#038;p=148562"},"modified":"2026-02-03T23:34:55","modified_gmt":"2026-02-03T20:34:55","slug":"naroznik-selva-l-gr1","status":"publish","type":"product","link":"https:\/\/baldumarket.lt\/lt\/product\/naroznik-selva-l-gr1\/","title":{"rendered":"Selva L Gr1 kampin\u0117 sofa"},"content":{"rendered":"<h5><span style=\"color: #54859b\">Apsilankykite m\u016bs\u0173 virtualioje WERSAL prek\u0117s \u017eenklo parduotuv\u0117je<\/span><\/h5>\n<p> <a href=\"https:\/\/my.matterport.com\/show\/?m=SjRhosZFbQJ\" target=\"_blank\" rel=\"noopener\"><span style=\"color: #e47025\">https:\/\/my.matterport.com\/<\/span><\/a><\/p>\n<p>\u201eSelva L\u201c kampin\u0117 sofa \u2013 tai tobulas modernaus stiliaus, komforto ir funkcionalumo derinys. Paprastas, eleganti\u0161kas dizainas ir auk\u0161tos kokyb\u0117s med\u017eiagos puikiai tinka bet kuriai moderniai svetainei. Sofa turi miegojimo funkcij\u0105 (122 x 190 cm) ir patalyn\u0117s skyri\u0173 (212 x 87 x 16 cm), tod\u0117l kasdienio poilsio patogumas derinamas su prakti\u0161kumu. Reguliuojamos galvos atramos ir porankiai leid\u017eia individualiai pritaikyti sofos pad\u0117t\u012f, u\u017etikrinant visi\u0161k\u0105 atsipalaidavim\u0105.<\/p>","protected":false},"excerpt":{"rendered":"<p>Forma: L<br \/>\nKampin\u0117 pus\u0117: Kair\u0117<br \/>\nKampin\u0117 pus\u0117: De\u0161in\u0117<br \/>\nPlotis: 263 cm<br \/>\nGylis: 97 cm<br \/>\nAuk\u0161tis: 75 cm<br \/>\nS\u0117dyn\u0117s auk\u0161tis: 45 cm<br \/>\nOsmano s\u0117dyn\u0117s gylis: 182 cm<br \/>\nOsmano plotis: 98 cm<br \/>\nKojos auk\u0161tis: 10 cm<br \/>\nKoj\u0173 spalva: matin\u0117 juoda<br \/>\nKoj\u0173 med\u017eiaga: metalas<br \/>\nKonteinerio matmenys: 212 x 87 x 16 cm<\/p>","protected":false},"featured_media":148614,"comment_status":"open","ping_status":"closed","template":"","meta":[],"product_brand":[],"product_cat":[9386,616,1983,4104],"product_tag":[],"class_list":{"0":"post-148562","1":"product","2":"type-product","3":"status-publish","4":"has-post-thumbnail","6":"product_cat-avangarde-wersal-upholstered-furniture","7":"product_cat-corners","8":"product_cat-corners-l","9":"product_cat-wersal","11":"first","12":"instock","13":"shipping-taxable","14":"purchasable","15":"product-type-variable","16":"wvs-archive-product-wrapper"},"_links":{"self":[{"href":"https:\/\/baldumarket.lt\/lt\/wp-json\/wp\/v2\/product\/148562","targetHints":{"allow":["GET"]}}],"collection":[{"href":"https:\/\/baldumarket.lt\/lt\/wp-json\/wp\/v2\/product"}],"about":[{"href":"https:\/\/baldumarket.lt\/lt\/wp-json\/wp\/v2\/types\/product"}],"replies":[{"embeddable":true,"href":"https:\/\/baldumarket.lt\/lt\/wp-json\/wp\/v2\/comments?post=148562"}],"wp:featuredmedia":[{"embeddable":true,"href":"https:\/\/baldumarket.lt\/lt\/wp-json\/wp\/v2\/media\/148614"}],"wp:attachment":[{"href":"https:\/\/baldumarket.lt\/lt\/wp-json\/wp\/v2\/media?parent=148562"}],"wp:term":[{"taxonomy":"product_brand","embeddable":true,"href":"https:\/\/baldumarket.lt\/lt\/wp-json\/wp\/v2\/product_brand?post=148562"},{"taxonomy":"product_cat","embeddable":true,"href":"https:\/\/baldumarket.lt\/lt\/wp-json\/wp\/v2\/product_cat?post=148562"},{"taxonomy":"product_tag","embeddable":true,"href":"https:\/\/baldumarket.lt\/lt\/wp-json\/wp\/v2\/product_tag?post=148562"}],"curies":[{"name":"wp","href":"https:\/\/api.w.org\/{rel}","templated":true}]}}