{"id":148534,"date":"2025-12-18T00:49:47","date_gmt":"2025-12-17T21:49:47","guid":{"rendered":"https:\/\/baldumarket.lt\/?post_type=product&#038;p=148534"},"modified":"2026-02-03T23:34:56","modified_gmt":"2026-02-03T20:34:56","slug":"naroznik-capitol-gr1","status":"publish","type":"product","link":"https:\/\/baldumarket.lt\/lt\/product\/naroznik-capitol-gr1\/","title":{"rendered":"Kapitolijaus Gr1 kampas"},"content":{"rendered":"<h5><span style=\"color: #54859b\">Apsilankykite m\u016bs\u0173 virtualioje WERSAL prek\u0117s \u017eenklo parduotuv\u0117je<\/span><\/h5>\n<p> <a href=\"https:\/\/my.matterport.com\/show\/?m=SjRhosZFbQJ\" target=\"_blank\" rel=\"noopener\"><span style=\"color: #e47025\">https:\/\/my.matterport.com\/<\/span><\/a><\/p>\n<p>Kampin\u0117 sofa \u201eCapitol\u201c apjungia modern\u0173 elegancij\u0105, auk\u0161t\u0105 komfort\u0105 ir kasdien\u012f funkcionalum\u0105. \u0160is modelis turi 134\/143 x 218 cm dyd\u017eio miegojimo funkcij\u0105 ir prakti\u0161k\u0105 patalyn\u0117s skyri\u0173, tod\u0117l idealiai tinka svetain\u0117ms, kuriose svarbi ir estetika, ir komfortas. Auk\u0161tos 17 cm metalin\u0117s kojel\u0117s, u\u017etrauktukais u\u017esegamos pagalv\u0117l\u0117s, vingiuotos spyruokl\u0117s ir N30\/N2130 putplastis garantuoja \u201eCapitol\u201c patvarum\u0105, komfort\u0105 ir lengv\u0105 valym\u0105. \u0160i kampin\u0117 sofa puikiai der\u0117s prie modernaus, minimalistinio ir klasikinio interjero.<\/p>","protected":false},"excerpt":{"rendered":"<p>Forma: L<br \/>\nKampin\u0117 pus\u0117: Kair\u0117<br \/>\nKampin\u0117 pus\u0117: De\u0161in\u0117<br \/>\nPlotis: 276 cm<br \/>\nGylis: 105 cm<br \/>\nAuk\u0161tis: 89 cm<br \/>\nS\u0117dyn\u0117s auk\u0161tis: 47 cm<br \/>\nOsmano plotis: 119 cm<br \/>\nOsmano gylis: 156\/129 cm<br \/>\nKojos auk\u0161tis: 17 cm<br \/>\nKoj\u0173 spalva: juoda<br \/>\nKoj\u0173 med\u017eiaga: metalas<br \/>\nKonteinerio matmenys: 128,5 x 63 x 13,5 cm<\/p>","protected":false},"featured_media":148585,"comment_status":"open","ping_status":"closed","template":"","meta":[],"product_brand":[],"product_cat":[9386,616,1983,4104],"product_tag":[],"class_list":{"0":"post-148534","1":"product","2":"type-product","3":"status-publish","4":"has-post-thumbnail","6":"product_cat-avangarde-wersal-upholstered-furniture","7":"product_cat-corners","8":"product_cat-corners-l","9":"product_cat-wersal","11":"first","12":"instock","13":"shipping-taxable","14":"purchasable","15":"product-type-variable","16":"wvs-archive-product-wrapper"},"_links":{"self":[{"href":"https:\/\/baldumarket.lt\/lt\/wp-json\/wp\/v2\/product\/148534","targetHints":{"allow":["GET"]}}],"collection":[{"href":"https:\/\/baldumarket.lt\/lt\/wp-json\/wp\/v2\/product"}],"about":[{"href":"https:\/\/baldumarket.lt\/lt\/wp-json\/wp\/v2\/types\/product"}],"replies":[{"embeddable":true,"href":"https:\/\/baldumarket.lt\/lt\/wp-json\/wp\/v2\/comments?post=148534"}],"wp:featuredmedia":[{"embeddable":true,"href":"https:\/\/baldumarket.lt\/lt\/wp-json\/wp\/v2\/media\/148585"}],"wp:attachment":[{"href":"https:\/\/baldumarket.lt\/lt\/wp-json\/wp\/v2\/media?parent=148534"}],"wp:term":[{"taxonomy":"product_brand","embeddable":true,"href":"https:\/\/baldumarket.lt\/lt\/wp-json\/wp\/v2\/product_brand?post=148534"},{"taxonomy":"product_cat","embeddable":true,"href":"https:\/\/baldumarket.lt\/lt\/wp-json\/wp\/v2\/product_cat?post=148534"},{"taxonomy":"product_tag","embeddable":true,"href":"https:\/\/baldumarket.lt\/lt\/wp-json\/wp\/v2\/product_tag?post=148534"}],"curies":[{"name":"wp","href":"https:\/\/api.w.org\/{rel}","templated":true}]}}