{"id":148527,"date":"2025-12-18T00:49:02","date_gmt":"2025-12-17T21:49:02","guid":{"rendered":"https:\/\/baldumarket.lt\/?post_type=product&#038;p=148527"},"modified":"2026-02-03T23:34:56","modified_gmt":"2026-02-03T20:34:56","slug":"naroznik-fiore-gr1","status":"publish","type":"product","link":"https:\/\/baldumarket.lt\/lt\/product\/naroznik-fiore-gr1\/","title":{"rendered":"Fiore Gr1 kampin\u0117 sofa"},"content":{"rendered":"<h5><span style=\"color: #54859b\">Apsilankykite m\u016bs\u0173 virtualioje WERSAL prek\u0117s \u017eenklo parduotuv\u0117je<\/span><\/h5>\n<p> <a href=\"https:\/\/my.matterport.com\/show\/?m=SjRhosZFbQJ\" target=\"_blank\" rel=\"noopener\"><span style=\"color: #e47025\">https:\/\/my.matterport.com\/<\/span><\/a><\/p>\n<p>\u201eFiore\u201c kampin\u0117 sofa \u2013 tai unikalus modernaus dizaino, elegancijos ir funkcionalumo derinys. I\u0161skirtinis apvalus pufas suteikia jai unikal\u0173 stili\u0173, o audini\u0173 pasirinkimas \u2013 \u012fskaitant madingus bukl\u0117s ir pintus audinius \u2013 leid\u017eia j\u0105 papildyti bet kok\u012f interjer\u0105. \u0160is modelis turi 135 x 215 cm miegojimo funkcij\u0105 ir patalyn\u0117s skyri\u0173, tod\u0117l puikiai tinka tiek kasdieniam naudojimui, tiek sve\u010di\u0173 pri\u0117mimui.<\/p>","protected":false},"excerpt":{"rendered":"<p>Forma: L<br \/>\nKampin\u0117 pus\u0117: De\u0161in\u0117<br \/>\nKampin\u0117 pus\u0117: Kair\u0117<br \/>\nPlotis: 284 cm<br \/>\nGylis: 108 cm<br \/>\nAuk\u0161tis: 82 cm<br \/>\nS\u0117dyn\u0117s auk\u0161tis: 44 cm<br \/>\nOsmano s\u0117dyn\u0117s plotis: 116 cm<br \/>\nOsmano s\u0117dyn\u0117s gylis: 146\/164 cm<br \/>\nKojos auk\u0161tis: 2,5 cm<br \/>\nKoj\u0173 spalva: juoda<br \/>\nKojos apdaila: slysta<br \/>\nKonteinerio matmenys: 21 x 112 x 61 cm<\/p>","protected":false},"featured_media":148574,"comment_status":"open","ping_status":"closed","template":"","meta":[],"product_brand":[],"product_cat":[9386,616,1983,4104],"product_tag":[],"class_list":{"0":"post-148527","1":"product","2":"type-product","3":"status-publish","4":"has-post-thumbnail","6":"product_cat-avangarde-wersal-upholstered-furniture","7":"product_cat-corners","8":"product_cat-corners-l","9":"product_cat-wersal","11":"first","12":"instock","13":"shipping-taxable","14":"purchasable","15":"product-type-variable","16":"wvs-archive-product-wrapper"},"_links":{"self":[{"href":"https:\/\/baldumarket.lt\/lt\/wp-json\/wp\/v2\/product\/148527","targetHints":{"allow":["GET"]}}],"collection":[{"href":"https:\/\/baldumarket.lt\/lt\/wp-json\/wp\/v2\/product"}],"about":[{"href":"https:\/\/baldumarket.lt\/lt\/wp-json\/wp\/v2\/types\/product"}],"replies":[{"embeddable":true,"href":"https:\/\/baldumarket.lt\/lt\/wp-json\/wp\/v2\/comments?post=148527"}],"wp:featuredmedia":[{"embeddable":true,"href":"https:\/\/baldumarket.lt\/lt\/wp-json\/wp\/v2\/media\/148574"}],"wp:attachment":[{"href":"https:\/\/baldumarket.lt\/lt\/wp-json\/wp\/v2\/media?parent=148527"}],"wp:term":[{"taxonomy":"product_brand","embeddable":true,"href":"https:\/\/baldumarket.lt\/lt\/wp-json\/wp\/v2\/product_brand?post=148527"},{"taxonomy":"product_cat","embeddable":true,"href":"https:\/\/baldumarket.lt\/lt\/wp-json\/wp\/v2\/product_cat?post=148527"},{"taxonomy":"product_tag","embeddable":true,"href":"https:\/\/baldumarket.lt\/lt\/wp-json\/wp\/v2\/product_tag?post=148527"}],"curies":[{"name":"wp","href":"https:\/\/api.w.org\/{rel}","templated":true}]}}