{"id":148507,"date":"2025-12-18T00:47:26","date_gmt":"2025-12-17T21:47:26","guid":{"rendered":"https:\/\/baldumarket.lt\/?post_type=product&#038;p=148507"},"modified":"2026-02-03T23:34:56","modified_gmt":"2026-02-03T20:34:56","slug":"naroznik-lugo-gr1","status":"publish","type":"product","link":"https:\/\/baldumarket.lt\/lt\/product\/naroznik-lugo-gr1\/","title":{"rendered":"Lugo Gr1 kampin\u0117 sofa"},"content":{"rendered":"<h5><span style=\"color: #54859b\">Apsilankykite m\u016bs\u0173 virtualioje WERSAL prek\u0117s \u017eenklo parduotuv\u0117je<\/span><\/h5>\n<p> <a href=\"https:\/\/my.matterport.com\/show\/?m=SjRhosZFbQJ\" target=\"_blank\" rel=\"noopener\"><span style=\"color: #e47025\">https:\/\/my.matterport.com\/<\/span><\/a><\/p>\n<p>\u201eLugo\u201c kampin\u0117 sofa i\u0161 \u201eSimple\u201c kolekcijos \u2013 idealus sprendimas ma\u017eesn\u0117ms svetain\u0117ms, kuriose svarbiausia minimalistinis dizainas, funkcionalumas ir lengva forma. Moderni forma, mading\u0173 audini\u0173 pasirinkimas \u2013 \u012fskaitant austinius ir bukl\u0117 \u2013 ir auk\u0161tos metalin\u0117s kojel\u0117s suteikia jai unikal\u0173 charakter\u012f. \u0160is modelis turi miegojimo funkcij\u0105 su automatine DL funkcija, patalyn\u0117s saugykl\u0105 ir patogi\u0105 s\u0117dyn\u0119, pagamint\u0105 i\u0161 HR put\u0173 ir vingiuot\u0173 spyruokli\u0173, u\u017etikrinan\u010di\u0173 komfort\u0105 tiek dien\u0105, tiek nakt\u012f.<\/p>","protected":false},"excerpt":{"rendered":"<p>Forma: L<br \/>\nKampin\u0117 pus\u0117: Kair\u0117<br \/>\nKampin\u0117 pus\u0117: De\u0161in\u0117<br \/>\nPlotis: 245 cm<br \/>\nGylis: 98 cm<br \/>\nAuk\u0161tis: 84 cm<br \/>\nS\u0117dyn\u0117s auk\u0161tis: 46,5 cm<br \/>\nOsmano plotis: 107 cm<br \/>\nOsmano gylis: 118\/144 cm<br \/>\nKojos auk\u0161tis: 17 cm<br \/>\nKoj\u0173 spalva: juoda<br \/>\nKoj\u0173 med\u017eiaga: metalas<br \/>\nKonteinerio matmenys: 118 x 61 x 13,5 cm<\/p>","protected":false},"featured_media":148551,"comment_status":"open","ping_status":"closed","template":"","meta":[],"product_brand":[],"product_cat":[9386,616,1983,4104],"product_tag":[],"class_list":{"0":"post-148507","1":"product","2":"type-product","3":"status-publish","4":"has-post-thumbnail","6":"product_cat-avangarde-wersal-upholstered-furniture","7":"product_cat-corners","8":"product_cat-corners-l","9":"product_cat-wersal","11":"first","12":"instock","13":"shipping-taxable","14":"purchasable","15":"product-type-variable","16":"wvs-archive-product-wrapper"},"_links":{"self":[{"href":"https:\/\/baldumarket.lt\/lt\/wp-json\/wp\/v2\/product\/148507","targetHints":{"allow":["GET"]}}],"collection":[{"href":"https:\/\/baldumarket.lt\/lt\/wp-json\/wp\/v2\/product"}],"about":[{"href":"https:\/\/baldumarket.lt\/lt\/wp-json\/wp\/v2\/types\/product"}],"replies":[{"embeddable":true,"href":"https:\/\/baldumarket.lt\/lt\/wp-json\/wp\/v2\/comments?post=148507"}],"wp:featuredmedia":[{"embeddable":true,"href":"https:\/\/baldumarket.lt\/lt\/wp-json\/wp\/v2\/media\/148551"}],"wp:attachment":[{"href":"https:\/\/baldumarket.lt\/lt\/wp-json\/wp\/v2\/media?parent=148507"}],"wp:term":[{"taxonomy":"product_brand","embeddable":true,"href":"https:\/\/baldumarket.lt\/lt\/wp-json\/wp\/v2\/product_brand?post=148507"},{"taxonomy":"product_cat","embeddable":true,"href":"https:\/\/baldumarket.lt\/lt\/wp-json\/wp\/v2\/product_cat?post=148507"},{"taxonomy":"product_tag","embeddable":true,"href":"https:\/\/baldumarket.lt\/lt\/wp-json\/wp\/v2\/product_tag?post=148507"}],"curies":[{"name":"wp","href":"https:\/\/api.w.org\/{rel}","templated":true}]}}