{"id":148497,"date":"2025-12-18T00:46:39","date_gmt":"2025-12-17T21:46:39","guid":{"rendered":"https:\/\/baldumarket.lt\/?post_type=product&#038;p=148497"},"modified":"2026-02-03T23:34:56","modified_gmt":"2026-02-03T20:34:56","slug":"naroznik-matano-gr1","status":"publish","type":"product","link":"https:\/\/baldumarket.lt\/lt\/product\/naroznik-matano-gr1\/","title":{"rendered":"Matano Gr1 kampin\u0117 sofa"},"content":{"rendered":"<h5><span style=\"color: #54859b\">Apsilankykite m\u016bs\u0173 virtualioje WERSAL prek\u0117s \u017eenklo parduotuv\u0117je<\/span><\/h5>\n<p> <a href=\"https:\/\/my.matterport.com\/show\/?m=SjRhosZFbQJ\" target=\"_blank\" rel=\"noopener\"><span style=\"color: #e47025\">https:\/\/my.matterport.com\/<\/span><\/a><\/p>\n<p>\u201eMatano\u201c kampin\u0117 sofa i\u0161 \u201eSimple\u201c kolekcijos \u2013 puikus pasirinkimas ie\u0161kantiems minimalistinio dizaino ir auk\u0161to funkcionalumo derinio. Paprastos linijos, eleganti\u0161ka forma ir mading\u0173 audini\u0173 pasirinkimas \u2013 \u012fskaitant bukl\u0119 ir pintus ra\u0161tus \u2013 daro \u201eMatano\u201c puikiai tinkan\u010di\u0105 tiek moderniam, tiek klasikiniam interjerui. Su 225 x 129 cm miegojimo funkcija ir patalyn\u0117s skyriumi \u0161is modelis u\u017etikrina kasdien\u012f komfort\u0105, o auk\u0161tos 17 cm metalin\u0117s kojel\u0117s suteikia lengvumo ir palengvina valym\u0105.<\/p>","protected":false},"excerpt":{"rendered":"<p>Forma: L<br \/>\nKampin\u0117 pus\u0117: Kair\u0117<br \/>\nKampin\u0117 pus\u0117: De\u0161in\u0117<br \/>\nPlotis: 270 cm<br \/>\nGylis: 103 cm<br \/>\nAuk\u0161tis: 89 cm<br \/>\nS\u0117dyn\u0117s auk\u0161tis: 47,5 cm<br \/>\nOsmano plotis: 107 cm<br \/>\nOsmano gylis: 143\/116 cm<br \/>\nKojos auk\u0161tis: 17 cm<br \/>\nKoj\u0173 spalva: juoda<br \/>\nKoj\u0173 med\u017eiaga: metalas<br \/>\nKonteinerio matmenys: 135 x 62 x 14 cm<\/p>","protected":false},"featured_media":148543,"comment_status":"open","ping_status":"closed","template":"","meta":[],"product_brand":[],"product_cat":[9386,616,1983,4104],"product_tag":[],"class_list":{"0":"post-148497","1":"product","2":"type-product","3":"status-publish","4":"has-post-thumbnail","6":"product_cat-avangarde-wersal-upholstered-furniture","7":"product_cat-corners","8":"product_cat-corners-l","9":"product_cat-wersal","11":"first","12":"instock","13":"shipping-taxable","14":"purchasable","15":"product-type-variable","16":"wvs-archive-product-wrapper"},"_links":{"self":[{"href":"https:\/\/baldumarket.lt\/lt\/wp-json\/wp\/v2\/product\/148497","targetHints":{"allow":["GET"]}}],"collection":[{"href":"https:\/\/baldumarket.lt\/lt\/wp-json\/wp\/v2\/product"}],"about":[{"href":"https:\/\/baldumarket.lt\/lt\/wp-json\/wp\/v2\/types\/product"}],"replies":[{"embeddable":true,"href":"https:\/\/baldumarket.lt\/lt\/wp-json\/wp\/v2\/comments?post=148497"}],"wp:featuredmedia":[{"embeddable":true,"href":"https:\/\/baldumarket.lt\/lt\/wp-json\/wp\/v2\/media\/148543"}],"wp:attachment":[{"href":"https:\/\/baldumarket.lt\/lt\/wp-json\/wp\/v2\/media?parent=148497"}],"wp:term":[{"taxonomy":"product_brand","embeddable":true,"href":"https:\/\/baldumarket.lt\/lt\/wp-json\/wp\/v2\/product_brand?post=148497"},{"taxonomy":"product_cat","embeddable":true,"href":"https:\/\/baldumarket.lt\/lt\/wp-json\/wp\/v2\/product_cat?post=148497"},{"taxonomy":"product_tag","embeddable":true,"href":"https:\/\/baldumarket.lt\/lt\/wp-json\/wp\/v2\/product_tag?post=148497"}],"curies":[{"name":"wp","href":"https:\/\/api.w.org\/{rel}","templated":true}]}}