{"id":148487,"date":"2025-12-18T00:45:49","date_gmt":"2025-12-17T21:45:49","guid":{"rendered":"https:\/\/baldumarket.lt\/?post_type=product&#038;p=148487"},"modified":"2026-02-03T23:34:56","modified_gmt":"2026-02-03T20:34:56","slug":"naroznik-monte-gr1","status":"publish","type":"product","link":"https:\/\/baldumarket.lt\/lt\/product\/naroznik-monte-gr1\/","title":{"rendered":"Monte Gr1 kampin\u0117 sofa"},"content":{"rendered":"<h5><span style=\"color: #54859b\">Apsilankykite m\u016bs\u0173 virtualioje WERSAL prek\u0117s \u017eenklo parduotuv\u0117je<\/span><\/h5>\n<p> <a href=\"https:\/\/my.matterport.com\/show\/?m=SjRhosZFbQJ\" target=\"_blank\" rel=\"noopener\"><span style=\"color: #e47025\">https:\/\/my.matterport.com\/<\/span><\/a><\/p>\n<p>\u201eSimple\u201c kolekcijos kampin\u0117 sofa \u201eMonte\u201c \u2013 puikus pasirinkimas tiems, kurie vertina modern\u0173 minimalizm\u0105 ir maksimal\u0173 komfort\u0105. Subtili forma, apvalios linijos ir audini\u0173 pasirinkimas \u2013 \u012fskaitant madingus bukl\u0117s ir pintus ra\u0161tus \u2013 daro \u201eMonte\u201c puikiai tinkan\u010di\u0105 bet kokiam interjerui. Tur\u0117dama 135 x 235 cm miegojimo funkcij\u0105, prakti\u0161k\u0105 patalyn\u0117s skyri\u0173 ir auk\u0161tas 14 cm medines kojeles, \u0161i kampin\u0117 sofa sujungia elegancij\u0105, funkcionalum\u0105 ir kasdien\u012f komfort\u0105.<\/p>","protected":false},"excerpt":{"rendered":"<p>Forma: L<br \/>\nKampin\u0117 pus\u0117: Kair\u0117<br \/>\nKampin\u0117 pus\u0117: De\u0161in\u0117<br \/>\nPlotis: 283 cm<br \/>\nGylis: 110 cm<br \/>\nAuk\u0161tis: 90 cm<br \/>\nS\u0117dyn\u0117s auk\u0161tis: 50 cm<br \/>\nOsmano plotis: 142 cm<br \/>\nOsmano gylis: 124\/138\/161 cm<br \/>\nKojos auk\u0161tis: 14 cm<br \/>\nKoj\u0173 spalva: mediena<br \/>\nKoj\u0173 med\u017eiaga: mediena<br \/>\nKonteinerio matmenys: 62 x 14 x 126 cm<\/p>","protected":false},"featured_media":148535,"comment_status":"open","ping_status":"closed","template":"","meta":[],"product_brand":[],"product_cat":[9386,616,1983,4104],"product_tag":[],"class_list":{"0":"post-148487","1":"product","2":"type-product","3":"status-publish","4":"has-post-thumbnail","6":"product_cat-avangarde-wersal-upholstered-furniture","7":"product_cat-corners","8":"product_cat-corners-l","9":"product_cat-wersal","11":"first","12":"instock","13":"shipping-taxable","14":"purchasable","15":"product-type-variable","16":"wvs-archive-product-wrapper"},"_links":{"self":[{"href":"https:\/\/baldumarket.lt\/lt\/wp-json\/wp\/v2\/product\/148487","targetHints":{"allow":["GET"]}}],"collection":[{"href":"https:\/\/baldumarket.lt\/lt\/wp-json\/wp\/v2\/product"}],"about":[{"href":"https:\/\/baldumarket.lt\/lt\/wp-json\/wp\/v2\/types\/product"}],"replies":[{"embeddable":true,"href":"https:\/\/baldumarket.lt\/lt\/wp-json\/wp\/v2\/comments?post=148487"}],"wp:featuredmedia":[{"embeddable":true,"href":"https:\/\/baldumarket.lt\/lt\/wp-json\/wp\/v2\/media\/148535"}],"wp:attachment":[{"href":"https:\/\/baldumarket.lt\/lt\/wp-json\/wp\/v2\/media?parent=148487"}],"wp:term":[{"taxonomy":"product_brand","embeddable":true,"href":"https:\/\/baldumarket.lt\/lt\/wp-json\/wp\/v2\/product_brand?post=148487"},{"taxonomy":"product_cat","embeddable":true,"href":"https:\/\/baldumarket.lt\/lt\/wp-json\/wp\/v2\/product_cat?post=148487"},{"taxonomy":"product_tag","embeddable":true,"href":"https:\/\/baldumarket.lt\/lt\/wp-json\/wp\/v2\/product_tag?post=148487"}],"curies":[{"name":"wp","href":"https:\/\/api.w.org\/{rel}","templated":true}]}}