{"id":148477,"date":"2025-12-18T00:45:00","date_gmt":"2025-12-17T21:45:00","guid":{"rendered":"https:\/\/baldumarket.lt\/?post_type=product&#038;p=148477"},"modified":"2026-02-03T23:34:56","modified_gmt":"2026-02-03T20:34:56","slug":"naroznik-solano-gr1","status":"publish","type":"product","link":"https:\/\/baldumarket.lt\/lt\/product\/naroznik-solano-gr1\/","title":{"rendered":"Solano Gr1 kampin\u0117 sofa"},"content":{"rendered":"<h5><span style=\"color: #54859b\">Apsilankykite m\u016bs\u0173 virtualioje WERSAL prek\u0117s \u017eenklo parduotuv\u0117je<\/span><\/h5>\n<p> <a href=\"https:\/\/my.matterport.com\/show\/?m=SjRhosZFbQJ\" target=\"_blank\" rel=\"noopener\"><span style=\"color: #e47025\">https:\/\/my.matterport.com\/<\/span><\/a><\/p>\n<p>\u201eSolano\u201c kampin\u0117 sofa i\u0161 \u201eSimple\u201c kolekcijos puikiai tinka tiems, kurie nori derinti modern\u0173 stili\u0173 su komfortu ir funkcionalumu. Subtilios linijos, eleganti\u0161kos 16 cm tekintos medin\u0117s kojel\u0117s ir platus audini\u0173 pasirinkimas paver\u010dia \u201eSolano New\u201c tobulu bet kokio interjero papildymu. Tur\u0117dama 230 x 128\/142 cm miegojimo funkcij\u0105 ir prakti\u0161k\u0105 patalyn\u0117s skyri\u0173, kampin\u0117 sofa suteikia komforto tiek kasdien, tiek sve\u010diams atvykus.<\/p>","protected":false},"excerpt":{"rendered":"<p>Forma: L<br \/>\nKampin\u0117 pus\u0117: Kair\u0117<br \/>\nKampin\u0117 pus\u0117: De\u0161in\u0117<br \/>\nPlotis: 260 cm<br \/>\nGylis: 100 cm<br \/>\nAuk\u0161tis: 83 cm<br \/>\nS\u0117dyn\u0117s auk\u0161tis: 45 cm<br \/>\nOsmano plotis: 112 cm<br \/>\nPufo gylis: be pagalv\u0117li\u0173: 146 cm<br \/>\nOsmano gylis: 120 cm<br \/>\nKojos auk\u0161tis: 16 cm<br \/>\nKoj\u0173 spalva: juoda<br \/>\nKoj\u0173 med\u017eiaga: mediena<\/p>","protected":false},"featured_media":148528,"comment_status":"open","ping_status":"closed","template":"","meta":[],"product_brand":[],"product_cat":[9386,616,1983,4104],"product_tag":[],"class_list":{"0":"post-148477","1":"product","2":"type-product","3":"status-publish","4":"has-post-thumbnail","6":"product_cat-avangarde-wersal-upholstered-furniture","7":"product_cat-corners","8":"product_cat-corners-l","9":"product_cat-wersal","11":"first","12":"instock","13":"shipping-taxable","14":"purchasable","15":"product-type-variable","16":"wvs-archive-product-wrapper"},"_links":{"self":[{"href":"https:\/\/baldumarket.lt\/lt\/wp-json\/wp\/v2\/product\/148477","targetHints":{"allow":["GET"]}}],"collection":[{"href":"https:\/\/baldumarket.lt\/lt\/wp-json\/wp\/v2\/product"}],"about":[{"href":"https:\/\/baldumarket.lt\/lt\/wp-json\/wp\/v2\/types\/product"}],"replies":[{"embeddable":true,"href":"https:\/\/baldumarket.lt\/lt\/wp-json\/wp\/v2\/comments?post=148477"}],"wp:featuredmedia":[{"embeddable":true,"href":"https:\/\/baldumarket.lt\/lt\/wp-json\/wp\/v2\/media\/148528"}],"wp:attachment":[{"href":"https:\/\/baldumarket.lt\/lt\/wp-json\/wp\/v2\/media?parent=148477"}],"wp:term":[{"taxonomy":"product_brand","embeddable":true,"href":"https:\/\/baldumarket.lt\/lt\/wp-json\/wp\/v2\/product_brand?post=148477"},{"taxonomy":"product_cat","embeddable":true,"href":"https:\/\/baldumarket.lt\/lt\/wp-json\/wp\/v2\/product_cat?post=148477"},{"taxonomy":"product_tag","embeddable":true,"href":"https:\/\/baldumarket.lt\/lt\/wp-json\/wp\/v2\/product_tag?post=148477"}],"curies":[{"name":"wp","href":"https:\/\/api.w.org\/{rel}","templated":true}]}}