{"id":148437,"date":"2025-12-18T00:41:42","date_gmt":"2025-12-17T21:41:42","guid":{"rendered":"https:\/\/baldumarket.lt\/?post_type=product&#038;p=148437"},"modified":"2026-02-03T23:34:57","modified_gmt":"2026-02-03T20:34:57","slug":"naroznik-storm-l-gr1","status":"publish","type":"product","link":"https:\/\/baldumarket.lt\/lt\/product\/naroznik-storm-l-gr1\/","title":{"rendered":"\u201eStorm L\u201c Gr1 kampin\u0117 sofa"},"content":{"rendered":"<h5><span style=\"color: #54859b\">Apsilankykite m\u016bs\u0173 virtualioje WERSAL prek\u0117s \u017eenklo parduotuv\u0117je<\/span><\/h5>\n<p> <a href=\"https:\/\/my.matterport.com\/show\/?m=SjRhosZFbQJ\" target=\"_blank\" rel=\"noopener\"><span style=\"color: #e47025\">https:\/\/my.matterport.com\/<\/span><\/a><\/p>\n<p>Kampin\u0117 sofa \u201eStorm L\u201c \u2013 tai modernus, funkcionalus modelis, skirtas vartotojams, reikalaujantiems did\u017eiausio komforto. I\u0161skirtin\u0117s jos savyb\u0117s: penkios reguliuojamos galvos atramos, stumdomas atlo\u0161as, 20 cm auk\u0161\u010dio metalin\u0117s kojel\u0117s ir pasirenkama elektrin\u0117 pakoja, kuri pakelia komfort\u0105 \u012f visi\u0161kai nauj\u0105 lyg\u012f. D\u0117l lengvos konstrukcijos ir apmu\u0161tos atlo\u0161o \u201eStorm L\u201c galima pastatyti bet kurioje svetain\u0117s vietoje, sukuriant tikrai eleganti\u0161k\u0105 poilsio erdv\u0119.<\/p>","protected":false},"excerpt":{"rendered":"<p>Forma: L<br \/>\nKampin\u0117 pus\u0117: De\u0161in\u0117<br \/>\nKampin\u0117 pus\u0117: Kair\u0117<br \/>\nPlotis: 286 cm<br \/>\nGylis: 231 cm<br \/>\nAuk\u0161tis: 92 cm<br \/>\nS\u0117dyn\u0117s auk\u0161tis: 47 cm<br \/>\nOsmano s\u0117dyn\u0117s gylis: 197\/177 cm<br \/>\nOsmano plotis: 106\/125 cm<br \/>\nKojos auk\u0161tis: 20 cm<br \/>\nKoj\u0173 spalva: juoda<br \/>\nKoj\u0173 med\u017eiaga: metalas<br \/>\nSvoris: 160 kg<\/p>","protected":false},"featured_media":148488,"comment_status":"open","ping_status":"closed","template":"","meta":[],"product_brand":[],"product_cat":[9386,616,1983,4104],"product_tag":[],"class_list":{"0":"post-148437","1":"product","2":"type-product","3":"status-publish","4":"has-post-thumbnail","6":"product_cat-avangarde-wersal-upholstered-furniture","7":"product_cat-corners","8":"product_cat-corners-l","9":"product_cat-wersal","11":"first","12":"instock","13":"shipping-taxable","14":"purchasable","15":"product-type-variable","16":"wvs-archive-product-wrapper"},"_links":{"self":[{"href":"https:\/\/baldumarket.lt\/lt\/wp-json\/wp\/v2\/product\/148437","targetHints":{"allow":["GET"]}}],"collection":[{"href":"https:\/\/baldumarket.lt\/lt\/wp-json\/wp\/v2\/product"}],"about":[{"href":"https:\/\/baldumarket.lt\/lt\/wp-json\/wp\/v2\/types\/product"}],"replies":[{"embeddable":true,"href":"https:\/\/baldumarket.lt\/lt\/wp-json\/wp\/v2\/comments?post=148437"}],"wp:featuredmedia":[{"embeddable":true,"href":"https:\/\/baldumarket.lt\/lt\/wp-json\/wp\/v2\/media\/148488"}],"wp:attachment":[{"href":"https:\/\/baldumarket.lt\/lt\/wp-json\/wp\/v2\/media?parent=148437"}],"wp:term":[{"taxonomy":"product_brand","embeddable":true,"href":"https:\/\/baldumarket.lt\/lt\/wp-json\/wp\/v2\/product_brand?post=148437"},{"taxonomy":"product_cat","embeddable":true,"href":"https:\/\/baldumarket.lt\/lt\/wp-json\/wp\/v2\/product_cat?post=148437"},{"taxonomy":"product_tag","embeddable":true,"href":"https:\/\/baldumarket.lt\/lt\/wp-json\/wp\/v2\/product_tag?post=148437"}],"curies":[{"name":"wp","href":"https:\/\/api.w.org\/{rel}","templated":true}]}}