{"id":148425,"date":"2025-12-18T00:40:33","date_gmt":"2025-12-17T21:40:33","guid":{"rendered":"https:\/\/baldumarket.lt\/?post_type=product&#038;p=148425"},"modified":"2026-02-03T23:34:57","modified_gmt":"2026-02-03T20:34:57","slug":"naroznik-storm-mini-gr1","status":"publish","type":"product","link":"https:\/\/baldumarket.lt\/lt\/product\/naroznik-storm-mini-gr1\/","title":{"rendered":"\u201eStorm\u201c mini Gr1 kampin\u0117 sofa"},"content":{"rendered":"<h5><span style=\"color: #54859b\">Apsilankykite m\u016bs\u0173 virtualioje WERSAL prek\u0117s \u017eenklo parduotuv\u0117je<\/span><\/h5>\n<p> <a href=\"https:\/\/my.matterport.com\/show\/?m=SjRhosZFbQJ\" target=\"_blank\" rel=\"noopener\"><span style=\"color: #e47025\">https:\/\/my.matterport.com\/<\/span><\/a><\/p>\n<p>Kampin\u0117 sofa \u201eStorm Mini\u201c \u2013 tai kompakti\u0161ka geriausiai parduodamos \u201eStorm\u201c serijos versija, skirta ma\u017eesn\u0117ms svetain\u0117ms, kur svarbiausias komfortas ir modernus vaizdas. \u0160is modelis pasi\u017eymi eleganti\u0161ku, lengvu dizainu ant 20 cm auk\u0161\u010dio metalini\u0173 kojeli\u0173, trimis reguliuojamais galvos atramomis ir pasirenkama elektrine koj\u0173 atrama, kuri padidina kasdienio poilsio komfort\u0105. \u201eStorm Mini\u201c derina funkcionalum\u0105, komfort\u0105 ir stili\u0173, sukurdama tobul\u0105 poilsio centr\u0105 bet kokiam interjerui.<\/p>","protected":false},"excerpt":{"rendered":"<p>Forma: L<br \/>\nKampin\u0117 pus\u0117: Kair\u0117<br \/>\nKampin\u0117 pus\u0117: De\u0161in\u0117<br \/>\nPlotis: 280 cm<br \/>\nGylis: 189 cm<br \/>\nAuk\u0161tis: 92 cm<br \/>\nS\u0117dyn\u0117s auk\u0161tis: 47 cm<br \/>\nOsmano plotis: 108 cm<br \/>\nOsmano gylis: 133\u2013153 cm<br \/>\nKojos auk\u0161tis: 20 cm<br \/>\nKoj\u0173 spalva: juoda<br \/>\nKoj\u0173 med\u017eiaga: metalas<br \/>\nSvoris: 138 kg<\/p>","protected":false},"featured_media":148478,"comment_status":"open","ping_status":"closed","template":"","meta":[],"product_brand":[],"product_cat":[9386,616,1983,4104],"product_tag":[],"class_list":{"0":"post-148425","1":"product","2":"type-product","3":"status-publish","4":"has-post-thumbnail","6":"product_cat-avangarde-wersal-upholstered-furniture","7":"product_cat-corners","8":"product_cat-corners-l","9":"product_cat-wersal","11":"first","12":"instock","13":"shipping-taxable","14":"purchasable","15":"product-type-variable","16":"wvs-archive-product-wrapper"},"_links":{"self":[{"href":"https:\/\/baldumarket.lt\/lt\/wp-json\/wp\/v2\/product\/148425","targetHints":{"allow":["GET"]}}],"collection":[{"href":"https:\/\/baldumarket.lt\/lt\/wp-json\/wp\/v2\/product"}],"about":[{"href":"https:\/\/baldumarket.lt\/lt\/wp-json\/wp\/v2\/types\/product"}],"replies":[{"embeddable":true,"href":"https:\/\/baldumarket.lt\/lt\/wp-json\/wp\/v2\/comments?post=148425"}],"wp:featuredmedia":[{"embeddable":true,"href":"https:\/\/baldumarket.lt\/lt\/wp-json\/wp\/v2\/media\/148478"}],"wp:attachment":[{"href":"https:\/\/baldumarket.lt\/lt\/wp-json\/wp\/v2\/media?parent=148425"}],"wp:term":[{"taxonomy":"product_brand","embeddable":true,"href":"https:\/\/baldumarket.lt\/lt\/wp-json\/wp\/v2\/product_brand?post=148425"},{"taxonomy":"product_cat","embeddable":true,"href":"https:\/\/baldumarket.lt\/lt\/wp-json\/wp\/v2\/product_cat?post=148425"},{"taxonomy":"product_tag","embeddable":true,"href":"https:\/\/baldumarket.lt\/lt\/wp-json\/wp\/v2\/product_tag?post=148425"}],"curies":[{"name":"wp","href":"https:\/\/api.w.org\/{rel}","templated":true}]}}